{"id":2064,"date":"2022-07-26T10:35:57","date_gmt":"2022-07-26T08:35:57","guid":{"rendered":"https:\/\/www.woodandwise.com\/chi-siamo\/"},"modified":"2022-10-13T09:31:51","modified_gmt":"2022-10-13T07:31:51","slug":"wer-wir-sind","status":"publish","type":"page","link":"https:\/\/www.woodandwise.com\/de\/wer-wir-sind\/","title":{"rendered":"Wer wir sind"},"content":{"rendered":"\t\t<div data-elementor-type=\"wp-page\" data-elementor-id=\"2064\" class=\"elementor elementor-2064 elementor-1224\">\n\t\t\t\t\t\t<section class=\"elementor-section elementor-top-section elementor-element elementor-element-ffec2fc padding-top-medium elementor-section-full_width elementor-section-height-default elementor-section-height-default\" data-id=\"ffec2fc\" data-element_type=\"section\" data-settings=\"{&quot;background_background&quot;:&quot;classic&quot;}\">\n\t\t\t\t\t\t<div class=\"elementor-container elementor-column-gap-default\">\n\t\t\t\t\t<div class=\"elementor-column elementor-col-100 elementor-top-column elementor-element elementor-element-0035b21\" data-id=\"0035b21\" data-element_type=\"column\">\n\t\t\t<div class=\"elementor-widget-wrap elementor-element-populated\">\n\t\t\t\t\t\t<div class=\"elementor-element elementor-element-d50490b alt-position-2 invert elementor-widget elementor-widget-shortcode\" data-id=\"d50490b\" data-element_type=\"widget\" id=\"breadcrumb\" data-widget_type=\"shortcode.default\">\n\t\t\t\t<div class=\"elementor-widget-container\">\n\t\t\t\t\t\t\t<div class=\"elementor-shortcode\"><span><span><a href=\"https:\/\/www.woodandwise.com\/de\/\">Homepage<\/a><\/span><\/span><\/div>\n\t\t\t\t\t\t<\/div>\n\t\t\t\t<\/div>\n\t\t\t\t<div class=\"elementor-element elementor-element-ab3c48b intro-heading elementor-widget elementor-widget-text-editor\" data-id=\"ab3c48b\" data-element_type=\"widget\" data-widget_type=\"text-editor.default\">\n\t\t\t\t<div class=\"elementor-widget-container\">\n\t\t\t\t\t\t\t\t\t<h1>WER WIR SIND<\/h1>\t\t\t\t\t\t\t\t<\/div>\n\t\t\t\t<\/div>\n\t\t\t\t\t<\/div>\n\t\t<\/div>\n\t\t\t\t\t<\/div>\n\t\t<\/section>\n\t\t\t\t<section class=\"elementor-section elementor-top-section elementor-element elementor-element-db707df elementor-section-boxed elementor-section-height-default elementor-section-height-default\" data-id=\"db707df\" data-element_type=\"section\" data-settings=\"{&quot;background_background&quot;:&quot;classic&quot;}\">\n\t\t\t\t\t\t<div class=\"elementor-container elementor-column-gap-default\">\n\t\t\t\t\t<div class=\"elementor-column elementor-col-100 elementor-top-column elementor-element elementor-element-1893723\" data-id=\"1893723\" data-element_type=\"column\">\n\t\t\t<div class=\"elementor-widget-wrap elementor-element-populated\">\n\t\t\t\t\t\t<div class=\"elementor-element elementor-element-561c9f0 elementor-widget elementor-widget-image\" data-id=\"561c9f0\" data-element_type=\"widget\" data-widget_type=\"image.default\">\n\t\t\t\t<div class=\"elementor-widget-container\">\n\t\t\t\t\t\t\t\t\t\t\t\t\t\t\t<img fetchpriority=\"high\" decoding=\"async\" width=\"1633\" height=\"930\" src=\"https:\/\/www.woodandwise.com\/wp-content\/uploads\/2022\/08\/A_Banner-3.jpg\" class=\"attachment-full size-full wp-image-1595\" alt=\"\" srcset=\"https:\/\/www.woodandwise.com\/wp-content\/uploads\/2022\/08\/A_Banner-3.jpg 1633w, https:\/\/www.woodandwise.com\/wp-content\/uploads\/2022\/08\/A_Banner-3-300x171.jpg 300w, https:\/\/www.woodandwise.com\/wp-content\/uploads\/2022\/08\/A_Banner-3-1024x583.jpg 1024w, https:\/\/www.woodandwise.com\/wp-content\/uploads\/2022\/08\/A_Banner-3-768x437.jpg 768w, https:\/\/www.woodandwise.com\/wp-content\/uploads\/2022\/08\/A_Banner-3-1536x875.jpg 1536w, https:\/\/www.woodandwise.com\/wp-content\/uploads\/2022\/08\/A_Banner-3-64x36.jpg 64w\" sizes=\"(max-width: 1633px) 100vw, 1633px\" \/>\t\t\t\t\t\t\t\t\t\t\t\t\t\t\t<\/div>\n\t\t\t\t<\/div>\n\t\t\t\t\t<\/div>\n\t\t<\/div>\n\t\t\t\t\t<\/div>\n\t\t<\/section>\n\t\t\t\t<section class=\"elementor-section elementor-top-section elementor-element elementor-element-a751520 padding-top padding-bottom elementor-section-boxed elementor-section-height-default elementor-section-height-default\" data-id=\"a751520\" data-element_type=\"section\" data-settings=\"{&quot;background_background&quot;:&quot;classic&quot;}\">\n\t\t\t\t\t\t<div class=\"elementor-container elementor-column-gap-default\">\n\t\t\t\t\t<div class=\"elementor-column elementor-col-100 elementor-top-column elementor-element elementor-element-45eced0\" data-id=\"45eced0\" data-element_type=\"column\">\n\t\t\t<div class=\"elementor-widget-wrap elementor-element-populated\">\n\t\t\t\t\t\t<div class=\"elementor-element elementor-element-a81d9cb elementor-widget elementor-widget-text-editor\" data-id=\"a81d9cb\" data-element_type=\"widget\" data-widget_type=\"text-editor.default\">\n\t\t\t\t<div class=\"elementor-widget-container\">\n\t\t\t\t\t\t\t\t\t<p class=\"invert text-extra-large\">DIE FLORIAN GROUP IST INTERNATIONAL F\u00dcHREND IM HOLZMARKT<\/p>\t\t\t\t\t\t\t\t<\/div>\n\t\t\t\t<\/div>\n\t\t\t\t\t<\/div>\n\t\t<\/div>\n\t\t\t\t\t<\/div>\n\t\t<\/section>\n\t\t\t\t<section class=\"elementor-section elementor-top-section elementor-element elementor-element-46a7613b elementor-section-full_width elementor-section-content-middle elementor-section-height-default elementor-section-height-default\" data-id=\"46a7613b\" data-element_type=\"section\" data-settings=\"{&quot;background_background&quot;:&quot;classic&quot;}\">\n\t\t\t\t\t\t<div class=\"elementor-container elementor-column-gap-no\">\n\t\t\t\t\t<div class=\"elementor-column elementor-col-50 elementor-top-column elementor-element elementor-element-c2655ba force-full-column\" data-id=\"c2655ba\" data-element_type=\"column\" data-settings=\"{&quot;background_background&quot;:&quot;classic&quot;}\">\n\t\t\t<div class=\"elementor-widget-wrap elementor-element-populated\">\n\t\t\t\t\t\t<div class=\"elementor-element elementor-element-2860b493 elementor-widget elementor-widget-spacer\" data-id=\"2860b493\" data-element_type=\"widget\" data-widget_type=\"spacer.default\">\n\t\t\t\t<div class=\"elementor-widget-container\">\n\t\t\t\t\t\t\t<div class=\"elementor-spacer\">\n\t\t\t<div class=\"elementor-spacer-inner\"><\/div>\n\t\t<\/div>\n\t\t\t\t\t\t<\/div>\n\t\t\t\t<\/div>\n\t\t\t\t\t<\/div>\n\t\t<\/div>\n\t\t\t\t<div class=\"elementor-column elementor-col-50 elementor-top-column elementor-element elementor-element-3fe737c1 full-height padding-top padding-bottom\" data-id=\"3fe737c1\" data-element_type=\"column\">\n\t\t\t<div class=\"elementor-widget-wrap elementor-element-populated\">\n\t\t\t\t\t\t<div class=\"elementor-element elementor-element-3030c04f side-small-container elementor-widget elementor-widget-text-editor\" data-id=\"3030c04f\" data-element_type=\"widget\" data-widget_type=\"text-editor.default\">\n\t\t\t\t<div class=\"elementor-widget-container\">\n\t\t\t\t\t\t\t\t\t<p class=\"invert\"><strong>WER WIR SIND<\/strong><\/p>\n<h2>DIE FLORIAN-GRUPPE<\/h2>\n<p class=\"invert no-margin-bottom\">Die Florian Group ist der globale Partner f\u00fcr Unternehmen auf dem Holzmarkt. Dank der Kontrolle jedes einzelnen Schrittes entlang einer integrierten und zertifizierten Lieferkette k\u00f6nnen wir unseren Kunden eine vollst\u00e4ndige Produktpalette anbieten, die die Umwelt respektiert und den h\u00f6chsten Qualit\u00e4tsstandards entspricht. Wood &#038; Wise Holztische sind die neueste Entwicklung unseres Systems von Produktionstechniken, Wertbeziehungen und Leidenschaft.<\/p>\t\t\t\t\t\t\t\t<\/div>\n\t\t\t\t<\/div>\n\t\t\t\t\t<\/div>\n\t\t<\/div>\n\t\t\t\t\t<\/div>\n\t\t<\/section>\n\t\t\t\t<section class=\"elementor-section elementor-top-section elementor-element elementor-element-17d536e2 padding-top padding-bottom elementor-section-boxed elementor-section-height-default elementor-section-height-default\" data-id=\"17d536e2\" data-element_type=\"section\" data-settings=\"{&quot;background_background&quot;:&quot;classic&quot;}\">\n\t\t\t\t\t\t<div class=\"elementor-container elementor-column-gap-default\">\n\t\t\t\t\t<div class=\"elementor-column elementor-col-100 elementor-top-column elementor-element elementor-element-1280fa80\" data-id=\"1280fa80\" data-element_type=\"column\">\n\t\t\t<div class=\"elementor-widget-wrap elementor-element-populated\">\n\t\t\t\t\t\t<div class=\"elementor-element elementor-element-63bcb8b5 elementor-widget elementor-widget-text-editor\" data-id=\"63bcb8b5\" data-element_type=\"widget\" data-widget_type=\"text-editor.default\">\n\t\t\t\t<div class=\"elementor-widget-container\">\n\t\t\t\t\t\t\t\t\t<p class=\"invert text-extra-large\">\u201cLEIDENSCHAFT F\u00dcR HOLZ, KOMPETENZ UND F\u00c4HIGKEIT, UNS ZU ERNEUERN, INSPIRIERT VON DER NATUR: DAS SIND DIE GRUNDWERTE UNSERER GRUPPE\u201d<\/p>\n<p class=\"invert text-large margin-top-medium no-margin-bottom\">ELVIO FLORIAN<\/p>\t\t\t\t\t\t\t\t<\/div>\n\t\t\t\t<\/div>\n\t\t\t\t\t<\/div>\n\t\t<\/div>\n\t\t\t\t\t<\/div>\n\t\t<\/section>\n\t\t\t\t<section class=\"elementor-section elementor-top-section elementor-element elementor-element-6ff7efc1 elementor-section-full_width elementor-section-content-middle elementor-section-height-default elementor-section-height-default\" data-id=\"6ff7efc1\" data-element_type=\"section\" data-settings=\"{&quot;background_background&quot;:&quot;classic&quot;}\">\n\t\t\t\t\t\t<div class=\"elementor-container elementor-column-gap-no\">\n\t\t\t\t\t<div class=\"elementor-column elementor-col-50 elementor-top-column elementor-element elementor-element-2f260fa9 padding-top padding-bottom full-height\" data-id=\"2f260fa9\" data-element_type=\"column\">\n\t\t\t<div class=\"elementor-widget-wrap elementor-element-populated\">\n\t\t\t\t\t\t<div class=\"elementor-element elementor-element-6c20b4cb side-small-container elementor-widget elementor-widget-text-editor\" data-id=\"6c20b4cb\" data-element_type=\"widget\" data-widget_type=\"text-editor.default\">\n\t\t\t\t<div class=\"elementor-widget-container\">\n\t\t\t\t\t\t\t\t\t<p class=\"invert\"><strong>DIE GRUPPE<\/strong><\/p>\n<h2>ES BRAUCHT FLORIAN, UM HOLZ ZU MACHEN<\/h2>\n<p class=\"invert no-margin-bottom\">Wir sind seit mehr als 60 Jahren in der Holzindustrie t\u00e4tig und kennen daher jeden Verarbeitungsschritt vom Einschlag des Holzes im Wald bis zum Versand. Jeder Schritt wird auf nachhaltige Weise bewerkstelligt, um den Verbrauch von Umweltressourcen so gering wie m\u00f6glich zu halten: denn die Natur ist ein kostbares Gut, und wir verpflichten uns, sie auch f\u00fcr k\u00fcnftige Generationen zu respektieren.<\/p>\t\t\t\t\t\t\t\t<\/div>\n\t\t\t\t<\/div>\n\t\t\t\t\t<\/div>\n\t\t<\/div>\n\t\t\t\t<div class=\"elementor-column elementor-col-50 elementor-top-column elementor-element elementor-element-45fa9604 force-full-column\" data-id=\"45fa9604\" data-element_type=\"column\" data-settings=\"{&quot;background_background&quot;:&quot;classic&quot;}\">\n\t\t\t<div class=\"elementor-widget-wrap elementor-element-populated\">\n\t\t\t\t\t\t<div class=\"elementor-element elementor-element-344e128 elementor-widget elementor-widget-spacer\" data-id=\"344e128\" data-element_type=\"widget\" data-widget_type=\"spacer.default\">\n\t\t\t\t<div class=\"elementor-widget-container\">\n\t\t\t\t\t\t\t<div class=\"elementor-spacer\">\n\t\t\t<div class=\"elementor-spacer-inner\"><\/div>\n\t\t<\/div>\n\t\t\t\t\t\t<\/div>\n\t\t\t\t<\/div>\n\t\t\t\t\t<\/div>\n\t\t<\/div>\n\t\t\t\t\t<\/div>\n\t\t<\/section>\n\t\t\t\t<section class=\"elementor-section elementor-top-section elementor-element elementor-element-e23dac7 padding-top padding-bottom elementor-section-boxed elementor-section-height-default elementor-section-height-default\" data-id=\"e23dac7\" data-element_type=\"section\" data-settings=\"{&quot;background_background&quot;:&quot;classic&quot;}\">\n\t\t\t\t\t\t<div class=\"elementor-container elementor-column-gap-default\">\n\t\t\t\t\t<div class=\"elementor-column elementor-col-100 elementor-top-column elementor-element elementor-element-7663672\" data-id=\"7663672\" data-element_type=\"column\">\n\t\t\t<div class=\"elementor-widget-wrap elementor-element-populated\">\n\t\t\t\t\t\t<div class=\"elementor-element elementor-element-28c3417 elementor-align-center invert elementor-widget elementor-widget-button\" data-id=\"28c3417\" data-element_type=\"widget\" data-widget_type=\"button.default\">\n\t\t\t\t<div class=\"elementor-widget-container\">\n\t\t\t\t\t\t\t\t\t<div class=\"elementor-button-wrapper\">\n\t\t\t\t\t<a class=\"elementor-button elementor-button-link elementor-size-sm\" href=\"\/de\/philosophie\/\">\n\t\t\t\t\t\t<span class=\"elementor-button-content-wrapper\">\n\t\t\t\t\t\t\t\t\t<span class=\"elementor-button-text\">ERFAHREN SIE MEHR \u00dcBER FLORIAN<\/span>\n\t\t\t\t\t<\/span>\n\t\t\t\t\t<\/a>\n\t\t\t\t<\/div>\n\t\t\t\t\t\t\t\t<\/div>\n\t\t\t\t<\/div>\n\t\t\t\t\t<\/div>\n\t\t<\/div>\n\t\t\t\t\t<\/div>\n\t\t<\/section>\n\t\t\t\t<\/div>\n\t\t","protected":false},"excerpt":{"rendered":"<p>WER WIR SIND DIE FLORIAN GROUP IST INTERNATIONAL F\u00dcHREND IM HOLZMARKT WER WIR SIND DIE FLORIAN-GRUPPE Die Florian Group ist der globale Partner f\u00fcr Unternehmen auf dem Holzmarkt. Dank der Kontrolle jedes einzelnen Schrittes entlang einer integrierten und zertifizierten Lieferkette k\u00f6nnen wir unseren Kunden eine vollst\u00e4ndige Produktpalette anbieten, die die Umwelt respektiert und den h\u00f6chsten [&hellip;]<\/p>\n","protected":false},"author":1,"featured_media":0,"parent":0,"menu_order":0,"comment_status":"closed","ping_status":"closed","template":"","meta":{"footnotes":""},"class_list":["post-2064","page","type-page","status-publish","hentry"],"yoast_head":"<!-- This site is optimized with the Yoast SEO plugin v24.6 - https:\/\/yoast.com\/wordpress\/plugins\/seo\/ -->\n<title>\u00dcber uns: Nachhaltige Designtische aus Holz | Wood &amp; Wise<\/title>\n<meta name=\"description\" content=\"Entdecken Sie, wer wir sind: moderne Tische aus Nussbaum, Eiche und Esche, raffiniert, einzigartig und aus Massivholz\" \/>\n<meta name=\"robots\" content=\"index, follow, max-snippet:-1, max-image-preview:large, max-video-preview:-1\" \/>\n<link rel=\"canonical\" href=\"https:\/\/www.woodandwise.com\/de\/wer-wir-sind\/\" \/>\n<meta property=\"og:locale\" content=\"de_DE\" \/>\n<meta property=\"og:type\" content=\"article\" \/>\n<meta property=\"og:title\" content=\"\u00dcber uns: Nachhaltige Designtische aus Holz | Wood &amp; Wise\" \/>\n<meta property=\"og:description\" content=\"Entdecken Sie, wer wir sind: moderne Tische aus Nussbaum, Eiche und Esche, raffiniert, einzigartig und aus Massivholz\" \/>\n<meta property=\"og:url\" content=\"https:\/\/www.woodandwise.com\/de\/wer-wir-sind\/\" \/>\n<meta property=\"og:site_name\" content=\"Wood &amp; Wise\" \/>\n<meta property=\"article:modified_time\" content=\"2022-10-13T07:31:51+00:00\" \/>\n<meta property=\"og:image\" content=\"https:\/\/www.woodandwise.com\/wp-content\/uploads\/2022\/08\/A_Banner-3.jpg\" \/>\n<meta name=\"twitter:card\" content=\"summary_large_image\" \/>\n<meta name=\"twitter:label1\" content=\"Gesch\u00e4tzte Lesezeit\" \/>\n\t<meta name=\"twitter:data1\" content=\"2\u00a0Minuten\" \/>\n<script type=\"application\/ld+json\" class=\"yoast-schema-graph\">{\"@context\":\"https:\/\/schema.org\",\"@graph\":[{\"@type\":\"WebPage\",\"@id\":\"https:\/\/www.woodandwise.com\/de\/wer-wir-sind\/\",\"url\":\"https:\/\/www.woodandwise.com\/de\/wer-wir-sind\/\",\"name\":\"\u00dcber uns: Nachhaltige Designtische aus Holz | Wood &amp; Wise\",\"isPartOf\":{\"@id\":\"https:\/\/www.woodandwise.com\/#website\"},\"primaryImageOfPage\":{\"@id\":\"https:\/\/www.woodandwise.com\/de\/wer-wir-sind\/#primaryimage\"},\"image\":{\"@id\":\"https:\/\/www.woodandwise.com\/de\/wer-wir-sind\/#primaryimage\"},\"thumbnailUrl\":\"https:\/\/www.woodandwise.com\/wp-content\/uploads\/2022\/08\/A_Banner-3.jpg\",\"datePublished\":\"2022-07-26T08:35:57+00:00\",\"dateModified\":\"2022-10-13T07:31:51+00:00\",\"description\":\"Entdecken Sie, wer wir sind: moderne Tische aus Nussbaum, Eiche und Esche, raffiniert, einzigartig und aus Massivholz\",\"breadcrumb\":{\"@id\":\"https:\/\/www.woodandwise.com\/de\/wer-wir-sind\/#breadcrumb\"},\"inLanguage\":\"de\",\"potentialAction\":[{\"@type\":\"ReadAction\",\"target\":[\"https:\/\/www.woodandwise.com\/de\/wer-wir-sind\/\"]}]},{\"@type\":\"ImageObject\",\"inLanguage\":\"de\",\"@id\":\"https:\/\/www.woodandwise.com\/de\/wer-wir-sind\/#primaryimage\",\"url\":\"https:\/\/www.woodandwise.com\/wp-content\/uploads\/2022\/08\/A_Banner-3.jpg\",\"contentUrl\":\"https:\/\/www.woodandwise.com\/wp-content\/uploads\/2022\/08\/A_Banner-3.jpg\"},{\"@type\":\"BreadcrumbList\",\"@id\":\"https:\/\/www.woodandwise.com\/de\/wer-wir-sind\/#breadcrumb\",\"itemListElement\":[{\"@type\":\"ListItem\",\"position\":1,\"name\":\"Homepage\",\"item\":\"https:\/\/www.woodandwise.com\/de\/\"},{\"@type\":\"ListItem\",\"position\":2,\"name\":\"Wer wir sind\"}]},{\"@type\":\"WebSite\",\"@id\":\"https:\/\/www.woodandwise.com\/#website\",\"url\":\"https:\/\/www.woodandwise.com\/\",\"name\":\"Wood &amp; Wise\",\"description\":\"Tavoli in legno di design\",\"publisher\":{\"@id\":\"https:\/\/www.woodandwise.com\/#organization\"},\"potentialAction\":[{\"@type\":\"SearchAction\",\"target\":{\"@type\":\"EntryPoint\",\"urlTemplate\":\"https:\/\/www.woodandwise.com\/?s={search_term_string}\"},\"query-input\":{\"@type\":\"PropertyValueSpecification\",\"valueRequired\":true,\"valueName\":\"search_term_string\"}}],\"inLanguage\":\"de\"},{\"@type\":\"Organization\",\"@id\":\"https:\/\/www.woodandwise.com\/#organization\",\"name\":\"Wood & Wise\",\"url\":\"https:\/\/www.woodandwise.com\/\",\"logo\":{\"@type\":\"ImageObject\",\"inLanguage\":\"de\",\"@id\":\"https:\/\/www.woodandwise.com\/#\/schema\/logo\/image\/\",\"url\":\"https:\/\/www.woodandwise.com\/wp-content\/uploads\/2022\/11\/logo.png\",\"contentUrl\":\"https:\/\/www.woodandwise.com\/wp-content\/uploads\/2022\/11\/logo.png\",\"width\":364,\"height\":40,\"caption\":\"Wood & Wise\"},\"image\":{\"@id\":\"https:\/\/www.woodandwise.com\/#\/schema\/logo\/image\/\"}}]}<\/script>\n<!-- \/ Yoast SEO plugin. -->","yoast_head_json":{"title":"\u00dcber uns: Nachhaltige Designtische aus Holz | Wood &amp; Wise","description":"Entdecken Sie, wer wir sind: moderne Tische aus Nussbaum, Eiche und Esche, raffiniert, einzigartig und aus Massivholz","robots":{"index":"index","follow":"follow","max-snippet":"max-snippet:-1","max-image-preview":"max-image-preview:large","max-video-preview":"max-video-preview:-1"},"canonical":"https:\/\/www.woodandwise.com\/de\/wer-wir-sind\/","og_locale":"de_DE","og_type":"article","og_title":"\u00dcber uns: Nachhaltige Designtische aus Holz | Wood &amp; Wise","og_description":"Entdecken Sie, wer wir sind: moderne Tische aus Nussbaum, Eiche und Esche, raffiniert, einzigartig und aus Massivholz","og_url":"https:\/\/www.woodandwise.com\/de\/wer-wir-sind\/","og_site_name":"Wood &amp; Wise","article_modified_time":"2022-10-13T07:31:51+00:00","og_image":[{"url":"https:\/\/www.woodandwise.com\/wp-content\/uploads\/2022\/08\/A_Banner-3.jpg","type":"","width":"","height":""}],"twitter_card":"summary_large_image","twitter_misc":{"Gesch\u00e4tzte Lesezeit":"2\u00a0Minuten"},"schema":{"@context":"https:\/\/schema.org","@graph":[{"@type":"WebPage","@id":"https:\/\/www.woodandwise.com\/de\/wer-wir-sind\/","url":"https:\/\/www.woodandwise.com\/de\/wer-wir-sind\/","name":"\u00dcber uns: Nachhaltige Designtische aus Holz | Wood &amp; Wise","isPartOf":{"@id":"https:\/\/www.woodandwise.com\/#website"},"primaryImageOfPage":{"@id":"https:\/\/www.woodandwise.com\/de\/wer-wir-sind\/#primaryimage"},"image":{"@id":"https:\/\/www.woodandwise.com\/de\/wer-wir-sind\/#primaryimage"},"thumbnailUrl":"https:\/\/www.woodandwise.com\/wp-content\/uploads\/2022\/08\/A_Banner-3.jpg","datePublished":"2022-07-26T08:35:57+00:00","dateModified":"2022-10-13T07:31:51+00:00","description":"Entdecken Sie, wer wir sind: moderne Tische aus Nussbaum, Eiche und Esche, raffiniert, einzigartig und aus Massivholz","breadcrumb":{"@id":"https:\/\/www.woodandwise.com\/de\/wer-wir-sind\/#breadcrumb"},"inLanguage":"de","potentialAction":[{"@type":"ReadAction","target":["https:\/\/www.woodandwise.com\/de\/wer-wir-sind\/"]}]},{"@type":"ImageObject","inLanguage":"de","@id":"https:\/\/www.woodandwise.com\/de\/wer-wir-sind\/#primaryimage","url":"https:\/\/www.woodandwise.com\/wp-content\/uploads\/2022\/08\/A_Banner-3.jpg","contentUrl":"https:\/\/www.woodandwise.com\/wp-content\/uploads\/2022\/08\/A_Banner-3.jpg"},{"@type":"BreadcrumbList","@id":"https:\/\/www.woodandwise.com\/de\/wer-wir-sind\/#breadcrumb","itemListElement":[{"@type":"ListItem","position":1,"name":"Homepage","item":"https:\/\/www.woodandwise.com\/de\/"},{"@type":"ListItem","position":2,"name":"Wer wir sind"}]},{"@type":"WebSite","@id":"https:\/\/www.woodandwise.com\/#website","url":"https:\/\/www.woodandwise.com\/","name":"Wood &amp; Wise","description":"Tavoli in legno di design","publisher":{"@id":"https:\/\/www.woodandwise.com\/#organization"},"potentialAction":[{"@type":"SearchAction","target":{"@type":"EntryPoint","urlTemplate":"https:\/\/www.woodandwise.com\/?s={search_term_string}"},"query-input":{"@type":"PropertyValueSpecification","valueRequired":true,"valueName":"search_term_string"}}],"inLanguage":"de"},{"@type":"Organization","@id":"https:\/\/www.woodandwise.com\/#organization","name":"Wood & Wise","url":"https:\/\/www.woodandwise.com\/","logo":{"@type":"ImageObject","inLanguage":"de","@id":"https:\/\/www.woodandwise.com\/#\/schema\/logo\/image\/","url":"https:\/\/www.woodandwise.com\/wp-content\/uploads\/2022\/11\/logo.png","contentUrl":"https:\/\/www.woodandwise.com\/wp-content\/uploads\/2022\/11\/logo.png","width":364,"height":40,"caption":"Wood & Wise"},"image":{"@id":"https:\/\/www.woodandwise.com\/#\/schema\/logo\/image\/"}}]}},"_links":{"self":[{"href":"https:\/\/www.woodandwise.com\/de\/wp-json\/wp\/v2\/pages\/2064","targetHints":{"allow":["GET"]}}],"collection":[{"href":"https:\/\/www.woodandwise.com\/de\/wp-json\/wp\/v2\/pages"}],"about":[{"href":"https:\/\/www.woodandwise.com\/de\/wp-json\/wp\/v2\/types\/page"}],"author":[{"embeddable":true,"href":"https:\/\/www.woodandwise.com\/de\/wp-json\/wp\/v2\/users\/1"}],"replies":[{"embeddable":true,"href":"https:\/\/www.woodandwise.com\/de\/wp-json\/wp\/v2\/comments?post=2064"}],"version-history":[{"count":4,"href":"https:\/\/www.woodandwise.com\/de\/wp-json\/wp\/v2\/pages\/2064\/revisions"}],"predecessor-version":[{"id":2075,"href":"https:\/\/www.woodandwise.com\/de\/wp-json\/wp\/v2\/pages\/2064\/revisions\/2075"}],"wp:attachment":[{"href":"https:\/\/www.woodandwise.com\/de\/wp-json\/wp\/v2\/media?parent=2064"}],"curies":[{"name":"wp","href":"https:\/\/api.w.org\/{rel}","templated":true}]}}