{"id":4241,"date":"2022-07-26T16:13:29","date_gmt":"2022-07-26T14:13:29","guid":{"rendered":"https:\/\/www.woodandwise.com\/?page_id=4241"},"modified":"2023-02-02T16:35:10","modified_gmt":"2023-02-02T15:35:10","slug":"rueckgaberecht","status":"publish","type":"page","link":"https:\/\/www.woodandwise.com\/de\/rueckgaberecht\/","title":{"rendered":"R\u00fcckgaberecht"},"content":{"rendered":"\t\t<div data-elementor-type=\"wp-page\" data-elementor-id=\"4241\" class=\"elementor elementor-4241 elementor-1391\">\n\t\t\t\t\t\t<section class=\"elementor-section elementor-top-section elementor-element elementor-element-ffec2fc padding-top-medium padding-bottom-medium elementor-section-full_width elementor-section-height-default elementor-section-height-default\" data-id=\"ffec2fc\" data-element_type=\"section\">\n\t\t\t\t\t\t<div class=\"elementor-container elementor-column-gap-default\">\n\t\t\t\t\t<div class=\"elementor-column elementor-col-100 elementor-top-column elementor-element elementor-element-0035b21\" data-id=\"0035b21\" data-element_type=\"column\">\n\t\t\t<div class=\"elementor-widget-wrap elementor-element-populated\">\n\t\t\t\t\t\t<div class=\"elementor-element elementor-element-d50490b alt-position-2 elementor-widget elementor-widget-shortcode\" data-id=\"d50490b\" data-element_type=\"widget\" id=\"breadcrumb\" data-widget_type=\"shortcode.default\">\n\t\t\t\t<div class=\"elementor-widget-container\">\n\t\t\t\t\t\t\t<div class=\"elementor-shortcode\"><span><span><a href=\"https:\/\/www.woodandwise.com\/de\/\">Homepage<\/a><\/span><\/span><\/div>\n\t\t\t\t\t\t<\/div>\n\t\t\t\t<\/div>\n\t\t\t\t<div class=\"elementor-element elementor-element-534cd0d elementor-widget elementor-widget-text-editor\" data-id=\"534cd0d\" data-element_type=\"widget\" data-widget_type=\"text-editor.default\">\n\t\t\t\t<div class=\"elementor-widget-container\">\n\t\t\t\t\t\t\t\t\t<h1>R\u00dcCKGABERECHT<\/h1><p class=\"text-large no-margin-bottom\">Lesen Sie die Bedingungen<\/p>\t\t\t\t\t\t\t\t<\/div>\n\t\t\t\t<\/div>\n\t\t\t\t\t<\/div>\n\t\t<\/div>\n\t\t\t\t\t<\/div>\n\t\t<\/section>\n\t\t\t\t<section class=\"elementor-section elementor-top-section elementor-element elementor-element-57af993 padding-bottom elementor-section-boxed elementor-section-height-default elementor-section-height-default\" data-id=\"57af993\" data-element_type=\"section\">\n\t\t\t\t\t\t<div class=\"elementor-container elementor-column-gap-default\">\n\t\t\t\t\t<div class=\"elementor-column elementor-col-100 elementor-top-column elementor-element elementor-element-c201aaa\" data-id=\"c201aaa\" data-element_type=\"column\">\n\t\t\t<div class=\"elementor-widget-wrap elementor-element-populated\">\n\t\t\t\t\t\t<div class=\"elementor-element elementor-element-64cd8de elementor-widget elementor-widget-text-editor\" data-id=\"64cd8de\" data-element_type=\"widget\" data-widget_type=\"text-editor.default\">\n\t\t\t\t<div class=\"elementor-widget-container\">\n\t\t\t\t\t\t\t\t\t<p><strong>Di \u010cazma d.o.o.<\/strong>, with registered seat in \u010cazma (City of \u010cazma), Alojza Vulinca 28, registered with the Commercial court in Bjelovar under registration number (MBS): 010045623, OIB: 48193612203, EUID HRSR.010045623 as the seller (hereinafter: \u201cSeller\u201d) gives the following statement<\/p><p><strong>NOTIFICATION ON UNILATERAL TERMINATION OF THE CONTRACT<\/strong><\/p><p><strong>I. FIELD OF APPLICATION<\/strong><\/p><p>These instructions refer exclusively to consumers as defined under the provisions of the law on consumer protection, i.e. to any natural person who enters into a legal transaction or operates on the market outside of his trade, business, craft or professional activity.<\/p><p><strong>II. THE RIGHT TO UNILATERAL TERMINATION OF THE CONTRACT AND THE SAMPLE OF THE FORM FRO UNILATERAL TERMINATION<\/strong><\/p><p>As a consumer, you have the right the right to unilaterally terminate the contract concluded with us as the Seller, through online shop, within 14 days without stating the reason for your termination.<\/p><p>In order to be able to exercise the right to unilaterally terminate the contract, you must notify us on your decision to unilaterally terminate the contract before the deadline by sending a form to our email address.<\/p><p><strong>A copy of the form for unilateral termination of the contract can be found <a href=\"https:\/\/www.woodandwise.com\/wp-content\/uploads\/2023\/01\/Wood-and-Wise-Unilateral-termination-of-contract-form.pdf\" target=\"_blank\" rel=\"noopener\"><span style=\"text-decoration: underline;\">here<\/span><\/a> and you can fill it out electronically and send it to the email address <span style=\"text-decoration: underline;\"><a href=\"mailto:customercare@woodandwise.com\">customercare@woodandwise.com<\/a><\/span><\/strong><\/p><p><strong>We will send you the confirmation on receipt of the notice of unilateral termination of the contract by e-mail without delay.<\/strong><\/p><p><strong>III. LOSS OF THE RIGHT TO UNILATERAL TERMINATION OF THE CONTRACT<\/strong><\/p><p>The Customer does not have the right to unilaterally terminate the Contract and return the Product:<\/p><p>\u2022 if he does not submit a written notification of his decision to terminate the Contract;<\/p><p>\u2022 if the same does not submit a written notification of its decision to terminate the Contract within 14 days from the day of receipt of the Product;<\/p><p>\u2022 if he does not return the Product within 14 days from the day he\/she informed the Seller of his decision to terminate the Contract;<\/p><p>\u2022 a Product that is made according to the Customer&#8217;s exact instructions and adapted to his personal needs;<\/p><p>\u2022 the Customer specifically requested a visit from the seller to perform emergency repairs or maintenance work, <\/p><p>\u2022 a Product that, due to its nature, is not suitable for return;<\/p><p>\u2022 a Product that by its nature is inextricably linked with other objects.<\/p><p><strong>IV. CALCULATION OF THE DEADLINE FOR UNILATERAL TERMINATION OF THE CONTRACT<\/strong><\/p><p>The deadline for unilateral termination is 14 days as of:<\/p><p>&#8222;the day the product in question is handed over to you or to a third party designated by you, who is not the carrier&#8220;, in case of conclusion of the sale purchase contract.<\/p><p><br \/><strong>V. REFUND OF THE PAID AMOUNT<\/strong><\/p><p>If you unilaterally terminate the sales purchase agreement, we will refund the money we received from you, including delivery costs, without delay, and no later than within 14 days as of the day we received your decision on unilateral termination of the contract, unless you have chosen another type of delivery, which is not the cheapest standard delivery that we have offered.<\/p><p>However, we delay the refund until the product is returned to us or after you provide us with proof that you sent the product back to us.<\/p><p>The refund will be made in the same way you made the payment. In the event that you agree to another way of returning the amount paid, you do not bear any costs in relation to the return.<\/p><p><strong>VI. RETURN OF THE PRODUCT<\/strong><\/p><p>Return the product to our address of seat Di \u010cazma d.o.o., Alojza Vulinca 28, \u010cazma without delay, and at latest within 14 days as of the day you have submitted your decision on unilateral termination of the contract.<\/p><p><br \/>It shall be considered that you fulfilled your obligation on time if you send the product to us before the expiration of the aforementioned period of time.<\/p><p>In case of unilateral termination of the Contract, the Customer shall send the Product with all associated parts together with a copy of the invoice and\/or other relevant document and guarantee (if any) by mail to the address <span style=\"text-decoration: underline;\"><a href=\"mailto:customercare@woodandwise.com\">customercare@woodandwise.com<\/a><\/span>, with the indication &#8222;unilateral termination&#8220;.<\/p><p><strong>VII. COSTS OF DELIVERY OF THE PRODUCT<\/strong><\/p><p>You must bear the direct costs of returning the product, in the amount of EUR 500.00\/HRK 3,767.25.<\/p><p><strong>VIII. RESPONSIBILITY OF THE BUYER FOR REDUCTION IN THE VALUE OF THE PRODUCT<\/strong><\/p><p>You are responsible for any reduction in the value of the product that results from handling with the same, except that which was necessary to determine the nature, characteristics, and functionality of the product.<\/p>\t\t\t\t\t\t\t\t<\/div>\n\t\t\t\t<\/div>\n\t\t\t\t\t<\/div>\n\t\t<\/div>\n\t\t\t\t\t<\/div>\n\t\t<\/section>\n\t\t\t\t<\/div>\n\t\t","protected":false},"excerpt":{"rendered":"<p>R\u00dcCKGABERECHT Lesen Sie die Bedingungen Di \u010cazma d.o.o., with registered seat in \u010cazma (City of \u010cazma), Alojza Vulinca 28, registered with the Commercial court in Bjelovar under registration number (MBS): 010045623, OIB: 48193612203, EUID HRSR.010045623 as the seller (hereinafter: \u201cSeller\u201d) gives the following statement NOTIFICATION ON UNILATERAL TERMINATION OF THE CONTRACT I. FIELD OF APPLICATION [&hellip;]<\/p>\n","protected":false},"author":3,"featured_media":0,"parent":0,"menu_order":0,"comment_status":"closed","ping_status":"closed","template":"","meta":{"footnotes":""},"class_list":["post-4241","page","type-page","status-publish","hentry"],"yoast_head":"<!-- This site is optimized with the Yoast SEO plugin v24.6 - https:\/\/yoast.com\/wordpress\/plugins\/seo\/ -->\n<title>R\u00fcckgaberecht | Wood &amp; Wise<\/title>\n<meta name=\"description\" content=\"Lesen Sie die R\u00fcckgaberichtlinien\" \/>\n<meta name=\"robots\" content=\"index, follow, max-snippet:-1, max-image-preview:large, max-video-preview:-1\" \/>\n<link rel=\"canonical\" href=\"https:\/\/www.woodandwise.com\/de\/rueckgaberecht\/\" \/>\n<meta property=\"og:locale\" content=\"de_DE\" \/>\n<meta property=\"og:type\" content=\"article\" \/>\n<meta property=\"og:title\" content=\"R\u00fcckgaberecht | Wood &amp; Wise\" \/>\n<meta property=\"og:description\" content=\"Lesen Sie die R\u00fcckgaberichtlinien\" \/>\n<meta property=\"og:url\" content=\"https:\/\/www.woodandwise.com\/de\/rueckgaberecht\/\" \/>\n<meta property=\"og:site_name\" content=\"Wood &amp; Wise\" \/>\n<meta property=\"article:modified_time\" content=\"2023-02-02T15:35:10+00:00\" \/>\n<meta name=\"twitter:card\" content=\"summary_large_image\" \/>\n<meta name=\"twitter:label1\" content=\"Gesch\u00e4tzte Lesezeit\" \/>\n\t<meta name=\"twitter:data1\" content=\"5\u00a0Minuten\" \/>\n<script type=\"application\/ld+json\" class=\"yoast-schema-graph\">{\"@context\":\"https:\/\/schema.org\",\"@graph\":[{\"@type\":\"WebPage\",\"@id\":\"https:\/\/www.woodandwise.com\/de\/rueckgaberecht\/\",\"url\":\"https:\/\/www.woodandwise.com\/de\/rueckgaberecht\/\",\"name\":\"R\u00fcckgaberecht | Wood &amp; Wise\",\"isPartOf\":{\"@id\":\"https:\/\/www.woodandwise.com\/#website\"},\"datePublished\":\"2022-07-26T14:13:29+00:00\",\"dateModified\":\"2023-02-02T15:35:10+00:00\",\"description\":\"Lesen Sie die R\u00fcckgaberichtlinien\",\"breadcrumb\":{\"@id\":\"https:\/\/www.woodandwise.com\/de\/rueckgaberecht\/#breadcrumb\"},\"inLanguage\":\"de\",\"potentialAction\":[{\"@type\":\"ReadAction\",\"target\":[\"https:\/\/www.woodandwise.com\/de\/rueckgaberecht\/\"]}]},{\"@type\":\"BreadcrumbList\",\"@id\":\"https:\/\/www.woodandwise.com\/de\/rueckgaberecht\/#breadcrumb\",\"itemListElement\":[{\"@type\":\"ListItem\",\"position\":1,\"name\":\"Homepage\",\"item\":\"https:\/\/www.woodandwise.com\/de\/\"},{\"@type\":\"ListItem\",\"position\":2,\"name\":\"R\u00fcckgaberecht\"}]},{\"@type\":\"WebSite\",\"@id\":\"https:\/\/www.woodandwise.com\/#website\",\"url\":\"https:\/\/www.woodandwise.com\/\",\"name\":\"Wood &amp; Wise\",\"description\":\"Tavoli in legno di design\",\"publisher\":{\"@id\":\"https:\/\/www.woodandwise.com\/#organization\"},\"potentialAction\":[{\"@type\":\"SearchAction\",\"target\":{\"@type\":\"EntryPoint\",\"urlTemplate\":\"https:\/\/www.woodandwise.com\/?s={search_term_string}\"},\"query-input\":{\"@type\":\"PropertyValueSpecification\",\"valueRequired\":true,\"valueName\":\"search_term_string\"}}],\"inLanguage\":\"de\"},{\"@type\":\"Organization\",\"@id\":\"https:\/\/www.woodandwise.com\/#organization\",\"name\":\"Wood & Wise\",\"url\":\"https:\/\/www.woodandwise.com\/\",\"logo\":{\"@type\":\"ImageObject\",\"inLanguage\":\"de\",\"@id\":\"https:\/\/www.woodandwise.com\/#\/schema\/logo\/image\/\",\"url\":\"https:\/\/www.woodandwise.com\/wp-content\/uploads\/2022\/11\/logo.png\",\"contentUrl\":\"https:\/\/www.woodandwise.com\/wp-content\/uploads\/2022\/11\/logo.png\",\"width\":364,\"height\":40,\"caption\":\"Wood & Wise\"},\"image\":{\"@id\":\"https:\/\/www.woodandwise.com\/#\/schema\/logo\/image\/\"}}]}<\/script>\n<!-- \/ Yoast SEO plugin. -->","yoast_head_json":{"title":"R\u00fcckgaberecht | Wood &amp; Wise","description":"Lesen Sie die R\u00fcckgaberichtlinien","robots":{"index":"index","follow":"follow","max-snippet":"max-snippet:-1","max-image-preview":"max-image-preview:large","max-video-preview":"max-video-preview:-1"},"canonical":"https:\/\/www.woodandwise.com\/de\/rueckgaberecht\/","og_locale":"de_DE","og_type":"article","og_title":"R\u00fcckgaberecht | Wood &amp; Wise","og_description":"Lesen Sie die R\u00fcckgaberichtlinien","og_url":"https:\/\/www.woodandwise.com\/de\/rueckgaberecht\/","og_site_name":"Wood &amp; Wise","article_modified_time":"2023-02-02T15:35:10+00:00","twitter_card":"summary_large_image","twitter_misc":{"Gesch\u00e4tzte Lesezeit":"5\u00a0Minuten"},"schema":{"@context":"https:\/\/schema.org","@graph":[{"@type":"WebPage","@id":"https:\/\/www.woodandwise.com\/de\/rueckgaberecht\/","url":"https:\/\/www.woodandwise.com\/de\/rueckgaberecht\/","name":"R\u00fcckgaberecht | Wood &amp; Wise","isPartOf":{"@id":"https:\/\/www.woodandwise.com\/#website"},"datePublished":"2022-07-26T14:13:29+00:00","dateModified":"2023-02-02T15:35:10+00:00","description":"Lesen Sie die R\u00fcckgaberichtlinien","breadcrumb":{"@id":"https:\/\/www.woodandwise.com\/de\/rueckgaberecht\/#breadcrumb"},"inLanguage":"de","potentialAction":[{"@type":"ReadAction","target":["https:\/\/www.woodandwise.com\/de\/rueckgaberecht\/"]}]},{"@type":"BreadcrumbList","@id":"https:\/\/www.woodandwise.com\/de\/rueckgaberecht\/#breadcrumb","itemListElement":[{"@type":"ListItem","position":1,"name":"Homepage","item":"https:\/\/www.woodandwise.com\/de\/"},{"@type":"ListItem","position":2,"name":"R\u00fcckgaberecht"}]},{"@type":"WebSite","@id":"https:\/\/www.woodandwise.com\/#website","url":"https:\/\/www.woodandwise.com\/","name":"Wood &amp; Wise","description":"Tavoli in legno di design","publisher":{"@id":"https:\/\/www.woodandwise.com\/#organization"},"potentialAction":[{"@type":"SearchAction","target":{"@type":"EntryPoint","urlTemplate":"https:\/\/www.woodandwise.com\/?s={search_term_string}"},"query-input":{"@type":"PropertyValueSpecification","valueRequired":true,"valueName":"search_term_string"}}],"inLanguage":"de"},{"@type":"Organization","@id":"https:\/\/www.woodandwise.com\/#organization","name":"Wood & Wise","url":"https:\/\/www.woodandwise.com\/","logo":{"@type":"ImageObject","inLanguage":"de","@id":"https:\/\/www.woodandwise.com\/#\/schema\/logo\/image\/","url":"https:\/\/www.woodandwise.com\/wp-content\/uploads\/2022\/11\/logo.png","contentUrl":"https:\/\/www.woodandwise.com\/wp-content\/uploads\/2022\/11\/logo.png","width":364,"height":40,"caption":"Wood & Wise"},"image":{"@id":"https:\/\/www.woodandwise.com\/#\/schema\/logo\/image\/"}}]}},"_links":{"self":[{"href":"https:\/\/www.woodandwise.com\/de\/wp-json\/wp\/v2\/pages\/4241","targetHints":{"allow":["GET"]}}],"collection":[{"href":"https:\/\/www.woodandwise.com\/de\/wp-json\/wp\/v2\/pages"}],"about":[{"href":"https:\/\/www.woodandwise.com\/de\/wp-json\/wp\/v2\/types\/page"}],"author":[{"embeddable":true,"href":"https:\/\/www.woodandwise.com\/de\/wp-json\/wp\/v2\/users\/3"}],"replies":[{"embeddable":true,"href":"https:\/\/www.woodandwise.com\/de\/wp-json\/wp\/v2\/comments?post=4241"}],"version-history":[{"count":4,"href":"https:\/\/www.woodandwise.com\/de\/wp-json\/wp\/v2\/pages\/4241\/revisions"}],"predecessor-version":[{"id":4269,"href":"https:\/\/www.woodandwise.com\/de\/wp-json\/wp\/v2\/pages\/4241\/revisions\/4269"}],"wp:attachment":[{"href":"https:\/\/www.woodandwise.com\/de\/wp-json\/wp\/v2\/media?parent=4241"}],"curies":[{"name":"wp","href":"https:\/\/api.w.org\/{rel}","templated":true}]}}