{"id":2188,"date":"2022-07-25T08:59:18","date_gmt":"2022-07-25T06:59:18","guid":{"rendered":"https:\/\/www.woodandwise.com\/prodotto\/tavolo-legno-rovere-220\/"},"modified":"2023-03-23T17:45:33","modified_gmt":"2023-03-23T16:45:33","slug":"eichenholztisch-220","status":"publish","type":"product","link":"https:\/\/www.woodandwise.com\/de\/shop\/eichenholztisch-220\/","title":{"rendered":"Eichenholztisch, 220 cm"},"content":{"rendered":"<p>Unser 220 cm langer Tisch aus nachhaltiger Eiche ist so konzipiert, dass er einer Vielzahl von Umgebungen &#8211; von der K\u00fcche bis zum modernen B\u00fcro &#8211; Stil und Eleganz verleiht. Es schont die Umwelt, da er aus Holz hergestellt wird, das zuvor verarbeitet wurde. Er passt gut zu den modernen Metallbeinen, die Sie bei den vier verf\u00fcgbaren Modellen finden.<\/p>\n","protected":false},"excerpt":{"rendered":"<p>Der Tisch aus nachhaltiger Eiche bringt Klasse und Eleganz in jeden Raum. Entworfen f\u00fcr Ihre K\u00fcche, aber auch f\u00fcr R\u00e4ume im industriellen Stil und moderne Lofts.<\/p>\n","protected":false},"featured_media":4527,"template":"","meta":[],"product_brand":[],"product_cat":[65],"product_tag":[],"class_list":{"0":"post-2188","1":"product","2":"type-product","3":"status-publish","4":"has-post-thumbnail","6":"product_cat-tische","8":"first","9":"instock","10":"taxable","11":"shipping-taxable","12":"purchasable","13":"product-type-variable"},"yoast_head":"<!-- This site is optimized with the Yoast SEO plugin v24.6 - https:\/\/yoast.com\/wordpress\/plugins\/seo\/ -->\n<title>Moderner und nachhaltiger Massivholz-Eichentisch 220 cm | Wood &amp; Wise<\/title>\n<meta name=\"description\" content=\"Entdecken Sie den nachhaltigen Massivholztisch aus Eiche, der Ihren R\u00e4umen W\u00e4rme und Originalit\u00e4t verleiht. Mit einer L\u00e4nge von 220 cm ist es ein Einzelst\u00fcck von Wood &amp; Wise.\" \/>\n<meta name=\"robots\" content=\"index, follow, max-snippet:-1, max-image-preview:large, max-video-preview:-1\" \/>\n<link rel=\"canonical\" href=\"https:\/\/www.woodandwise.com\/de\/shop\/eichenholztisch-220\/\" \/>\n<meta property=\"og:locale\" content=\"de_DE\" \/>\n<meta property=\"og:type\" content=\"article\" \/>\n<meta property=\"og:title\" content=\"Moderner und nachhaltiger Massivholz-Eichentisch 220 cm | Wood &amp; Wise\" \/>\n<meta property=\"og:description\" content=\"Entdecken Sie den nachhaltigen Massivholztisch aus Eiche, der Ihren R\u00e4umen W\u00e4rme und Originalit\u00e4t verleiht. Mit einer L\u00e4nge von 220 cm ist es ein Einzelst\u00fcck von Wood &amp; Wise.\" \/>\n<meta property=\"og:url\" content=\"https:\/\/www.woodandwise.com\/de\/shop\/eichenholztisch-220\/\" \/>\n<meta property=\"og:site_name\" content=\"Wood &amp; Wise\" \/>\n<meta property=\"article:modified_time\" content=\"2023-03-23T16:45:33+00:00\" \/>\n<meta property=\"og:image\" content=\"https:\/\/www.woodandwise.com\/wp-content\/uploads\/2022\/07\/O-001-L-2200.jpg\" \/>\n\t<meta property=\"og:image:width\" content=\"1412\" \/>\n\t<meta property=\"og:image:height\" content=\"1056\" \/>\n\t<meta property=\"og:image:type\" content=\"image\/jpeg\" \/>\n<meta name=\"twitter:card\" content=\"summary_large_image\" \/>\n<meta name=\"twitter:label1\" content=\"Gesch\u00e4tzte Lesezeit\" \/>\n\t<meta name=\"twitter:data1\" content=\"1\u00a0Minute\" \/>\n<script type=\"application\/ld+json\" class=\"yoast-schema-graph\">{\"@context\":\"https:\/\/schema.org\",\"@graph\":[{\"@type\":\"WebPage\",\"@id\":\"https:\/\/www.woodandwise.com\/de\/shop\/eichenholztisch-220\/\",\"url\":\"https:\/\/www.woodandwise.com\/de\/shop\/eichenholztisch-220\/\",\"name\":\"Moderner und nachhaltiger Massivholz-Eichentisch 220 cm | Wood &amp; Wise\",\"isPartOf\":{\"@id\":\"https:\/\/www.woodandwise.com\/#website\"},\"primaryImageOfPage\":{\"@id\":\"https:\/\/www.woodandwise.com\/de\/shop\/eichenholztisch-220\/#primaryimage\"},\"image\":{\"@id\":\"https:\/\/www.woodandwise.com\/de\/shop\/eichenholztisch-220\/#primaryimage\"},\"thumbnailUrl\":\"https:\/\/www.woodandwise.com\/wp-content\/uploads\/2022\/07\/O-001-L-2200.jpg\",\"datePublished\":\"2022-07-25T06:59:18+00:00\",\"dateModified\":\"2023-03-23T16:45:33+00:00\",\"description\":\"Entdecken Sie den nachhaltigen Massivholztisch aus Eiche, der Ihren R\u00e4umen W\u00e4rme und Originalit\u00e4t verleiht. Mit einer L\u00e4nge von 220 cm ist es ein Einzelst\u00fcck von Wood & Wise.\",\"breadcrumb\":{\"@id\":\"https:\/\/www.woodandwise.com\/de\/shop\/eichenholztisch-220\/#breadcrumb\"},\"inLanguage\":\"de\",\"potentialAction\":[{\"@type\":\"ReadAction\",\"target\":[\"https:\/\/www.woodandwise.com\/de\/shop\/eichenholztisch-220\/\"]}]},{\"@type\":\"ImageObject\",\"inLanguage\":\"de\",\"@id\":\"https:\/\/www.woodandwise.com\/de\/shop\/eichenholztisch-220\/#primaryimage\",\"url\":\"https:\/\/www.woodandwise.com\/wp-content\/uploads\/2022\/07\/O-001-L-2200.jpg\",\"contentUrl\":\"https:\/\/www.woodandwise.com\/wp-content\/uploads\/2022\/07\/O-001-L-2200.jpg\",\"width\":1412,\"height\":1056},{\"@type\":\"BreadcrumbList\",\"@id\":\"https:\/\/www.woodandwise.com\/de\/shop\/eichenholztisch-220\/#breadcrumb\",\"itemListElement\":[{\"@type\":\"ListItem\",\"position\":1,\"name\":\"Homepage\",\"item\":\"https:\/\/www.woodandwise.com\/de\/\"},{\"@type\":\"ListItem\",\"position\":2,\"name\":\"Eichenholztisch, 220 cm\"}]},{\"@type\":\"WebSite\",\"@id\":\"https:\/\/www.woodandwise.com\/#website\",\"url\":\"https:\/\/www.woodandwise.com\/\",\"name\":\"Wood &amp; Wise\",\"description\":\"Tavoli in legno di design\",\"publisher\":{\"@id\":\"https:\/\/www.woodandwise.com\/#organization\"},\"potentialAction\":[{\"@type\":\"SearchAction\",\"target\":{\"@type\":\"EntryPoint\",\"urlTemplate\":\"https:\/\/www.woodandwise.com\/?s={search_term_string}\"},\"query-input\":{\"@type\":\"PropertyValueSpecification\",\"valueRequired\":true,\"valueName\":\"search_term_string\"}}],\"inLanguage\":\"de\"},{\"@type\":\"Organization\",\"@id\":\"https:\/\/www.woodandwise.com\/#organization\",\"name\":\"Wood & Wise\",\"url\":\"https:\/\/www.woodandwise.com\/\",\"logo\":{\"@type\":\"ImageObject\",\"inLanguage\":\"de\",\"@id\":\"https:\/\/www.woodandwise.com\/#\/schema\/logo\/image\/\",\"url\":\"https:\/\/www.woodandwise.com\/wp-content\/uploads\/2022\/11\/logo.png\",\"contentUrl\":\"https:\/\/www.woodandwise.com\/wp-content\/uploads\/2022\/11\/logo.png\",\"width\":364,\"height\":40,\"caption\":\"Wood & Wise\"},\"image\":{\"@id\":\"https:\/\/www.woodandwise.com\/#\/schema\/logo\/image\/\"}}]}<\/script>\n<!-- \/ Yoast SEO plugin. -->","yoast_head_json":{"title":"Moderner und nachhaltiger Massivholz-Eichentisch 220 cm | Wood &amp; Wise","description":"Entdecken Sie den nachhaltigen Massivholztisch aus Eiche, der Ihren R\u00e4umen W\u00e4rme und Originalit\u00e4t verleiht. Mit einer L\u00e4nge von 220 cm ist es ein Einzelst\u00fcck von Wood & Wise.","robots":{"index":"index","follow":"follow","max-snippet":"max-snippet:-1","max-image-preview":"max-image-preview:large","max-video-preview":"max-video-preview:-1"},"canonical":"https:\/\/www.woodandwise.com\/de\/shop\/eichenholztisch-220\/","og_locale":"de_DE","og_type":"article","og_title":"Moderner und nachhaltiger Massivholz-Eichentisch 220 cm | Wood &amp; Wise","og_description":"Entdecken Sie den nachhaltigen Massivholztisch aus Eiche, der Ihren R\u00e4umen W\u00e4rme und Originalit\u00e4t verleiht. Mit einer L\u00e4nge von 220 cm ist es ein Einzelst\u00fcck von Wood & Wise.","og_url":"https:\/\/www.woodandwise.com\/de\/shop\/eichenholztisch-220\/","og_site_name":"Wood &amp; Wise","article_modified_time":"2023-03-23T16:45:33+00:00","og_image":[{"width":1412,"height":1056,"url":"https:\/\/www.woodandwise.com\/wp-content\/uploads\/2022\/07\/O-001-L-2200.jpg","type":"image\/jpeg"}],"twitter_card":"summary_large_image","twitter_misc":{"Gesch\u00e4tzte Lesezeit":"1\u00a0Minute"},"schema":{"@context":"https:\/\/schema.org","@graph":[{"@type":"WebPage","@id":"https:\/\/www.woodandwise.com\/de\/shop\/eichenholztisch-220\/","url":"https:\/\/www.woodandwise.com\/de\/shop\/eichenholztisch-220\/","name":"Moderner und nachhaltiger Massivholz-Eichentisch 220 cm | Wood &amp; Wise","isPartOf":{"@id":"https:\/\/www.woodandwise.com\/#website"},"primaryImageOfPage":{"@id":"https:\/\/www.woodandwise.com\/de\/shop\/eichenholztisch-220\/#primaryimage"},"image":{"@id":"https:\/\/www.woodandwise.com\/de\/shop\/eichenholztisch-220\/#primaryimage"},"thumbnailUrl":"https:\/\/www.woodandwise.com\/wp-content\/uploads\/2022\/07\/O-001-L-2200.jpg","datePublished":"2022-07-25T06:59:18+00:00","dateModified":"2023-03-23T16:45:33+00:00","description":"Entdecken Sie den nachhaltigen Massivholztisch aus Eiche, der Ihren R\u00e4umen W\u00e4rme und Originalit\u00e4t verleiht. Mit einer L\u00e4nge von 220 cm ist es ein Einzelst\u00fcck von Wood & Wise.","breadcrumb":{"@id":"https:\/\/www.woodandwise.com\/de\/shop\/eichenholztisch-220\/#breadcrumb"},"inLanguage":"de","potentialAction":[{"@type":"ReadAction","target":["https:\/\/www.woodandwise.com\/de\/shop\/eichenholztisch-220\/"]}]},{"@type":"ImageObject","inLanguage":"de","@id":"https:\/\/www.woodandwise.com\/de\/shop\/eichenholztisch-220\/#primaryimage","url":"https:\/\/www.woodandwise.com\/wp-content\/uploads\/2022\/07\/O-001-L-2200.jpg","contentUrl":"https:\/\/www.woodandwise.com\/wp-content\/uploads\/2022\/07\/O-001-L-2200.jpg","width":1412,"height":1056},{"@type":"BreadcrumbList","@id":"https:\/\/www.woodandwise.com\/de\/shop\/eichenholztisch-220\/#breadcrumb","itemListElement":[{"@type":"ListItem","position":1,"name":"Homepage","item":"https:\/\/www.woodandwise.com\/de\/"},{"@type":"ListItem","position":2,"name":"Eichenholztisch, 220 cm"}]},{"@type":"WebSite","@id":"https:\/\/www.woodandwise.com\/#website","url":"https:\/\/www.woodandwise.com\/","name":"Wood &amp; Wise","description":"Tavoli in legno di design","publisher":{"@id":"https:\/\/www.woodandwise.com\/#organization"},"potentialAction":[{"@type":"SearchAction","target":{"@type":"EntryPoint","urlTemplate":"https:\/\/www.woodandwise.com\/?s={search_term_string}"},"query-input":{"@type":"PropertyValueSpecification","valueRequired":true,"valueName":"search_term_string"}}],"inLanguage":"de"},{"@type":"Organization","@id":"https:\/\/www.woodandwise.com\/#organization","name":"Wood & Wise","url":"https:\/\/www.woodandwise.com\/","logo":{"@type":"ImageObject","inLanguage":"de","@id":"https:\/\/www.woodandwise.com\/#\/schema\/logo\/image\/","url":"https:\/\/www.woodandwise.com\/wp-content\/uploads\/2022\/11\/logo.png","contentUrl":"https:\/\/www.woodandwise.com\/wp-content\/uploads\/2022\/11\/logo.png","width":364,"height":40,"caption":"Wood & Wise"},"image":{"@id":"https:\/\/www.woodandwise.com\/#\/schema\/logo\/image\/"}}]}},"_links":{"self":[{"href":"https:\/\/www.woodandwise.com\/de\/wp-json\/wp\/v2\/product\/2188","targetHints":{"allow":["GET"]}}],"collection":[{"href":"https:\/\/www.woodandwise.com\/de\/wp-json\/wp\/v2\/product"}],"about":[{"href":"https:\/\/www.woodandwise.com\/de\/wp-json\/wp\/v2\/types\/product"}],"wp:featuredmedia":[{"embeddable":true,"href":"https:\/\/www.woodandwise.com\/de\/wp-json\/wp\/v2\/media\/4527"}],"wp:attachment":[{"href":"https:\/\/www.woodandwise.com\/de\/wp-json\/wp\/v2\/media?parent=2188"}],"wp:term":[{"taxonomy":"product_brand","embeddable":true,"href":"https:\/\/www.woodandwise.com\/de\/wp-json\/wp\/v2\/product_brand?post=2188"},{"taxonomy":"product_cat","embeddable":true,"href":"https:\/\/www.woodandwise.com\/de\/wp-json\/wp\/v2\/product_cat?post=2188"},{"taxonomy":"product_tag","embeddable":true,"href":"https:\/\/www.woodandwise.com\/de\/wp-json\/wp\/v2\/product_tag?post=2188"}],"curies":[{"name":"wp","href":"https:\/\/api.w.org\/{rel}","templated":true}]}}