{"id":2492,"date":"2022-11-16T10:19:46","date_gmt":"2022-11-16T09:19:46","guid":{"rendered":"https:\/\/www.woodandwise.com\/?post_type=product&#038;p=2492"},"modified":"2023-03-23T17:22:06","modified_gmt":"2023-03-23T16:22:06","slug":"eichenholztisch-200-cm","status":"publish","type":"product","link":"https:\/\/www.woodandwise.com\/de\/shop\/eichenholztisch-200-cm\/","title":{"rendered":"Eichenholztisch, 200 cm"},"content":{"rendered":"<p>Der 200 cm lange Wood &amp; Wise Designtisch aus Eiche ist ein modernes und vielseitiges M\u00f6belst\u00fcck. Er passt perfekt in farbenfrohe und lebendige Umgebungen, aber auch in dunklere R\u00e4ume, dank des hellen Farbtons der Eiche. Die Platte kann mit einem von vier Metallfu\u00dfmodellen kombiniert werden, je nachdem, welchen Stil Sie bevorzugen.<\/p>\n","protected":false},"excerpt":{"rendered":"<p>Designen-Tisch aus Eiche, perfekt f\u00fcr bunte und lebendige Umgebungen oder f\u00fcr weniger helle R\u00e4ume, im Haus und dar\u00fcber hinaus.<\/p>\n","protected":false},"featured_media":4539,"template":"","meta":[],"product_brand":[],"product_cat":[65],"product_tag":[],"class_list":{"0":"post-2492","1":"product","2":"type-product","3":"status-publish","4":"has-post-thumbnail","6":"product_cat-tische","8":"first","9":"instock","10":"taxable","11":"shipping-taxable","12":"purchasable","13":"product-type-variable"},"yoast_head":"<!-- This site is optimized with the Yoast SEO plugin v24.6 - https:\/\/yoast.com\/wordpress\/plugins\/seo\/ -->\n<title>Moderner Tisch in Eiche 200 cm | Wood &amp; Wise<\/title>\n<meta name=\"description\" content=\"Entdecken Sie den 200 cm langen Wood &amp; Wise Holztisch aus Eiche. Modern, einzigartig und von Design, kann es mit vier verschiedenen Modellen von Metallbeinen kombiniert werden.\" \/>\n<meta name=\"robots\" content=\"index, follow, max-snippet:-1, max-image-preview:large, max-video-preview:-1\" \/>\n<link rel=\"canonical\" href=\"https:\/\/www.woodandwise.com\/de\/shop\/eichenholztisch-200-cm\/\" \/>\n<meta property=\"og:locale\" content=\"de_DE\" \/>\n<meta property=\"og:type\" content=\"article\" \/>\n<meta property=\"og:title\" content=\"Moderner Tisch in Eiche 200 cm | Wood &amp; Wise\" \/>\n<meta property=\"og:description\" content=\"Entdecken Sie den 200 cm langen Wood &amp; Wise Holztisch aus Eiche. Modern, einzigartig und von Design, kann es mit vier verschiedenen Modellen von Metallbeinen kombiniert werden.\" \/>\n<meta property=\"og:url\" content=\"https:\/\/www.woodandwise.com\/de\/shop\/eichenholztisch-200-cm\/\" \/>\n<meta property=\"og:site_name\" content=\"Wood &amp; Wise\" \/>\n<meta property=\"article:modified_time\" content=\"2023-03-23T16:22:06+00:00\" \/>\n<meta property=\"og:image\" content=\"https:\/\/www.woodandwise.com\/wp-content\/uploads\/2022\/11\/O-003-L-2000.jpg\" \/>\n\t<meta property=\"og:image:width\" content=\"1412\" \/>\n\t<meta property=\"og:image:height\" content=\"1056\" \/>\n\t<meta property=\"og:image:type\" content=\"image\/jpeg\" \/>\n<meta name=\"twitter:card\" content=\"summary_large_image\" \/>\n<meta name=\"twitter:label1\" content=\"Gesch\u00e4tzte Lesezeit\" \/>\n\t<meta name=\"twitter:data1\" content=\"1\u00a0Minute\" \/>\n<script type=\"application\/ld+json\" class=\"yoast-schema-graph\">{\"@context\":\"https:\/\/schema.org\",\"@graph\":[{\"@type\":\"WebPage\",\"@id\":\"https:\/\/www.woodandwise.com\/de\/shop\/eichenholztisch-200-cm\/\",\"url\":\"https:\/\/www.woodandwise.com\/de\/shop\/eichenholztisch-200-cm\/\",\"name\":\"Moderner Tisch in Eiche 200 cm | Wood &amp; Wise\",\"isPartOf\":{\"@id\":\"https:\/\/www.woodandwise.com\/#website\"},\"primaryImageOfPage\":{\"@id\":\"https:\/\/www.woodandwise.com\/de\/shop\/eichenholztisch-200-cm\/#primaryimage\"},\"image\":{\"@id\":\"https:\/\/www.woodandwise.com\/de\/shop\/eichenholztisch-200-cm\/#primaryimage\"},\"thumbnailUrl\":\"https:\/\/www.woodandwise.com\/wp-content\/uploads\/2022\/11\/O-003-L-2000.jpg\",\"datePublished\":\"2022-11-16T09:19:46+00:00\",\"dateModified\":\"2023-03-23T16:22:06+00:00\",\"description\":\"Entdecken Sie den 200 cm langen Wood & Wise Holztisch aus Eiche. Modern, einzigartig und von Design, kann es mit vier verschiedenen Modellen von Metallbeinen kombiniert werden.\",\"breadcrumb\":{\"@id\":\"https:\/\/www.woodandwise.com\/de\/shop\/eichenholztisch-200-cm\/#breadcrumb\"},\"inLanguage\":\"de\",\"potentialAction\":[{\"@type\":\"ReadAction\",\"target\":[\"https:\/\/www.woodandwise.com\/de\/shop\/eichenholztisch-200-cm\/\"]}]},{\"@type\":\"ImageObject\",\"inLanguage\":\"de\",\"@id\":\"https:\/\/www.woodandwise.com\/de\/shop\/eichenholztisch-200-cm\/#primaryimage\",\"url\":\"https:\/\/www.woodandwise.com\/wp-content\/uploads\/2022\/11\/O-003-L-2000.jpg\",\"contentUrl\":\"https:\/\/www.woodandwise.com\/wp-content\/uploads\/2022\/11\/O-003-L-2000.jpg\",\"width\":1412,\"height\":1056},{\"@type\":\"BreadcrumbList\",\"@id\":\"https:\/\/www.woodandwise.com\/de\/shop\/eichenholztisch-200-cm\/#breadcrumb\",\"itemListElement\":[{\"@type\":\"ListItem\",\"position\":1,\"name\":\"Homepage\",\"item\":\"https:\/\/www.woodandwise.com\/de\/\"},{\"@type\":\"ListItem\",\"position\":2,\"name\":\"Eichenholztisch, 200 cm\"}]},{\"@type\":\"WebSite\",\"@id\":\"https:\/\/www.woodandwise.com\/#website\",\"url\":\"https:\/\/www.woodandwise.com\/\",\"name\":\"Wood &amp; Wise\",\"description\":\"Tavoli in legno di design\",\"publisher\":{\"@id\":\"https:\/\/www.woodandwise.com\/#organization\"},\"potentialAction\":[{\"@type\":\"SearchAction\",\"target\":{\"@type\":\"EntryPoint\",\"urlTemplate\":\"https:\/\/www.woodandwise.com\/?s={search_term_string}\"},\"query-input\":{\"@type\":\"PropertyValueSpecification\",\"valueRequired\":true,\"valueName\":\"search_term_string\"}}],\"inLanguage\":\"de\"},{\"@type\":\"Organization\",\"@id\":\"https:\/\/www.woodandwise.com\/#organization\",\"name\":\"Wood & Wise\",\"url\":\"https:\/\/www.woodandwise.com\/\",\"logo\":{\"@type\":\"ImageObject\",\"inLanguage\":\"de\",\"@id\":\"https:\/\/www.woodandwise.com\/#\/schema\/logo\/image\/\",\"url\":\"https:\/\/www.woodandwise.com\/wp-content\/uploads\/2022\/11\/logo.png\",\"contentUrl\":\"https:\/\/www.woodandwise.com\/wp-content\/uploads\/2022\/11\/logo.png\",\"width\":364,\"height\":40,\"caption\":\"Wood & Wise\"},\"image\":{\"@id\":\"https:\/\/www.woodandwise.com\/#\/schema\/logo\/image\/\"}}]}<\/script>\n<!-- \/ Yoast SEO plugin. -->","yoast_head_json":{"title":"Moderner Tisch in Eiche 200 cm | Wood &amp; Wise","description":"Entdecken Sie den 200 cm langen Wood & Wise Holztisch aus Eiche. Modern, einzigartig und von Design, kann es mit vier verschiedenen Modellen von Metallbeinen kombiniert werden.","robots":{"index":"index","follow":"follow","max-snippet":"max-snippet:-1","max-image-preview":"max-image-preview:large","max-video-preview":"max-video-preview:-1"},"canonical":"https:\/\/www.woodandwise.com\/de\/shop\/eichenholztisch-200-cm\/","og_locale":"de_DE","og_type":"article","og_title":"Moderner Tisch in Eiche 200 cm | Wood &amp; Wise","og_description":"Entdecken Sie den 200 cm langen Wood & Wise Holztisch aus Eiche. Modern, einzigartig und von Design, kann es mit vier verschiedenen Modellen von Metallbeinen kombiniert werden.","og_url":"https:\/\/www.woodandwise.com\/de\/shop\/eichenholztisch-200-cm\/","og_site_name":"Wood &amp; Wise","article_modified_time":"2023-03-23T16:22:06+00:00","og_image":[{"width":1412,"height":1056,"url":"https:\/\/www.woodandwise.com\/wp-content\/uploads\/2022\/11\/O-003-L-2000.jpg","type":"image\/jpeg"}],"twitter_card":"summary_large_image","twitter_misc":{"Gesch\u00e4tzte Lesezeit":"1\u00a0Minute"},"schema":{"@context":"https:\/\/schema.org","@graph":[{"@type":"WebPage","@id":"https:\/\/www.woodandwise.com\/de\/shop\/eichenholztisch-200-cm\/","url":"https:\/\/www.woodandwise.com\/de\/shop\/eichenholztisch-200-cm\/","name":"Moderner Tisch in Eiche 200 cm | Wood &amp; Wise","isPartOf":{"@id":"https:\/\/www.woodandwise.com\/#website"},"primaryImageOfPage":{"@id":"https:\/\/www.woodandwise.com\/de\/shop\/eichenholztisch-200-cm\/#primaryimage"},"image":{"@id":"https:\/\/www.woodandwise.com\/de\/shop\/eichenholztisch-200-cm\/#primaryimage"},"thumbnailUrl":"https:\/\/www.woodandwise.com\/wp-content\/uploads\/2022\/11\/O-003-L-2000.jpg","datePublished":"2022-11-16T09:19:46+00:00","dateModified":"2023-03-23T16:22:06+00:00","description":"Entdecken Sie den 200 cm langen Wood & Wise Holztisch aus Eiche. Modern, einzigartig und von Design, kann es mit vier verschiedenen Modellen von Metallbeinen kombiniert werden.","breadcrumb":{"@id":"https:\/\/www.woodandwise.com\/de\/shop\/eichenholztisch-200-cm\/#breadcrumb"},"inLanguage":"de","potentialAction":[{"@type":"ReadAction","target":["https:\/\/www.woodandwise.com\/de\/shop\/eichenholztisch-200-cm\/"]}]},{"@type":"ImageObject","inLanguage":"de","@id":"https:\/\/www.woodandwise.com\/de\/shop\/eichenholztisch-200-cm\/#primaryimage","url":"https:\/\/www.woodandwise.com\/wp-content\/uploads\/2022\/11\/O-003-L-2000.jpg","contentUrl":"https:\/\/www.woodandwise.com\/wp-content\/uploads\/2022\/11\/O-003-L-2000.jpg","width":1412,"height":1056},{"@type":"BreadcrumbList","@id":"https:\/\/www.woodandwise.com\/de\/shop\/eichenholztisch-200-cm\/#breadcrumb","itemListElement":[{"@type":"ListItem","position":1,"name":"Homepage","item":"https:\/\/www.woodandwise.com\/de\/"},{"@type":"ListItem","position":2,"name":"Eichenholztisch, 200 cm"}]},{"@type":"WebSite","@id":"https:\/\/www.woodandwise.com\/#website","url":"https:\/\/www.woodandwise.com\/","name":"Wood &amp; Wise","description":"Tavoli in legno di design","publisher":{"@id":"https:\/\/www.woodandwise.com\/#organization"},"potentialAction":[{"@type":"SearchAction","target":{"@type":"EntryPoint","urlTemplate":"https:\/\/www.woodandwise.com\/?s={search_term_string}"},"query-input":{"@type":"PropertyValueSpecification","valueRequired":true,"valueName":"search_term_string"}}],"inLanguage":"de"},{"@type":"Organization","@id":"https:\/\/www.woodandwise.com\/#organization","name":"Wood & Wise","url":"https:\/\/www.woodandwise.com\/","logo":{"@type":"ImageObject","inLanguage":"de","@id":"https:\/\/www.woodandwise.com\/#\/schema\/logo\/image\/","url":"https:\/\/www.woodandwise.com\/wp-content\/uploads\/2022\/11\/logo.png","contentUrl":"https:\/\/www.woodandwise.com\/wp-content\/uploads\/2022\/11\/logo.png","width":364,"height":40,"caption":"Wood & Wise"},"image":{"@id":"https:\/\/www.woodandwise.com\/#\/schema\/logo\/image\/"}}]}},"_links":{"self":[{"href":"https:\/\/www.woodandwise.com\/de\/wp-json\/wp\/v2\/product\/2492","targetHints":{"allow":["GET"]}}],"collection":[{"href":"https:\/\/www.woodandwise.com\/de\/wp-json\/wp\/v2\/product"}],"about":[{"href":"https:\/\/www.woodandwise.com\/de\/wp-json\/wp\/v2\/types\/product"}],"wp:featuredmedia":[{"embeddable":true,"href":"https:\/\/www.woodandwise.com\/de\/wp-json\/wp\/v2\/media\/4539"}],"wp:attachment":[{"href":"https:\/\/www.woodandwise.com\/de\/wp-json\/wp\/v2\/media?parent=2492"}],"wp:term":[{"taxonomy":"product_brand","embeddable":true,"href":"https:\/\/www.woodandwise.com\/de\/wp-json\/wp\/v2\/product_brand?post=2492"},{"taxonomy":"product_cat","embeddable":true,"href":"https:\/\/www.woodandwise.com\/de\/wp-json\/wp\/v2\/product_cat?post=2492"},{"taxonomy":"product_tag","embeddable":true,"href":"https:\/\/www.woodandwise.com\/de\/wp-json\/wp\/v2\/product_tag?post=2492"}],"curies":[{"name":"wp","href":"https:\/\/api.w.org\/{rel}","templated":true}]}}