{"id":2596,"date":"2022-11-16T10:57:36","date_gmt":"2022-11-16T09:57:36","guid":{"rendered":"https:\/\/www.woodandwise.com\/?post_type=product&#038;p=2596"},"modified":"2023-03-23T16:36:26","modified_gmt":"2023-03-23T15:36:26","slug":"eichenholztisch-260-cm","status":"publish","type":"product","link":"https:\/\/www.woodandwise.com\/de\/shop\/eichenholztisch-260-cm\/","title":{"rendered":"Eichenholztisch, 260 cm"},"content":{"rendered":"<p>Unser 260 cm langer <strong>Design-Tisch aus Eich<\/strong>e richtet Ihre R\u00e4ume in einem zeitgen\u00f6ssischen Stil ein. Es ist umweltfreundlich, da er aus wiederverwerbaren Holz aus anderen Prozessen hergestellt wird, und passt zu Ihrem Stil, besonders in helle und farbenfrohe R\u00e4ume oder in weniger helle R\u00e4ume, dank des hellen Farbtons des Holzes.<\/p>\n","protected":false},"excerpt":{"rendered":"<p>Designtisch aus Eiche: ein einzigartiges M\u00f6belst\u00fcck f\u00fcr Ihre modernste Umgebung, mit der ganzen Nachhaltigkeit von Wood &amp; Wise.<\/p>\n","protected":false},"featured_media":4568,"template":"","meta":[],"product_brand":[],"product_cat":[65],"product_tag":[],"class_list":{"0":"post-2596","1":"product","2":"type-product","3":"status-publish","4":"has-post-thumbnail","6":"product_cat-tische","8":"first","9":"instock","10":"taxable","11":"shipping-taxable","12":"purchasable","13":"product-type-variable"},"yoast_head":"<!-- This site is optimized with the Yoast SEO plugin v24.6 - https:\/\/yoast.com\/wordpress\/plugins\/seo\/ -->\n<title>Eichenholztisch, 260 cm | Wood &amp; Wise<\/title>\n<meta name=\"description\" content=\"Kaufen Sie den 260 cm Designtisch aus Eiche von Wood &amp; Wise: Nachhaltigkeit und Fliesen f\u00fcr Ihre moderneren R\u00e4ume.\" \/>\n<meta name=\"robots\" content=\"index, follow, max-snippet:-1, max-image-preview:large, max-video-preview:-1\" \/>\n<link rel=\"canonical\" href=\"https:\/\/www.woodandwise.com\/de\/shop\/eichenholztisch-260-cm\/\" \/>\n<meta property=\"og:locale\" content=\"de_DE\" \/>\n<meta property=\"og:type\" content=\"article\" \/>\n<meta property=\"og:title\" content=\"Eichenholztisch, 260 cm | Wood &amp; Wise\" \/>\n<meta property=\"og:description\" content=\"Kaufen Sie den 260 cm Designtisch aus Eiche von Wood &amp; Wise: Nachhaltigkeit und Fliesen f\u00fcr Ihre moderneren R\u00e4ume.\" \/>\n<meta property=\"og:url\" content=\"https:\/\/www.woodandwise.com\/de\/shop\/eichenholztisch-260-cm\/\" \/>\n<meta property=\"og:site_name\" content=\"Wood &amp; Wise\" \/>\n<meta property=\"article:modified_time\" content=\"2023-03-23T15:36:26+00:00\" \/>\n<meta property=\"og:image\" content=\"https:\/\/www.woodandwise.com\/wp-content\/uploads\/2022\/11\/O-13-L-2600.jpg\" \/>\n\t<meta property=\"og:image:width\" content=\"1412\" \/>\n\t<meta property=\"og:image:height\" content=\"1056\" \/>\n\t<meta property=\"og:image:type\" content=\"image\/jpeg\" \/>\n<meta name=\"twitter:card\" content=\"summary_large_image\" \/>\n<meta name=\"twitter:label1\" content=\"Gesch\u00e4tzte Lesezeit\" \/>\n\t<meta name=\"twitter:data1\" content=\"1\u00a0Minute\" \/>\n<script type=\"application\/ld+json\" class=\"yoast-schema-graph\">{\"@context\":\"https:\/\/schema.org\",\"@graph\":[{\"@type\":\"WebPage\",\"@id\":\"https:\/\/www.woodandwise.com\/de\/shop\/eichenholztisch-260-cm\/\",\"url\":\"https:\/\/www.woodandwise.com\/de\/shop\/eichenholztisch-260-cm\/\",\"name\":\"Eichenholztisch, 260 cm | Wood &amp; Wise\",\"isPartOf\":{\"@id\":\"https:\/\/www.woodandwise.com\/#website\"},\"primaryImageOfPage\":{\"@id\":\"https:\/\/www.woodandwise.com\/de\/shop\/eichenholztisch-260-cm\/#primaryimage\"},\"image\":{\"@id\":\"https:\/\/www.woodandwise.com\/de\/shop\/eichenholztisch-260-cm\/#primaryimage\"},\"thumbnailUrl\":\"https:\/\/www.woodandwise.com\/wp-content\/uploads\/2022\/11\/O-13-L-2600.jpg\",\"datePublished\":\"2022-11-16T09:57:36+00:00\",\"dateModified\":\"2023-03-23T15:36:26+00:00\",\"description\":\"Kaufen Sie den 260 cm Designtisch aus Eiche von Wood & Wise: Nachhaltigkeit und Fliesen f\u00fcr Ihre moderneren R\u00e4ume.\",\"breadcrumb\":{\"@id\":\"https:\/\/www.woodandwise.com\/de\/shop\/eichenholztisch-260-cm\/#breadcrumb\"},\"inLanguage\":\"de\",\"potentialAction\":[{\"@type\":\"ReadAction\",\"target\":[\"https:\/\/www.woodandwise.com\/de\/shop\/eichenholztisch-260-cm\/\"]}]},{\"@type\":\"ImageObject\",\"inLanguage\":\"de\",\"@id\":\"https:\/\/www.woodandwise.com\/de\/shop\/eichenholztisch-260-cm\/#primaryimage\",\"url\":\"https:\/\/www.woodandwise.com\/wp-content\/uploads\/2022\/11\/O-13-L-2600.jpg\",\"contentUrl\":\"https:\/\/www.woodandwise.com\/wp-content\/uploads\/2022\/11\/O-13-L-2600.jpg\",\"width\":1412,\"height\":1056},{\"@type\":\"BreadcrumbList\",\"@id\":\"https:\/\/www.woodandwise.com\/de\/shop\/eichenholztisch-260-cm\/#breadcrumb\",\"itemListElement\":[{\"@type\":\"ListItem\",\"position\":1,\"name\":\"Homepage\",\"item\":\"https:\/\/www.woodandwise.com\/de\/\"},{\"@type\":\"ListItem\",\"position\":2,\"name\":\"Eichenholztisch, 260 cm\"}]},{\"@type\":\"WebSite\",\"@id\":\"https:\/\/www.woodandwise.com\/#website\",\"url\":\"https:\/\/www.woodandwise.com\/\",\"name\":\"Wood &amp; Wise\",\"description\":\"Tavoli in legno di design\",\"publisher\":{\"@id\":\"https:\/\/www.woodandwise.com\/#organization\"},\"potentialAction\":[{\"@type\":\"SearchAction\",\"target\":{\"@type\":\"EntryPoint\",\"urlTemplate\":\"https:\/\/www.woodandwise.com\/?s={search_term_string}\"},\"query-input\":{\"@type\":\"PropertyValueSpecification\",\"valueRequired\":true,\"valueName\":\"search_term_string\"}}],\"inLanguage\":\"de\"},{\"@type\":\"Organization\",\"@id\":\"https:\/\/www.woodandwise.com\/#organization\",\"name\":\"Wood & Wise\",\"url\":\"https:\/\/www.woodandwise.com\/\",\"logo\":{\"@type\":\"ImageObject\",\"inLanguage\":\"de\",\"@id\":\"https:\/\/www.woodandwise.com\/#\/schema\/logo\/image\/\",\"url\":\"https:\/\/www.woodandwise.com\/wp-content\/uploads\/2022\/11\/logo.png\",\"contentUrl\":\"https:\/\/www.woodandwise.com\/wp-content\/uploads\/2022\/11\/logo.png\",\"width\":364,\"height\":40,\"caption\":\"Wood & Wise\"},\"image\":{\"@id\":\"https:\/\/www.woodandwise.com\/#\/schema\/logo\/image\/\"}}]}<\/script>\n<!-- \/ Yoast SEO plugin. -->","yoast_head_json":{"title":"Eichenholztisch, 260 cm | Wood &amp; Wise","description":"Kaufen Sie den 260 cm Designtisch aus Eiche von Wood & Wise: Nachhaltigkeit und Fliesen f\u00fcr Ihre moderneren R\u00e4ume.","robots":{"index":"index","follow":"follow","max-snippet":"max-snippet:-1","max-image-preview":"max-image-preview:large","max-video-preview":"max-video-preview:-1"},"canonical":"https:\/\/www.woodandwise.com\/de\/shop\/eichenholztisch-260-cm\/","og_locale":"de_DE","og_type":"article","og_title":"Eichenholztisch, 260 cm | Wood &amp; Wise","og_description":"Kaufen Sie den 260 cm Designtisch aus Eiche von Wood & Wise: Nachhaltigkeit und Fliesen f\u00fcr Ihre moderneren R\u00e4ume.","og_url":"https:\/\/www.woodandwise.com\/de\/shop\/eichenholztisch-260-cm\/","og_site_name":"Wood &amp; Wise","article_modified_time":"2023-03-23T15:36:26+00:00","og_image":[{"width":1412,"height":1056,"url":"https:\/\/www.woodandwise.com\/wp-content\/uploads\/2022\/11\/O-13-L-2600.jpg","type":"image\/jpeg"}],"twitter_card":"summary_large_image","twitter_misc":{"Gesch\u00e4tzte Lesezeit":"1\u00a0Minute"},"schema":{"@context":"https:\/\/schema.org","@graph":[{"@type":"WebPage","@id":"https:\/\/www.woodandwise.com\/de\/shop\/eichenholztisch-260-cm\/","url":"https:\/\/www.woodandwise.com\/de\/shop\/eichenholztisch-260-cm\/","name":"Eichenholztisch, 260 cm | Wood &amp; Wise","isPartOf":{"@id":"https:\/\/www.woodandwise.com\/#website"},"primaryImageOfPage":{"@id":"https:\/\/www.woodandwise.com\/de\/shop\/eichenholztisch-260-cm\/#primaryimage"},"image":{"@id":"https:\/\/www.woodandwise.com\/de\/shop\/eichenholztisch-260-cm\/#primaryimage"},"thumbnailUrl":"https:\/\/www.woodandwise.com\/wp-content\/uploads\/2022\/11\/O-13-L-2600.jpg","datePublished":"2022-11-16T09:57:36+00:00","dateModified":"2023-03-23T15:36:26+00:00","description":"Kaufen Sie den 260 cm Designtisch aus Eiche von Wood & Wise: Nachhaltigkeit und Fliesen f\u00fcr Ihre moderneren R\u00e4ume.","breadcrumb":{"@id":"https:\/\/www.woodandwise.com\/de\/shop\/eichenholztisch-260-cm\/#breadcrumb"},"inLanguage":"de","potentialAction":[{"@type":"ReadAction","target":["https:\/\/www.woodandwise.com\/de\/shop\/eichenholztisch-260-cm\/"]}]},{"@type":"ImageObject","inLanguage":"de","@id":"https:\/\/www.woodandwise.com\/de\/shop\/eichenholztisch-260-cm\/#primaryimage","url":"https:\/\/www.woodandwise.com\/wp-content\/uploads\/2022\/11\/O-13-L-2600.jpg","contentUrl":"https:\/\/www.woodandwise.com\/wp-content\/uploads\/2022\/11\/O-13-L-2600.jpg","width":1412,"height":1056},{"@type":"BreadcrumbList","@id":"https:\/\/www.woodandwise.com\/de\/shop\/eichenholztisch-260-cm\/#breadcrumb","itemListElement":[{"@type":"ListItem","position":1,"name":"Homepage","item":"https:\/\/www.woodandwise.com\/de\/"},{"@type":"ListItem","position":2,"name":"Eichenholztisch, 260 cm"}]},{"@type":"WebSite","@id":"https:\/\/www.woodandwise.com\/#website","url":"https:\/\/www.woodandwise.com\/","name":"Wood &amp; Wise","description":"Tavoli in legno di design","publisher":{"@id":"https:\/\/www.woodandwise.com\/#organization"},"potentialAction":[{"@type":"SearchAction","target":{"@type":"EntryPoint","urlTemplate":"https:\/\/www.woodandwise.com\/?s={search_term_string}"},"query-input":{"@type":"PropertyValueSpecification","valueRequired":true,"valueName":"search_term_string"}}],"inLanguage":"de"},{"@type":"Organization","@id":"https:\/\/www.woodandwise.com\/#organization","name":"Wood & Wise","url":"https:\/\/www.woodandwise.com\/","logo":{"@type":"ImageObject","inLanguage":"de","@id":"https:\/\/www.woodandwise.com\/#\/schema\/logo\/image\/","url":"https:\/\/www.woodandwise.com\/wp-content\/uploads\/2022\/11\/logo.png","contentUrl":"https:\/\/www.woodandwise.com\/wp-content\/uploads\/2022\/11\/logo.png","width":364,"height":40,"caption":"Wood & Wise"},"image":{"@id":"https:\/\/www.woodandwise.com\/#\/schema\/logo\/image\/"}}]}},"_links":{"self":[{"href":"https:\/\/www.woodandwise.com\/de\/wp-json\/wp\/v2\/product\/2596","targetHints":{"allow":["GET"]}}],"collection":[{"href":"https:\/\/www.woodandwise.com\/de\/wp-json\/wp\/v2\/product"}],"about":[{"href":"https:\/\/www.woodandwise.com\/de\/wp-json\/wp\/v2\/types\/product"}],"wp:featuredmedia":[{"embeddable":true,"href":"https:\/\/www.woodandwise.com\/de\/wp-json\/wp\/v2\/media\/4568"}],"wp:attachment":[{"href":"https:\/\/www.woodandwise.com\/de\/wp-json\/wp\/v2\/media?parent=2596"}],"wp:term":[{"taxonomy":"product_brand","embeddable":true,"href":"https:\/\/www.woodandwise.com\/de\/wp-json\/wp\/v2\/product_brand?post=2596"},{"taxonomy":"product_cat","embeddable":true,"href":"https:\/\/www.woodandwise.com\/de\/wp-json\/wp\/v2\/product_cat?post=2596"},{"taxonomy":"product_tag","embeddable":true,"href":"https:\/\/www.woodandwise.com\/de\/wp-json\/wp\/v2\/product_tag?post=2596"}],"curies":[{"name":"wp","href":"https:\/\/api.w.org\/{rel}","templated":true}]}}