{"id":3713,"date":"2023-01-27T13:56:28","date_gmt":"2023-01-27T12:56:28","guid":{"rendered":"https:\/\/www.woodandwise.com\/?post_type=product&#038;p=3713"},"modified":"2023-03-22T17:02:12","modified_gmt":"2023-03-22T16:02:12","slug":"eichenholztisch-280","status":"publish","type":"product","link":"https:\/\/www.woodandwise.com\/de\/shop\/eichenholztisch-280\/","title":{"rendered":"Eichenholztisch, 280 cm"},"content":{"rendered":"<p>Unser <strong>raffinierter Eichentisch<\/strong> mit modernem Design bringt Licht, <strong>Eleganz<\/strong> und <strong>Charakter<\/strong> in Ihren Raum. Mit einer L\u00e4nge von 280 cm eignet er sich f\u00fcr moderne, in hellen Farben gehaltene R\u00e4ume oder f\u00fcr weniger helle R\u00e4ume mit dunklen Farben, einschlie\u00dflich Schwarz. W\u00e4hlen Sie Ihren Stil, indem Sie ihn mit einem der vier verf\u00fcgbaren <strong>Metallfu\u00dfmodelle<\/strong> kombinieren.<\/p>\n","protected":false},"excerpt":{"rendered":"<p>Moderner Eichentisch: ein einzigartiges und originelles M\u00f6belst\u00fcck, das sich perfekt f\u00fcr Ihre K\u00fcche, Ihr B\u00fcro oder einen Raum im industriellen Stil eignet.<\/p>\n","protected":false},"featured_media":4531,"template":"","meta":[],"product_brand":[],"product_cat":[65],"product_tag":[],"class_list":{"0":"post-3713","1":"product","2":"type-product","3":"status-publish","4":"has-post-thumbnail","6":"product_cat-tische","8":"first","9":"instock","10":"taxable","11":"shipping-taxable","12":"purchasable","13":"product-type-variable"},"yoast_head":"<!-- This site is optimized with the Yoast SEO plugin v24.6 - https:\/\/yoast.com\/wordpress\/plugins\/seo\/ -->\n<title>Massivholz Eichentisch 280 cm | Wood &amp; Wise<\/title>\n<meta name=\"description\" content=\"W\u00e4hlen Sie in Wood &amp; Wise Massivholz-Eichentisch 280 cm lang. Licht und Pers\u00f6nlichkeit f\u00fcr Ihre R\u00e4ume unter Ber\u00fccksichtigung der Umwelt.\" \/>\n<meta name=\"robots\" content=\"index, follow, max-snippet:-1, max-image-preview:large, max-video-preview:-1\" \/>\n<link rel=\"canonical\" href=\"https:\/\/www.woodandwise.com\/de\/shop\/eichenholztisch-280\/\" \/>\n<meta property=\"og:locale\" content=\"de_DE\" \/>\n<meta property=\"og:type\" content=\"article\" \/>\n<meta property=\"og:title\" content=\"Massivholz Eichentisch 280 cm | Wood &amp; Wise\" \/>\n<meta property=\"og:description\" content=\"W\u00e4hlen Sie in Wood &amp; Wise Massivholz-Eichentisch 280 cm lang. Licht und Pers\u00f6nlichkeit f\u00fcr Ihre R\u00e4ume unter Ber\u00fccksichtigung der Umwelt.\" \/>\n<meta property=\"og:url\" content=\"https:\/\/www.woodandwise.com\/de\/shop\/eichenholztisch-280\/\" \/>\n<meta property=\"og:site_name\" content=\"Wood &amp; Wise\" \/>\n<meta property=\"article:modified_time\" content=\"2023-03-22T16:02:12+00:00\" \/>\n<meta property=\"og:image\" content=\"https:\/\/www.woodandwise.com\/wp-content\/uploads\/2023\/01\/O-012-L-2800.jpg\" \/>\n\t<meta property=\"og:image:width\" content=\"1412\" \/>\n\t<meta property=\"og:image:height\" content=\"1056\" \/>\n\t<meta property=\"og:image:type\" content=\"image\/jpeg\" \/>\n<meta name=\"twitter:card\" content=\"summary_large_image\" \/>\n<meta name=\"twitter:label1\" content=\"Gesch\u00e4tzte Lesezeit\" \/>\n\t<meta name=\"twitter:data1\" content=\"1\u00a0Minute\" \/>\n<script type=\"application\/ld+json\" class=\"yoast-schema-graph\">{\"@context\":\"https:\/\/schema.org\",\"@graph\":[{\"@type\":\"WebPage\",\"@id\":\"https:\/\/www.woodandwise.com\/de\/shop\/eichenholztisch-280\/\",\"url\":\"https:\/\/www.woodandwise.com\/de\/shop\/eichenholztisch-280\/\",\"name\":\"Massivholz Eichentisch 280 cm | Wood &amp; Wise\",\"isPartOf\":{\"@id\":\"https:\/\/www.woodandwise.com\/#website\"},\"primaryImageOfPage\":{\"@id\":\"https:\/\/www.woodandwise.com\/de\/shop\/eichenholztisch-280\/#primaryimage\"},\"image\":{\"@id\":\"https:\/\/www.woodandwise.com\/de\/shop\/eichenholztisch-280\/#primaryimage\"},\"thumbnailUrl\":\"https:\/\/www.woodandwise.com\/wp-content\/uploads\/2023\/01\/O-012-L-2800.jpg\",\"datePublished\":\"2023-01-27T12:56:28+00:00\",\"dateModified\":\"2023-03-22T16:02:12+00:00\",\"description\":\"W\u00e4hlen Sie in Wood & Wise Massivholz-Eichentisch 280 cm lang. Licht und Pers\u00f6nlichkeit f\u00fcr Ihre R\u00e4ume unter Ber\u00fccksichtigung der Umwelt.\",\"breadcrumb\":{\"@id\":\"https:\/\/www.woodandwise.com\/de\/shop\/eichenholztisch-280\/#breadcrumb\"},\"inLanguage\":\"de\",\"potentialAction\":[{\"@type\":\"ReadAction\",\"target\":[\"https:\/\/www.woodandwise.com\/de\/shop\/eichenholztisch-280\/\"]}]},{\"@type\":\"ImageObject\",\"inLanguage\":\"de\",\"@id\":\"https:\/\/www.woodandwise.com\/de\/shop\/eichenholztisch-280\/#primaryimage\",\"url\":\"https:\/\/www.woodandwise.com\/wp-content\/uploads\/2023\/01\/O-012-L-2800.jpg\",\"contentUrl\":\"https:\/\/www.woodandwise.com\/wp-content\/uploads\/2023\/01\/O-012-L-2800.jpg\",\"width\":1412,\"height\":1056},{\"@type\":\"BreadcrumbList\",\"@id\":\"https:\/\/www.woodandwise.com\/de\/shop\/eichenholztisch-280\/#breadcrumb\",\"itemListElement\":[{\"@type\":\"ListItem\",\"position\":1,\"name\":\"Homepage\",\"item\":\"https:\/\/www.woodandwise.com\/de\/\"},{\"@type\":\"ListItem\",\"position\":2,\"name\":\"Eichenholztisch, 280 cm\"}]},{\"@type\":\"WebSite\",\"@id\":\"https:\/\/www.woodandwise.com\/#website\",\"url\":\"https:\/\/www.woodandwise.com\/\",\"name\":\"Wood &amp; Wise\",\"description\":\"Tavoli in legno di design\",\"publisher\":{\"@id\":\"https:\/\/www.woodandwise.com\/#organization\"},\"potentialAction\":[{\"@type\":\"SearchAction\",\"target\":{\"@type\":\"EntryPoint\",\"urlTemplate\":\"https:\/\/www.woodandwise.com\/?s={search_term_string}\"},\"query-input\":{\"@type\":\"PropertyValueSpecification\",\"valueRequired\":true,\"valueName\":\"search_term_string\"}}],\"inLanguage\":\"de\"},{\"@type\":\"Organization\",\"@id\":\"https:\/\/www.woodandwise.com\/#organization\",\"name\":\"Wood & Wise\",\"url\":\"https:\/\/www.woodandwise.com\/\",\"logo\":{\"@type\":\"ImageObject\",\"inLanguage\":\"de\",\"@id\":\"https:\/\/www.woodandwise.com\/#\/schema\/logo\/image\/\",\"url\":\"https:\/\/www.woodandwise.com\/wp-content\/uploads\/2022\/11\/logo.png\",\"contentUrl\":\"https:\/\/www.woodandwise.com\/wp-content\/uploads\/2022\/11\/logo.png\",\"width\":364,\"height\":40,\"caption\":\"Wood & Wise\"},\"image\":{\"@id\":\"https:\/\/www.woodandwise.com\/#\/schema\/logo\/image\/\"}}]}<\/script>\n<!-- \/ Yoast SEO plugin. -->","yoast_head_json":{"title":"Massivholz Eichentisch 280 cm | Wood &amp; Wise","description":"W\u00e4hlen Sie in Wood & Wise Massivholz-Eichentisch 280 cm lang. Licht und Pers\u00f6nlichkeit f\u00fcr Ihre R\u00e4ume unter Ber\u00fccksichtigung der Umwelt.","robots":{"index":"index","follow":"follow","max-snippet":"max-snippet:-1","max-image-preview":"max-image-preview:large","max-video-preview":"max-video-preview:-1"},"canonical":"https:\/\/www.woodandwise.com\/de\/shop\/eichenholztisch-280\/","og_locale":"de_DE","og_type":"article","og_title":"Massivholz Eichentisch 280 cm | Wood &amp; Wise","og_description":"W\u00e4hlen Sie in Wood & Wise Massivholz-Eichentisch 280 cm lang. Licht und Pers\u00f6nlichkeit f\u00fcr Ihre R\u00e4ume unter Ber\u00fccksichtigung der Umwelt.","og_url":"https:\/\/www.woodandwise.com\/de\/shop\/eichenholztisch-280\/","og_site_name":"Wood &amp; Wise","article_modified_time":"2023-03-22T16:02:12+00:00","og_image":[{"width":1412,"height":1056,"url":"https:\/\/www.woodandwise.com\/wp-content\/uploads\/2023\/01\/O-012-L-2800.jpg","type":"image\/jpeg"}],"twitter_card":"summary_large_image","twitter_misc":{"Gesch\u00e4tzte Lesezeit":"1\u00a0Minute"},"schema":{"@context":"https:\/\/schema.org","@graph":[{"@type":"WebPage","@id":"https:\/\/www.woodandwise.com\/de\/shop\/eichenholztisch-280\/","url":"https:\/\/www.woodandwise.com\/de\/shop\/eichenholztisch-280\/","name":"Massivholz Eichentisch 280 cm | Wood &amp; Wise","isPartOf":{"@id":"https:\/\/www.woodandwise.com\/#website"},"primaryImageOfPage":{"@id":"https:\/\/www.woodandwise.com\/de\/shop\/eichenholztisch-280\/#primaryimage"},"image":{"@id":"https:\/\/www.woodandwise.com\/de\/shop\/eichenholztisch-280\/#primaryimage"},"thumbnailUrl":"https:\/\/www.woodandwise.com\/wp-content\/uploads\/2023\/01\/O-012-L-2800.jpg","datePublished":"2023-01-27T12:56:28+00:00","dateModified":"2023-03-22T16:02:12+00:00","description":"W\u00e4hlen Sie in Wood & Wise Massivholz-Eichentisch 280 cm lang. Licht und Pers\u00f6nlichkeit f\u00fcr Ihre R\u00e4ume unter Ber\u00fccksichtigung der Umwelt.","breadcrumb":{"@id":"https:\/\/www.woodandwise.com\/de\/shop\/eichenholztisch-280\/#breadcrumb"},"inLanguage":"de","potentialAction":[{"@type":"ReadAction","target":["https:\/\/www.woodandwise.com\/de\/shop\/eichenholztisch-280\/"]}]},{"@type":"ImageObject","inLanguage":"de","@id":"https:\/\/www.woodandwise.com\/de\/shop\/eichenholztisch-280\/#primaryimage","url":"https:\/\/www.woodandwise.com\/wp-content\/uploads\/2023\/01\/O-012-L-2800.jpg","contentUrl":"https:\/\/www.woodandwise.com\/wp-content\/uploads\/2023\/01\/O-012-L-2800.jpg","width":1412,"height":1056},{"@type":"BreadcrumbList","@id":"https:\/\/www.woodandwise.com\/de\/shop\/eichenholztisch-280\/#breadcrumb","itemListElement":[{"@type":"ListItem","position":1,"name":"Homepage","item":"https:\/\/www.woodandwise.com\/de\/"},{"@type":"ListItem","position":2,"name":"Eichenholztisch, 280 cm"}]},{"@type":"WebSite","@id":"https:\/\/www.woodandwise.com\/#website","url":"https:\/\/www.woodandwise.com\/","name":"Wood &amp; Wise","description":"Tavoli in legno di design","publisher":{"@id":"https:\/\/www.woodandwise.com\/#organization"},"potentialAction":[{"@type":"SearchAction","target":{"@type":"EntryPoint","urlTemplate":"https:\/\/www.woodandwise.com\/?s={search_term_string}"},"query-input":{"@type":"PropertyValueSpecification","valueRequired":true,"valueName":"search_term_string"}}],"inLanguage":"de"},{"@type":"Organization","@id":"https:\/\/www.woodandwise.com\/#organization","name":"Wood & Wise","url":"https:\/\/www.woodandwise.com\/","logo":{"@type":"ImageObject","inLanguage":"de","@id":"https:\/\/www.woodandwise.com\/#\/schema\/logo\/image\/","url":"https:\/\/www.woodandwise.com\/wp-content\/uploads\/2022\/11\/logo.png","contentUrl":"https:\/\/www.woodandwise.com\/wp-content\/uploads\/2022\/11\/logo.png","width":364,"height":40,"caption":"Wood & Wise"},"image":{"@id":"https:\/\/www.woodandwise.com\/#\/schema\/logo\/image\/"}}]}},"_links":{"self":[{"href":"https:\/\/www.woodandwise.com\/de\/wp-json\/wp\/v2\/product\/3713","targetHints":{"allow":["GET"]}}],"collection":[{"href":"https:\/\/www.woodandwise.com\/de\/wp-json\/wp\/v2\/product"}],"about":[{"href":"https:\/\/www.woodandwise.com\/de\/wp-json\/wp\/v2\/types\/product"}],"wp:featuredmedia":[{"embeddable":true,"href":"https:\/\/www.woodandwise.com\/de\/wp-json\/wp\/v2\/media\/4531"}],"wp:attachment":[{"href":"https:\/\/www.woodandwise.com\/de\/wp-json\/wp\/v2\/media?parent=3713"}],"wp:term":[{"taxonomy":"product_brand","embeddable":true,"href":"https:\/\/www.woodandwise.com\/de\/wp-json\/wp\/v2\/product_brand?post=3713"},{"taxonomy":"product_cat","embeddable":true,"href":"https:\/\/www.woodandwise.com\/de\/wp-json\/wp\/v2\/product_cat?post=3713"},{"taxonomy":"product_tag","embeddable":true,"href":"https:\/\/www.woodandwise.com\/de\/wp-json\/wp\/v2\/product_tag?post=3713"}],"curies":[{"name":"wp","href":"https:\/\/api.w.org\/{rel}","templated":true}]}}