{"id":3782,"date":"2023-01-27T15:58:22","date_gmt":"2023-01-27T14:58:22","guid":{"rendered":"https:\/\/www.woodandwise.com\/?post_type=product&#038;p=3782"},"modified":"2023-03-22T15:12:34","modified_gmt":"2023-03-22T14:12:34","slug":"eschenholztisch-200","status":"publish","type":"product","link":"https:\/\/www.woodandwise.com\/de\/shop\/eschenholztisch-200\/","title":{"rendered":"Eschenholztisch, 200 cm"},"content":{"rendered":"<p>Der moderne 200 cm lange Wood &amp; Wise Tisch aus <strong>Eschenholz<\/strong> passt in jede Umgebung und zu jedem Stil. Er ist <strong>vielseitig und modern<\/strong> und eignet sich perfekt f\u00fcr alle, die Holz mit schienen Astbildf suchen. Er ist aus wiederverwertbarem Holz gefertigt und kann dank des Metallfu\u00dfes in vier verschiedenen Designs nach Belieben erg\u00e4nzt werden.<\/p>\n","protected":false},"excerpt":{"rendered":"<p>Der Tisch aus nachhaltigem Eschenholz bringt einen Hauch von eleganter W\u00e4rme in Ihren Wohnbereich, dank der faszinierenden hellen Farbe, die ins Rosafarbene tendiert.<\/p>\n","protected":false},"featured_media":4547,"template":"","meta":[],"product_brand":[],"product_cat":[65],"product_tag":[],"class_list":{"0":"post-3782","1":"product","2":"type-product","3":"status-publish","4":"has-post-thumbnail","6":"product_cat-tische","8":"first","9":"outofstock","10":"taxable","11":"shipping-taxable","12":"purchasable","13":"product-type-variable"},"yoast_head":"<!-- This site is optimized with the Yoast SEO plugin v24.6 - https:\/\/yoast.com\/wordpress\/plugins\/seo\/ -->\n<title>Moderner Eschentisch 200 cm | Wood &amp; Wise<\/title>\n<meta name=\"description\" content=\"Kaufen Sie den modernen 200 cm Wood &amp; Wise Tisch aus Esche. Modern, ohne auf die W\u00e4rme des Holzes zu verzichten, geeignet f\u00fcr jeden Raum.\" \/>\n<meta name=\"robots\" content=\"index, follow, max-snippet:-1, max-image-preview:large, max-video-preview:-1\" \/>\n<link rel=\"canonical\" href=\"https:\/\/www.woodandwise.com\/de\/shop\/eschenholztisch-200\/\" \/>\n<meta property=\"og:locale\" content=\"de_DE\" \/>\n<meta property=\"og:type\" content=\"article\" \/>\n<meta property=\"og:title\" content=\"Moderner Eschentisch 200 cm | Wood &amp; Wise\" \/>\n<meta property=\"og:description\" content=\"Kaufen Sie den modernen 200 cm Wood &amp; Wise Tisch aus Esche. Modern, ohne auf die W\u00e4rme des Holzes zu verzichten, geeignet f\u00fcr jeden Raum.\" \/>\n<meta property=\"og:url\" content=\"https:\/\/www.woodandwise.com\/de\/shop\/eschenholztisch-200\/\" \/>\n<meta property=\"og:site_name\" content=\"Wood &amp; Wise\" \/>\n<meta property=\"article:modified_time\" content=\"2023-03-22T14:12:34+00:00\" \/>\n<meta property=\"og:image\" content=\"https:\/\/www.woodandwise.com\/wp-content\/uploads\/2023\/01\/A-006-L-2000.jpg\" \/>\n\t<meta property=\"og:image:width\" content=\"1412\" \/>\n\t<meta property=\"og:image:height\" content=\"1056\" \/>\n\t<meta property=\"og:image:type\" content=\"image\/jpeg\" \/>\n<meta name=\"twitter:card\" content=\"summary_large_image\" \/>\n<meta name=\"twitter:label1\" content=\"Gesch\u00e4tzte Lesezeit\" \/>\n\t<meta name=\"twitter:data1\" content=\"1\u00a0Minute\" \/>\n<script type=\"application\/ld+json\" class=\"yoast-schema-graph\">{\"@context\":\"https:\/\/schema.org\",\"@graph\":[{\"@type\":\"WebPage\",\"@id\":\"https:\/\/www.woodandwise.com\/de\/shop\/eschenholztisch-200\/\",\"url\":\"https:\/\/www.woodandwise.com\/de\/shop\/eschenholztisch-200\/\",\"name\":\"Moderner Eschentisch 200 cm | Wood &amp; Wise\",\"isPartOf\":{\"@id\":\"https:\/\/www.woodandwise.com\/#website\"},\"primaryImageOfPage\":{\"@id\":\"https:\/\/www.woodandwise.com\/de\/shop\/eschenholztisch-200\/#primaryimage\"},\"image\":{\"@id\":\"https:\/\/www.woodandwise.com\/de\/shop\/eschenholztisch-200\/#primaryimage\"},\"thumbnailUrl\":\"https:\/\/www.woodandwise.com\/wp-content\/uploads\/2023\/01\/A-006-L-2000.jpg\",\"datePublished\":\"2023-01-27T14:58:22+00:00\",\"dateModified\":\"2023-03-22T14:12:34+00:00\",\"description\":\"Kaufen Sie den modernen 200 cm Wood & Wise Tisch aus Esche. Modern, ohne auf die W\u00e4rme des Holzes zu verzichten, geeignet f\u00fcr jeden Raum.\",\"breadcrumb\":{\"@id\":\"https:\/\/www.woodandwise.com\/de\/shop\/eschenholztisch-200\/#breadcrumb\"},\"inLanguage\":\"de\",\"potentialAction\":[{\"@type\":\"ReadAction\",\"target\":[\"https:\/\/www.woodandwise.com\/de\/shop\/eschenholztisch-200\/\"]}]},{\"@type\":\"ImageObject\",\"inLanguage\":\"de\",\"@id\":\"https:\/\/www.woodandwise.com\/de\/shop\/eschenholztisch-200\/#primaryimage\",\"url\":\"https:\/\/www.woodandwise.com\/wp-content\/uploads\/2023\/01\/A-006-L-2000.jpg\",\"contentUrl\":\"https:\/\/www.woodandwise.com\/wp-content\/uploads\/2023\/01\/A-006-L-2000.jpg\",\"width\":1412,\"height\":1056},{\"@type\":\"BreadcrumbList\",\"@id\":\"https:\/\/www.woodandwise.com\/de\/shop\/eschenholztisch-200\/#breadcrumb\",\"itemListElement\":[{\"@type\":\"ListItem\",\"position\":1,\"name\":\"Homepage\",\"item\":\"https:\/\/www.woodandwise.com\/de\/\"},{\"@type\":\"ListItem\",\"position\":2,\"name\":\"Eschenholztisch, 200 cm\"}]},{\"@type\":\"WebSite\",\"@id\":\"https:\/\/www.woodandwise.com\/#website\",\"url\":\"https:\/\/www.woodandwise.com\/\",\"name\":\"Wood &amp; Wise\",\"description\":\"Tavoli in legno di design\",\"publisher\":{\"@id\":\"https:\/\/www.woodandwise.com\/#organization\"},\"potentialAction\":[{\"@type\":\"SearchAction\",\"target\":{\"@type\":\"EntryPoint\",\"urlTemplate\":\"https:\/\/www.woodandwise.com\/?s={search_term_string}\"},\"query-input\":{\"@type\":\"PropertyValueSpecification\",\"valueRequired\":true,\"valueName\":\"search_term_string\"}}],\"inLanguage\":\"de\"},{\"@type\":\"Organization\",\"@id\":\"https:\/\/www.woodandwise.com\/#organization\",\"name\":\"Wood & Wise\",\"url\":\"https:\/\/www.woodandwise.com\/\",\"logo\":{\"@type\":\"ImageObject\",\"inLanguage\":\"de\",\"@id\":\"https:\/\/www.woodandwise.com\/#\/schema\/logo\/image\/\",\"url\":\"https:\/\/www.woodandwise.com\/wp-content\/uploads\/2022\/11\/logo.png\",\"contentUrl\":\"https:\/\/www.woodandwise.com\/wp-content\/uploads\/2022\/11\/logo.png\",\"width\":364,\"height\":40,\"caption\":\"Wood & Wise\"},\"image\":{\"@id\":\"https:\/\/www.woodandwise.com\/#\/schema\/logo\/image\/\"}}]}<\/script>\n<!-- \/ Yoast SEO plugin. -->","yoast_head_json":{"title":"Moderner Eschentisch 200 cm | Wood &amp; Wise","description":"Kaufen Sie den modernen 200 cm Wood & Wise Tisch aus Esche. Modern, ohne auf die W\u00e4rme des Holzes zu verzichten, geeignet f\u00fcr jeden Raum.","robots":{"index":"index","follow":"follow","max-snippet":"max-snippet:-1","max-image-preview":"max-image-preview:large","max-video-preview":"max-video-preview:-1"},"canonical":"https:\/\/www.woodandwise.com\/de\/shop\/eschenholztisch-200\/","og_locale":"de_DE","og_type":"article","og_title":"Moderner Eschentisch 200 cm | Wood &amp; Wise","og_description":"Kaufen Sie den modernen 200 cm Wood & Wise Tisch aus Esche. Modern, ohne auf die W\u00e4rme des Holzes zu verzichten, geeignet f\u00fcr jeden Raum.","og_url":"https:\/\/www.woodandwise.com\/de\/shop\/eschenholztisch-200\/","og_site_name":"Wood &amp; Wise","article_modified_time":"2023-03-22T14:12:34+00:00","og_image":[{"width":1412,"height":1056,"url":"https:\/\/www.woodandwise.com\/wp-content\/uploads\/2023\/01\/A-006-L-2000.jpg","type":"image\/jpeg"}],"twitter_card":"summary_large_image","twitter_misc":{"Gesch\u00e4tzte Lesezeit":"1\u00a0Minute"},"schema":{"@context":"https:\/\/schema.org","@graph":[{"@type":"WebPage","@id":"https:\/\/www.woodandwise.com\/de\/shop\/eschenholztisch-200\/","url":"https:\/\/www.woodandwise.com\/de\/shop\/eschenholztisch-200\/","name":"Moderner Eschentisch 200 cm | Wood &amp; Wise","isPartOf":{"@id":"https:\/\/www.woodandwise.com\/#website"},"primaryImageOfPage":{"@id":"https:\/\/www.woodandwise.com\/de\/shop\/eschenholztisch-200\/#primaryimage"},"image":{"@id":"https:\/\/www.woodandwise.com\/de\/shop\/eschenholztisch-200\/#primaryimage"},"thumbnailUrl":"https:\/\/www.woodandwise.com\/wp-content\/uploads\/2023\/01\/A-006-L-2000.jpg","datePublished":"2023-01-27T14:58:22+00:00","dateModified":"2023-03-22T14:12:34+00:00","description":"Kaufen Sie den modernen 200 cm Wood & Wise Tisch aus Esche. Modern, ohne auf die W\u00e4rme des Holzes zu verzichten, geeignet f\u00fcr jeden Raum.","breadcrumb":{"@id":"https:\/\/www.woodandwise.com\/de\/shop\/eschenholztisch-200\/#breadcrumb"},"inLanguage":"de","potentialAction":[{"@type":"ReadAction","target":["https:\/\/www.woodandwise.com\/de\/shop\/eschenholztisch-200\/"]}]},{"@type":"ImageObject","inLanguage":"de","@id":"https:\/\/www.woodandwise.com\/de\/shop\/eschenholztisch-200\/#primaryimage","url":"https:\/\/www.woodandwise.com\/wp-content\/uploads\/2023\/01\/A-006-L-2000.jpg","contentUrl":"https:\/\/www.woodandwise.com\/wp-content\/uploads\/2023\/01\/A-006-L-2000.jpg","width":1412,"height":1056},{"@type":"BreadcrumbList","@id":"https:\/\/www.woodandwise.com\/de\/shop\/eschenholztisch-200\/#breadcrumb","itemListElement":[{"@type":"ListItem","position":1,"name":"Homepage","item":"https:\/\/www.woodandwise.com\/de\/"},{"@type":"ListItem","position":2,"name":"Eschenholztisch, 200 cm"}]},{"@type":"WebSite","@id":"https:\/\/www.woodandwise.com\/#website","url":"https:\/\/www.woodandwise.com\/","name":"Wood &amp; Wise","description":"Tavoli in legno di design","publisher":{"@id":"https:\/\/www.woodandwise.com\/#organization"},"potentialAction":[{"@type":"SearchAction","target":{"@type":"EntryPoint","urlTemplate":"https:\/\/www.woodandwise.com\/?s={search_term_string}"},"query-input":{"@type":"PropertyValueSpecification","valueRequired":true,"valueName":"search_term_string"}}],"inLanguage":"de"},{"@type":"Organization","@id":"https:\/\/www.woodandwise.com\/#organization","name":"Wood & Wise","url":"https:\/\/www.woodandwise.com\/","logo":{"@type":"ImageObject","inLanguage":"de","@id":"https:\/\/www.woodandwise.com\/#\/schema\/logo\/image\/","url":"https:\/\/www.woodandwise.com\/wp-content\/uploads\/2022\/11\/logo.png","contentUrl":"https:\/\/www.woodandwise.com\/wp-content\/uploads\/2022\/11\/logo.png","width":364,"height":40,"caption":"Wood & Wise"},"image":{"@id":"https:\/\/www.woodandwise.com\/#\/schema\/logo\/image\/"}}]}},"_links":{"self":[{"href":"https:\/\/www.woodandwise.com\/de\/wp-json\/wp\/v2\/product\/3782","targetHints":{"allow":["GET"]}}],"collection":[{"href":"https:\/\/www.woodandwise.com\/de\/wp-json\/wp\/v2\/product"}],"about":[{"href":"https:\/\/www.woodandwise.com\/de\/wp-json\/wp\/v2\/types\/product"}],"wp:featuredmedia":[{"embeddable":true,"href":"https:\/\/www.woodandwise.com\/de\/wp-json\/wp\/v2\/media\/4547"}],"wp:attachment":[{"href":"https:\/\/www.woodandwise.com\/de\/wp-json\/wp\/v2\/media?parent=3782"}],"wp:term":[{"taxonomy":"product_brand","embeddable":true,"href":"https:\/\/www.woodandwise.com\/de\/wp-json\/wp\/v2\/product_brand?post=3782"},{"taxonomy":"product_cat","embeddable":true,"href":"https:\/\/www.woodandwise.com\/de\/wp-json\/wp\/v2\/product_cat?post=3782"},{"taxonomy":"product_tag","embeddable":true,"href":"https:\/\/www.woodandwise.com\/de\/wp-json\/wp\/v2\/product_tag?post=3782"}],"curies":[{"name":"wp","href":"https:\/\/api.w.org\/{rel}","templated":true}]}}