{"id":3891,"date":"2023-01-27T16:16:34","date_gmt":"2023-01-27T15:16:34","guid":{"rendered":"https:\/\/www.woodandwise.com\/?post_type=product&#038;p=3891"},"modified":"2023-03-23T17:49:08","modified_gmt":"2023-03-23T16:49:08","slug":"eschenholztisch-260-cm","status":"publish","type":"product","link":"https:\/\/www.woodandwise.com\/de\/shop\/eschenholztisch-260-cm\/","title":{"rendered":"Eschenholztisch, 260 cm"},"content":{"rendered":"<p>Unser 260 cm langer <strong>Designtisch aus Esche<\/strong> ist ideal f\u00fcr alle, die ein Holz mit schoenen Astbild suchen, das sich an jeden Kontext anpassen kann. Von der K\u00fcche bis zum Wohnzimmer, von kulturellen R\u00e4umen bis zu kreativen B\u00fcros, sein neutraler Ton macht ihn <strong>vielseitig<\/strong> und <strong>elegant<\/strong>. W\u00e4hlen Sie, wie Sie es vervollst\u00e4ndigen wollen, mit <strong>Metallbeinen<\/strong> in vier verschiedenen Modellen.<\/p>\n","protected":false},"excerpt":{"rendered":"<p>Designtisch Esche: ein vielseitiges M\u00f6belst\u00fcck in Stil und Farbe, das wie jeder Wood &amp; Wise-Tisch in einem einzigartigen Modell hergestellt wird.<\/p>\n","protected":false},"featured_media":4552,"template":"","meta":[],"product_brand":[],"product_cat":[65],"product_tag":[],"class_list":{"0":"post-3891","1":"product","2":"type-product","3":"status-publish","4":"has-post-thumbnail","6":"product_cat-tische","8":"first","9":"instock","10":"taxable","11":"shipping-taxable","12":"purchasable","13":"product-type-variable"},"yoast_head":"<!-- This site is optimized with the Yoast SEO plugin v24.6 - https:\/\/yoast.com\/wordpress\/plugins\/seo\/ -->\n<title>Vielseitiger und moderner Eschenholztisch 260 cm | Wood &amp; Wise<\/title>\n<meta name=\"description\" content=\"Entscheiden Sie sich f\u00fcr den 260 cm Designtisch aus Esche von Wood &amp; Wise: Vielseitigkeit, Eleganz und W\u00e4rme f\u00fcr jeden Raum.\" \/>\n<meta name=\"robots\" content=\"index, follow, max-snippet:-1, max-image-preview:large, max-video-preview:-1\" \/>\n<link rel=\"canonical\" href=\"https:\/\/www.woodandwise.com\/de\/shop\/eschenholztisch-260-cm\/\" \/>\n<meta property=\"og:locale\" content=\"de_DE\" \/>\n<meta property=\"og:type\" content=\"article\" \/>\n<meta property=\"og:title\" content=\"Vielseitiger und moderner Eschenholztisch 260 cm | Wood &amp; Wise\" \/>\n<meta property=\"og:description\" content=\"Entscheiden Sie sich f\u00fcr den 260 cm Designtisch aus Esche von Wood &amp; Wise: Vielseitigkeit, Eleganz und W\u00e4rme f\u00fcr jeden Raum.\" \/>\n<meta property=\"og:url\" content=\"https:\/\/www.woodandwise.com\/de\/shop\/eschenholztisch-260-cm\/\" \/>\n<meta property=\"og:site_name\" content=\"Wood &amp; Wise\" \/>\n<meta property=\"article:modified_time\" content=\"2023-03-23T16:49:08+00:00\" \/>\n<meta property=\"og:image\" content=\"https:\/\/www.woodandwise.com\/wp-content\/uploads\/2023\/01\/A-011-L-2600.jpg\" \/>\n\t<meta property=\"og:image:width\" content=\"1412\" \/>\n\t<meta property=\"og:image:height\" content=\"1056\" \/>\n\t<meta property=\"og:image:type\" content=\"image\/jpeg\" \/>\n<meta name=\"twitter:card\" content=\"summary_large_image\" \/>\n<meta name=\"twitter:label1\" content=\"Gesch\u00e4tzte Lesezeit\" \/>\n\t<meta name=\"twitter:data1\" content=\"1\u00a0Minute\" \/>\n<script type=\"application\/ld+json\" class=\"yoast-schema-graph\">{\"@context\":\"https:\/\/schema.org\",\"@graph\":[{\"@type\":\"WebPage\",\"@id\":\"https:\/\/www.woodandwise.com\/de\/shop\/eschenholztisch-260-cm\/\",\"url\":\"https:\/\/www.woodandwise.com\/de\/shop\/eschenholztisch-260-cm\/\",\"name\":\"Vielseitiger und moderner Eschenholztisch 260 cm | Wood &amp; Wise\",\"isPartOf\":{\"@id\":\"https:\/\/www.woodandwise.com\/#website\"},\"primaryImageOfPage\":{\"@id\":\"https:\/\/www.woodandwise.com\/de\/shop\/eschenholztisch-260-cm\/#primaryimage\"},\"image\":{\"@id\":\"https:\/\/www.woodandwise.com\/de\/shop\/eschenholztisch-260-cm\/#primaryimage\"},\"thumbnailUrl\":\"https:\/\/www.woodandwise.com\/wp-content\/uploads\/2023\/01\/A-011-L-2600.jpg\",\"datePublished\":\"2023-01-27T15:16:34+00:00\",\"dateModified\":\"2023-03-23T16:49:08+00:00\",\"description\":\"Entscheiden Sie sich f\u00fcr den 260 cm Designtisch aus Esche von Wood & Wise: Vielseitigkeit, Eleganz und W\u00e4rme f\u00fcr jeden Raum.\",\"breadcrumb\":{\"@id\":\"https:\/\/www.woodandwise.com\/de\/shop\/eschenholztisch-260-cm\/#breadcrumb\"},\"inLanguage\":\"de\",\"potentialAction\":[{\"@type\":\"ReadAction\",\"target\":[\"https:\/\/www.woodandwise.com\/de\/shop\/eschenholztisch-260-cm\/\"]}]},{\"@type\":\"ImageObject\",\"inLanguage\":\"de\",\"@id\":\"https:\/\/www.woodandwise.com\/de\/shop\/eschenholztisch-260-cm\/#primaryimage\",\"url\":\"https:\/\/www.woodandwise.com\/wp-content\/uploads\/2023\/01\/A-011-L-2600.jpg\",\"contentUrl\":\"https:\/\/www.woodandwise.com\/wp-content\/uploads\/2023\/01\/A-011-L-2600.jpg\",\"width\":1412,\"height\":1056},{\"@type\":\"BreadcrumbList\",\"@id\":\"https:\/\/www.woodandwise.com\/de\/shop\/eschenholztisch-260-cm\/#breadcrumb\",\"itemListElement\":[{\"@type\":\"ListItem\",\"position\":1,\"name\":\"Homepage\",\"item\":\"https:\/\/www.woodandwise.com\/de\/\"},{\"@type\":\"ListItem\",\"position\":2,\"name\":\"Eschenholztisch, 260 cm\"}]},{\"@type\":\"WebSite\",\"@id\":\"https:\/\/www.woodandwise.com\/#website\",\"url\":\"https:\/\/www.woodandwise.com\/\",\"name\":\"Wood &amp; Wise\",\"description\":\"Tavoli in legno di design\",\"publisher\":{\"@id\":\"https:\/\/www.woodandwise.com\/#organization\"},\"potentialAction\":[{\"@type\":\"SearchAction\",\"target\":{\"@type\":\"EntryPoint\",\"urlTemplate\":\"https:\/\/www.woodandwise.com\/?s={search_term_string}\"},\"query-input\":{\"@type\":\"PropertyValueSpecification\",\"valueRequired\":true,\"valueName\":\"search_term_string\"}}],\"inLanguage\":\"de\"},{\"@type\":\"Organization\",\"@id\":\"https:\/\/www.woodandwise.com\/#organization\",\"name\":\"Wood & Wise\",\"url\":\"https:\/\/www.woodandwise.com\/\",\"logo\":{\"@type\":\"ImageObject\",\"inLanguage\":\"de\",\"@id\":\"https:\/\/www.woodandwise.com\/#\/schema\/logo\/image\/\",\"url\":\"https:\/\/www.woodandwise.com\/wp-content\/uploads\/2022\/11\/logo.png\",\"contentUrl\":\"https:\/\/www.woodandwise.com\/wp-content\/uploads\/2022\/11\/logo.png\",\"width\":364,\"height\":40,\"caption\":\"Wood & Wise\"},\"image\":{\"@id\":\"https:\/\/www.woodandwise.com\/#\/schema\/logo\/image\/\"}}]}<\/script>\n<!-- \/ Yoast SEO plugin. -->","yoast_head_json":{"title":"Vielseitiger und moderner Eschenholztisch 260 cm | Wood &amp; Wise","description":"Entscheiden Sie sich f\u00fcr den 260 cm Designtisch aus Esche von Wood & Wise: Vielseitigkeit, Eleganz und W\u00e4rme f\u00fcr jeden Raum.","robots":{"index":"index","follow":"follow","max-snippet":"max-snippet:-1","max-image-preview":"max-image-preview:large","max-video-preview":"max-video-preview:-1"},"canonical":"https:\/\/www.woodandwise.com\/de\/shop\/eschenholztisch-260-cm\/","og_locale":"de_DE","og_type":"article","og_title":"Vielseitiger und moderner Eschenholztisch 260 cm | Wood &amp; Wise","og_description":"Entscheiden Sie sich f\u00fcr den 260 cm Designtisch aus Esche von Wood & Wise: Vielseitigkeit, Eleganz und W\u00e4rme f\u00fcr jeden Raum.","og_url":"https:\/\/www.woodandwise.com\/de\/shop\/eschenholztisch-260-cm\/","og_site_name":"Wood &amp; Wise","article_modified_time":"2023-03-23T16:49:08+00:00","og_image":[{"width":1412,"height":1056,"url":"https:\/\/www.woodandwise.com\/wp-content\/uploads\/2023\/01\/A-011-L-2600.jpg","type":"image\/jpeg"}],"twitter_card":"summary_large_image","twitter_misc":{"Gesch\u00e4tzte Lesezeit":"1\u00a0Minute"},"schema":{"@context":"https:\/\/schema.org","@graph":[{"@type":"WebPage","@id":"https:\/\/www.woodandwise.com\/de\/shop\/eschenholztisch-260-cm\/","url":"https:\/\/www.woodandwise.com\/de\/shop\/eschenholztisch-260-cm\/","name":"Vielseitiger und moderner Eschenholztisch 260 cm | Wood &amp; Wise","isPartOf":{"@id":"https:\/\/www.woodandwise.com\/#website"},"primaryImageOfPage":{"@id":"https:\/\/www.woodandwise.com\/de\/shop\/eschenholztisch-260-cm\/#primaryimage"},"image":{"@id":"https:\/\/www.woodandwise.com\/de\/shop\/eschenholztisch-260-cm\/#primaryimage"},"thumbnailUrl":"https:\/\/www.woodandwise.com\/wp-content\/uploads\/2023\/01\/A-011-L-2600.jpg","datePublished":"2023-01-27T15:16:34+00:00","dateModified":"2023-03-23T16:49:08+00:00","description":"Entscheiden Sie sich f\u00fcr den 260 cm Designtisch aus Esche von Wood & Wise: Vielseitigkeit, Eleganz und W\u00e4rme f\u00fcr jeden Raum.","breadcrumb":{"@id":"https:\/\/www.woodandwise.com\/de\/shop\/eschenholztisch-260-cm\/#breadcrumb"},"inLanguage":"de","potentialAction":[{"@type":"ReadAction","target":["https:\/\/www.woodandwise.com\/de\/shop\/eschenholztisch-260-cm\/"]}]},{"@type":"ImageObject","inLanguage":"de","@id":"https:\/\/www.woodandwise.com\/de\/shop\/eschenholztisch-260-cm\/#primaryimage","url":"https:\/\/www.woodandwise.com\/wp-content\/uploads\/2023\/01\/A-011-L-2600.jpg","contentUrl":"https:\/\/www.woodandwise.com\/wp-content\/uploads\/2023\/01\/A-011-L-2600.jpg","width":1412,"height":1056},{"@type":"BreadcrumbList","@id":"https:\/\/www.woodandwise.com\/de\/shop\/eschenholztisch-260-cm\/#breadcrumb","itemListElement":[{"@type":"ListItem","position":1,"name":"Homepage","item":"https:\/\/www.woodandwise.com\/de\/"},{"@type":"ListItem","position":2,"name":"Eschenholztisch, 260 cm"}]},{"@type":"WebSite","@id":"https:\/\/www.woodandwise.com\/#website","url":"https:\/\/www.woodandwise.com\/","name":"Wood &amp; Wise","description":"Tavoli in legno di design","publisher":{"@id":"https:\/\/www.woodandwise.com\/#organization"},"potentialAction":[{"@type":"SearchAction","target":{"@type":"EntryPoint","urlTemplate":"https:\/\/www.woodandwise.com\/?s={search_term_string}"},"query-input":{"@type":"PropertyValueSpecification","valueRequired":true,"valueName":"search_term_string"}}],"inLanguage":"de"},{"@type":"Organization","@id":"https:\/\/www.woodandwise.com\/#organization","name":"Wood & Wise","url":"https:\/\/www.woodandwise.com\/","logo":{"@type":"ImageObject","inLanguage":"de","@id":"https:\/\/www.woodandwise.com\/#\/schema\/logo\/image\/","url":"https:\/\/www.woodandwise.com\/wp-content\/uploads\/2022\/11\/logo.png","contentUrl":"https:\/\/www.woodandwise.com\/wp-content\/uploads\/2022\/11\/logo.png","width":364,"height":40,"caption":"Wood & Wise"},"image":{"@id":"https:\/\/www.woodandwise.com\/#\/schema\/logo\/image\/"}}]}},"_links":{"self":[{"href":"https:\/\/www.woodandwise.com\/de\/wp-json\/wp\/v2\/product\/3891","targetHints":{"allow":["GET"]}}],"collection":[{"href":"https:\/\/www.woodandwise.com\/de\/wp-json\/wp\/v2\/product"}],"about":[{"href":"https:\/\/www.woodandwise.com\/de\/wp-json\/wp\/v2\/types\/product"}],"wp:featuredmedia":[{"embeddable":true,"href":"https:\/\/www.woodandwise.com\/de\/wp-json\/wp\/v2\/media\/4552"}],"wp:attachment":[{"href":"https:\/\/www.woodandwise.com\/de\/wp-json\/wp\/v2\/media?parent=3891"}],"wp:term":[{"taxonomy":"product_brand","embeddable":true,"href":"https:\/\/www.woodandwise.com\/de\/wp-json\/wp\/v2\/product_brand?post=3891"},{"taxonomy":"product_cat","embeddable":true,"href":"https:\/\/www.woodandwise.com\/de\/wp-json\/wp\/v2\/product_cat?post=3891"},{"taxonomy":"product_tag","embeddable":true,"href":"https:\/\/www.woodandwise.com\/de\/wp-json\/wp\/v2\/product_tag?post=3891"}],"curies":[{"name":"wp","href":"https:\/\/api.w.org\/{rel}","templated":true}]}}