{"id":3983,"date":"2023-01-27T16:22:06","date_gmt":"2023-01-27T15:22:06","guid":{"rendered":"https:\/\/www.woodandwise.com\/?post_type=product&#038;p=3983"},"modified":"2023-03-30T16:31:27","modified_gmt":"2023-03-30T14:31:27","slug":"eschetisch-220-cm-2","status":"publish","type":"product","link":"https:\/\/www.woodandwise.com\/de\/shop\/eschetisch-220-cm-2\/","title":{"rendered":"Eschetish, 220 cm"},"content":{"rendered":"<p>Unser <strong>220 cm <\/strong>langer <strong>Eschenholztisch<\/strong> bringt die ganze Eleganz und den Charme von Holz in jeden Raum. Er ist anpassungsf\u00e4hig und vielseitig und besteht aus Holz aus fr\u00fcheren Arbeiten. W\u00e4hlen Sie aus den vier Versionen des Katalogs den Metallsockel, der am besten zu Ihrem Stil passt.<\/p>\n","protected":false},"excerpt":{"rendered":"<p>Der Tisch aus nachhaltigem Eschenholz bringt einen Hauch von eleganter W\u00e4rme in Ihren Wohnbereich, dank der faszinierenden hellen Farbe, die ins Rosafarbene tendiert.<\/p>\n","protected":false},"featured_media":4585,"template":"","meta":[],"product_brand":[],"product_cat":[65],"product_tag":[],"class_list":{"0":"post-3983","1":"product","2":"type-product","3":"status-publish","4":"has-post-thumbnail","6":"product_cat-tische","8":"first","9":"instock","10":"taxable","11":"shipping-taxable","12":"purchasable","13":"product-type-variable"},"yoast_head":"<!-- This site is optimized with the Yoast SEO plugin v24.6 - https:\/\/yoast.com\/wordpress\/plugins\/seo\/ -->\n<title>Eschetish, 220 cm | Wood &amp; Wise<\/title>\n<meta name=\"description\" content=\"W\u00e4hlen Sie den nachhaltigen Eschenholztisch Wood &amp; Wise f\u00fcr jede Umgebung. Mit einer L\u00e4nge von 220 cm ist er ein Einzelst\u00fcck: Entdecken Sie ihn auf unserer Website!\" \/>\n<meta name=\"robots\" content=\"index, follow, max-snippet:-1, max-image-preview:large, max-video-preview:-1\" \/>\n<link rel=\"canonical\" href=\"https:\/\/www.woodandwise.com\/de\/shop\/eschetisch-220-cm-2\/\" \/>\n<meta property=\"og:locale\" content=\"de_DE\" \/>\n<meta property=\"og:type\" content=\"article\" \/>\n<meta property=\"og:title\" content=\"Eschetish, 220 cm | Wood &amp; Wise\" \/>\n<meta property=\"og:description\" content=\"W\u00e4hlen Sie den nachhaltigen Eschenholztisch Wood &amp; Wise f\u00fcr jede Umgebung. Mit einer L\u00e4nge von 220 cm ist er ein Einzelst\u00fcck: Entdecken Sie ihn auf unserer Website!\" \/>\n<meta property=\"og:url\" content=\"https:\/\/www.woodandwise.com\/de\/shop\/eschetisch-220-cm-2\/\" \/>\n<meta property=\"og:site_name\" content=\"Wood &amp; Wise\" \/>\n<meta property=\"article:modified_time\" content=\"2023-03-30T14:31:27+00:00\" \/>\n<meta property=\"og:image\" content=\"https:\/\/www.woodandwise.com\/wp-content\/uploads\/2023\/01\/A-020-L-2200.jpeg\" \/>\n\t<meta property=\"og:image:width\" content=\"1412\" \/>\n\t<meta property=\"og:image:height\" content=\"1056\" \/>\n\t<meta property=\"og:image:type\" content=\"image\/jpeg\" \/>\n<meta name=\"twitter:card\" content=\"summary_large_image\" \/>\n<meta name=\"twitter:label1\" content=\"Gesch\u00e4tzte Lesezeit\" \/>\n\t<meta name=\"twitter:data1\" content=\"1\u00a0Minute\" \/>\n<script type=\"application\/ld+json\" class=\"yoast-schema-graph\">{\"@context\":\"https:\/\/schema.org\",\"@graph\":[{\"@type\":\"WebPage\",\"@id\":\"https:\/\/www.woodandwise.com\/de\/shop\/eschetisch-220-cm-2\/\",\"url\":\"https:\/\/www.woodandwise.com\/de\/shop\/eschetisch-220-cm-2\/\",\"name\":\"Eschetish, 220 cm | Wood &amp; Wise\",\"isPartOf\":{\"@id\":\"https:\/\/www.woodandwise.com\/#website\"},\"primaryImageOfPage\":{\"@id\":\"https:\/\/www.woodandwise.com\/de\/shop\/eschetisch-220-cm-2\/#primaryimage\"},\"image\":{\"@id\":\"https:\/\/www.woodandwise.com\/de\/shop\/eschetisch-220-cm-2\/#primaryimage\"},\"thumbnailUrl\":\"https:\/\/www.woodandwise.com\/wp-content\/uploads\/2023\/01\/A-020-L-2200.jpeg\",\"datePublished\":\"2023-01-27T15:22:06+00:00\",\"dateModified\":\"2023-03-30T14:31:27+00:00\",\"description\":\"W\u00e4hlen Sie den nachhaltigen Eschenholztisch Wood & Wise f\u00fcr jede Umgebung. Mit einer L\u00e4nge von 220 cm ist er ein Einzelst\u00fcck: Entdecken Sie ihn auf unserer Website!\",\"breadcrumb\":{\"@id\":\"https:\/\/www.woodandwise.com\/de\/shop\/eschetisch-220-cm-2\/#breadcrumb\"},\"inLanguage\":\"de\",\"potentialAction\":[{\"@type\":\"ReadAction\",\"target\":[\"https:\/\/www.woodandwise.com\/de\/shop\/eschetisch-220-cm-2\/\"]}]},{\"@type\":\"ImageObject\",\"inLanguage\":\"de\",\"@id\":\"https:\/\/www.woodandwise.com\/de\/shop\/eschetisch-220-cm-2\/#primaryimage\",\"url\":\"https:\/\/www.woodandwise.com\/wp-content\/uploads\/2023\/01\/A-020-L-2200.jpeg\",\"contentUrl\":\"https:\/\/www.woodandwise.com\/wp-content\/uploads\/2023\/01\/A-020-L-2200.jpeg\",\"width\":1412,\"height\":1056},{\"@type\":\"BreadcrumbList\",\"@id\":\"https:\/\/www.woodandwise.com\/de\/shop\/eschetisch-220-cm-2\/#breadcrumb\",\"itemListElement\":[{\"@type\":\"ListItem\",\"position\":1,\"name\":\"Homepage\",\"item\":\"https:\/\/www.woodandwise.com\/de\/\"},{\"@type\":\"ListItem\",\"position\":2,\"name\":\"Eschetish, 220 cm\"}]},{\"@type\":\"WebSite\",\"@id\":\"https:\/\/www.woodandwise.com\/#website\",\"url\":\"https:\/\/www.woodandwise.com\/\",\"name\":\"Wood &amp; Wise\",\"description\":\"Tavoli in legno di design\",\"publisher\":{\"@id\":\"https:\/\/www.woodandwise.com\/#organization\"},\"potentialAction\":[{\"@type\":\"SearchAction\",\"target\":{\"@type\":\"EntryPoint\",\"urlTemplate\":\"https:\/\/www.woodandwise.com\/?s={search_term_string}\"},\"query-input\":{\"@type\":\"PropertyValueSpecification\",\"valueRequired\":true,\"valueName\":\"search_term_string\"}}],\"inLanguage\":\"de\"},{\"@type\":\"Organization\",\"@id\":\"https:\/\/www.woodandwise.com\/#organization\",\"name\":\"Wood & Wise\",\"url\":\"https:\/\/www.woodandwise.com\/\",\"logo\":{\"@type\":\"ImageObject\",\"inLanguage\":\"de\",\"@id\":\"https:\/\/www.woodandwise.com\/#\/schema\/logo\/image\/\",\"url\":\"https:\/\/www.woodandwise.com\/wp-content\/uploads\/2022\/11\/logo.png\",\"contentUrl\":\"https:\/\/www.woodandwise.com\/wp-content\/uploads\/2022\/11\/logo.png\",\"width\":364,\"height\":40,\"caption\":\"Wood & Wise\"},\"image\":{\"@id\":\"https:\/\/www.woodandwise.com\/#\/schema\/logo\/image\/\"}}]}<\/script>\n<!-- \/ Yoast SEO plugin. -->","yoast_head_json":{"title":"Eschetish, 220 cm | Wood &amp; Wise","description":"W\u00e4hlen Sie den nachhaltigen Eschenholztisch Wood & Wise f\u00fcr jede Umgebung. Mit einer L\u00e4nge von 220 cm ist er ein Einzelst\u00fcck: Entdecken Sie ihn auf unserer Website!","robots":{"index":"index","follow":"follow","max-snippet":"max-snippet:-1","max-image-preview":"max-image-preview:large","max-video-preview":"max-video-preview:-1"},"canonical":"https:\/\/www.woodandwise.com\/de\/shop\/eschetisch-220-cm-2\/","og_locale":"de_DE","og_type":"article","og_title":"Eschetish, 220 cm | Wood &amp; Wise","og_description":"W\u00e4hlen Sie den nachhaltigen Eschenholztisch Wood & Wise f\u00fcr jede Umgebung. Mit einer L\u00e4nge von 220 cm ist er ein Einzelst\u00fcck: Entdecken Sie ihn auf unserer Website!","og_url":"https:\/\/www.woodandwise.com\/de\/shop\/eschetisch-220-cm-2\/","og_site_name":"Wood &amp; Wise","article_modified_time":"2023-03-30T14:31:27+00:00","og_image":[{"width":1412,"height":1056,"url":"https:\/\/www.woodandwise.com\/wp-content\/uploads\/2023\/01\/A-020-L-2200.jpeg","type":"image\/jpeg"}],"twitter_card":"summary_large_image","twitter_misc":{"Gesch\u00e4tzte Lesezeit":"1\u00a0Minute"},"schema":{"@context":"https:\/\/schema.org","@graph":[{"@type":"WebPage","@id":"https:\/\/www.woodandwise.com\/de\/shop\/eschetisch-220-cm-2\/","url":"https:\/\/www.woodandwise.com\/de\/shop\/eschetisch-220-cm-2\/","name":"Eschetish, 220 cm | Wood &amp; Wise","isPartOf":{"@id":"https:\/\/www.woodandwise.com\/#website"},"primaryImageOfPage":{"@id":"https:\/\/www.woodandwise.com\/de\/shop\/eschetisch-220-cm-2\/#primaryimage"},"image":{"@id":"https:\/\/www.woodandwise.com\/de\/shop\/eschetisch-220-cm-2\/#primaryimage"},"thumbnailUrl":"https:\/\/www.woodandwise.com\/wp-content\/uploads\/2023\/01\/A-020-L-2200.jpeg","datePublished":"2023-01-27T15:22:06+00:00","dateModified":"2023-03-30T14:31:27+00:00","description":"W\u00e4hlen Sie den nachhaltigen Eschenholztisch Wood & Wise f\u00fcr jede Umgebung. Mit einer L\u00e4nge von 220 cm ist er ein Einzelst\u00fcck: Entdecken Sie ihn auf unserer Website!","breadcrumb":{"@id":"https:\/\/www.woodandwise.com\/de\/shop\/eschetisch-220-cm-2\/#breadcrumb"},"inLanguage":"de","potentialAction":[{"@type":"ReadAction","target":["https:\/\/www.woodandwise.com\/de\/shop\/eschetisch-220-cm-2\/"]}]},{"@type":"ImageObject","inLanguage":"de","@id":"https:\/\/www.woodandwise.com\/de\/shop\/eschetisch-220-cm-2\/#primaryimage","url":"https:\/\/www.woodandwise.com\/wp-content\/uploads\/2023\/01\/A-020-L-2200.jpeg","contentUrl":"https:\/\/www.woodandwise.com\/wp-content\/uploads\/2023\/01\/A-020-L-2200.jpeg","width":1412,"height":1056},{"@type":"BreadcrumbList","@id":"https:\/\/www.woodandwise.com\/de\/shop\/eschetisch-220-cm-2\/#breadcrumb","itemListElement":[{"@type":"ListItem","position":1,"name":"Homepage","item":"https:\/\/www.woodandwise.com\/de\/"},{"@type":"ListItem","position":2,"name":"Eschetish, 220 cm"}]},{"@type":"WebSite","@id":"https:\/\/www.woodandwise.com\/#website","url":"https:\/\/www.woodandwise.com\/","name":"Wood &amp; Wise","description":"Tavoli in legno di design","publisher":{"@id":"https:\/\/www.woodandwise.com\/#organization"},"potentialAction":[{"@type":"SearchAction","target":{"@type":"EntryPoint","urlTemplate":"https:\/\/www.woodandwise.com\/?s={search_term_string}"},"query-input":{"@type":"PropertyValueSpecification","valueRequired":true,"valueName":"search_term_string"}}],"inLanguage":"de"},{"@type":"Organization","@id":"https:\/\/www.woodandwise.com\/#organization","name":"Wood & Wise","url":"https:\/\/www.woodandwise.com\/","logo":{"@type":"ImageObject","inLanguage":"de","@id":"https:\/\/www.woodandwise.com\/#\/schema\/logo\/image\/","url":"https:\/\/www.woodandwise.com\/wp-content\/uploads\/2022\/11\/logo.png","contentUrl":"https:\/\/www.woodandwise.com\/wp-content\/uploads\/2022\/11\/logo.png","width":364,"height":40,"caption":"Wood & Wise"},"image":{"@id":"https:\/\/www.woodandwise.com\/#\/schema\/logo\/image\/"}}]}},"_links":{"self":[{"href":"https:\/\/www.woodandwise.com\/de\/wp-json\/wp\/v2\/product\/3983","targetHints":{"allow":["GET"]}}],"collection":[{"href":"https:\/\/www.woodandwise.com\/de\/wp-json\/wp\/v2\/product"}],"about":[{"href":"https:\/\/www.woodandwise.com\/de\/wp-json\/wp\/v2\/types\/product"}],"wp:featuredmedia":[{"embeddable":true,"href":"https:\/\/www.woodandwise.com\/de\/wp-json\/wp\/v2\/media\/4585"}],"wp:attachment":[{"href":"https:\/\/www.woodandwise.com\/de\/wp-json\/wp\/v2\/media?parent=3983"}],"wp:term":[{"taxonomy":"product_brand","embeddable":true,"href":"https:\/\/www.woodandwise.com\/de\/wp-json\/wp\/v2\/product_brand?post=3983"},{"taxonomy":"product_cat","embeddable":true,"href":"https:\/\/www.woodandwise.com\/de\/wp-json\/wp\/v2\/product_cat?post=3983"},{"taxonomy":"product_tag","embeddable":true,"href":"https:\/\/www.woodandwise.com\/de\/wp-json\/wp\/v2\/product_tag?post=3983"}],"curies":[{"name":"wp","href":"https:\/\/api.w.org\/{rel}","templated":true}]}}