{"id":4124,"date":"2023-01-27T16:40:30","date_gmt":"2023-01-27T15:40:30","guid":{"rendered":"https:\/\/www.woodandwise.com\/?post_type=product&#038;p=4124"},"modified":"2023-02-10T16:23:31","modified_gmt":"2023-02-10T15:23:31","slug":"tisch-walnussholz-200-cm","status":"publish","type":"product","link":"https:\/\/www.woodandwise.com\/de\/shop\/tisch-walnussholz-200-cm\/","title":{"rendered":"Tisch aus walnussholz, 200 cm"},"content":{"rendered":"<p>Der 200 cm lange Wood &amp; Wise Designtisch aus Nussbaumholz ist das perfekte Einrichtungselement, um den Stil Ihrer R\u00e4ume einzigartig zu machen. F\u00fcr Ihr Wohn- oder Esszimmer, aber auch f\u00fcr Ihr B\u00fcro oder die raffinierteste und modernste Unterkunft, w\u00e4hlen Sie eine gem\u00fctliche und zeitgen\u00f6ssische Eleganz.<\/p>\n","protected":false},"excerpt":{"rendered":"<p>Nussbaumtisch aus modernem Holz, perfekt f\u00fcr die Einrichtung Ihres Hauses, aber auch f\u00fcr B\u00fcros und repr\u00e4sentative R\u00e4ume.<\/p>\n","protected":false},"featured_media":4603,"template":"","meta":[],"product_brand":[],"product_cat":[65],"product_tag":[],"class_list":{"0":"post-4124","1":"product","2":"type-product","3":"status-publish","4":"has-post-thumbnail","6":"product_cat-tische","8":"first","9":"instock","10":"taxable","11":"shipping-taxable","12":"purchasable","13":"product-type-variable"},"yoast_head":"<!-- This site is optimized with the Yoast SEO plugin v24.6 - https:\/\/yoast.com\/wordpress\/plugins\/seo\/ -->\n<title>Tisch aus walnussholz, 200 cm | Wood &amp; Wise<\/title>\n<meta name=\"description\" content=\"W\u00e4hlen Sie einen modernen und designorientierten Nussbaumtisch aus Wood &amp; Wise Holz. Mit einer L\u00e4nge von 200 cm eignet er sich sowohl f\u00fcr den Heim- als auch f\u00fcr den B\u00fcrobereich. Stil und Originalit\u00e4t f\u00fcr Ihren Raum.\" \/>\n<meta name=\"robots\" content=\"index, follow, max-snippet:-1, max-image-preview:large, max-video-preview:-1\" \/>\n<link rel=\"canonical\" href=\"https:\/\/www.woodandwise.com\/de\/shop\/tisch-walnussholz-200-cm\/\" \/>\n<meta property=\"og:locale\" content=\"de_DE\" \/>\n<meta property=\"og:type\" content=\"article\" \/>\n<meta property=\"og:title\" content=\"Tisch aus walnussholz, 200 cm | Wood &amp; Wise\" \/>\n<meta property=\"og:description\" content=\"W\u00e4hlen Sie einen modernen und designorientierten Nussbaumtisch aus Wood &amp; Wise Holz. Mit einer L\u00e4nge von 200 cm eignet er sich sowohl f\u00fcr den Heim- als auch f\u00fcr den B\u00fcrobereich. Stil und Originalit\u00e4t f\u00fcr Ihren Raum.\" \/>\n<meta property=\"og:url\" content=\"https:\/\/www.woodandwise.com\/de\/shop\/tisch-walnussholz-200-cm\/\" \/>\n<meta property=\"og:site_name\" content=\"Wood &amp; Wise\" \/>\n<meta property=\"article:modified_time\" content=\"2023-02-10T15:23:31+00:00\" \/>\n<meta property=\"og:image\" content=\"https:\/\/www.woodandwise.com\/wp-content\/uploads\/2023\/01\/W-021-L-2000.jpeg\" \/>\n\t<meta property=\"og:image:width\" content=\"1412\" \/>\n\t<meta property=\"og:image:height\" content=\"1056\" \/>\n\t<meta property=\"og:image:type\" content=\"image\/jpeg\" \/>\n<meta name=\"twitter:card\" content=\"summary_large_image\" \/>\n<meta name=\"twitter:label1\" content=\"Gesch\u00e4tzte Lesezeit\" \/>\n\t<meta name=\"twitter:data1\" content=\"1\u00a0Minute\" \/>\n<script type=\"application\/ld+json\" class=\"yoast-schema-graph\">{\"@context\":\"https:\/\/schema.org\",\"@graph\":[{\"@type\":\"WebPage\",\"@id\":\"https:\/\/www.woodandwise.com\/de\/shop\/tisch-walnussholz-200-cm\/\",\"url\":\"https:\/\/www.woodandwise.com\/de\/shop\/tisch-walnussholz-200-cm\/\",\"name\":\"Tisch aus walnussholz, 200 cm | Wood &amp; Wise\",\"isPartOf\":{\"@id\":\"https:\/\/www.woodandwise.com\/#website\"},\"primaryImageOfPage\":{\"@id\":\"https:\/\/www.woodandwise.com\/de\/shop\/tisch-walnussholz-200-cm\/#primaryimage\"},\"image\":{\"@id\":\"https:\/\/www.woodandwise.com\/de\/shop\/tisch-walnussholz-200-cm\/#primaryimage\"},\"thumbnailUrl\":\"https:\/\/www.woodandwise.com\/wp-content\/uploads\/2023\/01\/W-021-L-2000.jpeg\",\"datePublished\":\"2023-01-27T15:40:30+00:00\",\"dateModified\":\"2023-02-10T15:23:31+00:00\",\"description\":\"W\u00e4hlen Sie einen modernen und designorientierten Nussbaumtisch aus Wood & Wise Holz. Mit einer L\u00e4nge von 200 cm eignet er sich sowohl f\u00fcr den Heim- als auch f\u00fcr den B\u00fcrobereich. Stil und Originalit\u00e4t f\u00fcr Ihren Raum.\",\"breadcrumb\":{\"@id\":\"https:\/\/www.woodandwise.com\/de\/shop\/tisch-walnussholz-200-cm\/#breadcrumb\"},\"inLanguage\":\"de\",\"potentialAction\":[{\"@type\":\"ReadAction\",\"target\":[\"https:\/\/www.woodandwise.com\/de\/shop\/tisch-walnussholz-200-cm\/\"]}]},{\"@type\":\"ImageObject\",\"inLanguage\":\"de\",\"@id\":\"https:\/\/www.woodandwise.com\/de\/shop\/tisch-walnussholz-200-cm\/#primaryimage\",\"url\":\"https:\/\/www.woodandwise.com\/wp-content\/uploads\/2023\/01\/W-021-L-2000.jpeg\",\"contentUrl\":\"https:\/\/www.woodandwise.com\/wp-content\/uploads\/2023\/01\/W-021-L-2000.jpeg\",\"width\":1412,\"height\":1056},{\"@type\":\"BreadcrumbList\",\"@id\":\"https:\/\/www.woodandwise.com\/de\/shop\/tisch-walnussholz-200-cm\/#breadcrumb\",\"itemListElement\":[{\"@type\":\"ListItem\",\"position\":1,\"name\":\"Homepage\",\"item\":\"https:\/\/www.woodandwise.com\/de\/\"},{\"@type\":\"ListItem\",\"position\":2,\"name\":\"Tisch aus walnussholz, 200 cm\"}]},{\"@type\":\"WebSite\",\"@id\":\"https:\/\/www.woodandwise.com\/#website\",\"url\":\"https:\/\/www.woodandwise.com\/\",\"name\":\"Wood &amp; Wise\",\"description\":\"Tavoli in legno di design\",\"publisher\":{\"@id\":\"https:\/\/www.woodandwise.com\/#organization\"},\"potentialAction\":[{\"@type\":\"SearchAction\",\"target\":{\"@type\":\"EntryPoint\",\"urlTemplate\":\"https:\/\/www.woodandwise.com\/?s={search_term_string}\"},\"query-input\":{\"@type\":\"PropertyValueSpecification\",\"valueRequired\":true,\"valueName\":\"search_term_string\"}}],\"inLanguage\":\"de\"},{\"@type\":\"Organization\",\"@id\":\"https:\/\/www.woodandwise.com\/#organization\",\"name\":\"Wood & Wise\",\"url\":\"https:\/\/www.woodandwise.com\/\",\"logo\":{\"@type\":\"ImageObject\",\"inLanguage\":\"de\",\"@id\":\"https:\/\/www.woodandwise.com\/#\/schema\/logo\/image\/\",\"url\":\"https:\/\/www.woodandwise.com\/wp-content\/uploads\/2022\/11\/logo.png\",\"contentUrl\":\"https:\/\/www.woodandwise.com\/wp-content\/uploads\/2022\/11\/logo.png\",\"width\":364,\"height\":40,\"caption\":\"Wood & Wise\"},\"image\":{\"@id\":\"https:\/\/www.woodandwise.com\/#\/schema\/logo\/image\/\"}}]}<\/script>\n<!-- \/ Yoast SEO plugin. -->","yoast_head_json":{"title":"Tisch aus walnussholz, 200 cm | Wood &amp; Wise","description":"W\u00e4hlen Sie einen modernen und designorientierten Nussbaumtisch aus Wood & Wise Holz. Mit einer L\u00e4nge von 200 cm eignet er sich sowohl f\u00fcr den Heim- als auch f\u00fcr den B\u00fcrobereich. Stil und Originalit\u00e4t f\u00fcr Ihren Raum.","robots":{"index":"index","follow":"follow","max-snippet":"max-snippet:-1","max-image-preview":"max-image-preview:large","max-video-preview":"max-video-preview:-1"},"canonical":"https:\/\/www.woodandwise.com\/de\/shop\/tisch-walnussholz-200-cm\/","og_locale":"de_DE","og_type":"article","og_title":"Tisch aus walnussholz, 200 cm | Wood &amp; Wise","og_description":"W\u00e4hlen Sie einen modernen und designorientierten Nussbaumtisch aus Wood & Wise Holz. Mit einer L\u00e4nge von 200 cm eignet er sich sowohl f\u00fcr den Heim- als auch f\u00fcr den B\u00fcrobereich. Stil und Originalit\u00e4t f\u00fcr Ihren Raum.","og_url":"https:\/\/www.woodandwise.com\/de\/shop\/tisch-walnussholz-200-cm\/","og_site_name":"Wood &amp; Wise","article_modified_time":"2023-02-10T15:23:31+00:00","og_image":[{"width":1412,"height":1056,"url":"https:\/\/www.woodandwise.com\/wp-content\/uploads\/2023\/01\/W-021-L-2000.jpeg","type":"image\/jpeg"}],"twitter_card":"summary_large_image","twitter_misc":{"Gesch\u00e4tzte Lesezeit":"1\u00a0Minute"},"schema":{"@context":"https:\/\/schema.org","@graph":[{"@type":"WebPage","@id":"https:\/\/www.woodandwise.com\/de\/shop\/tisch-walnussholz-200-cm\/","url":"https:\/\/www.woodandwise.com\/de\/shop\/tisch-walnussholz-200-cm\/","name":"Tisch aus walnussholz, 200 cm | Wood &amp; Wise","isPartOf":{"@id":"https:\/\/www.woodandwise.com\/#website"},"primaryImageOfPage":{"@id":"https:\/\/www.woodandwise.com\/de\/shop\/tisch-walnussholz-200-cm\/#primaryimage"},"image":{"@id":"https:\/\/www.woodandwise.com\/de\/shop\/tisch-walnussholz-200-cm\/#primaryimage"},"thumbnailUrl":"https:\/\/www.woodandwise.com\/wp-content\/uploads\/2023\/01\/W-021-L-2000.jpeg","datePublished":"2023-01-27T15:40:30+00:00","dateModified":"2023-02-10T15:23:31+00:00","description":"W\u00e4hlen Sie einen modernen und designorientierten Nussbaumtisch aus Wood & Wise Holz. Mit einer L\u00e4nge von 200 cm eignet er sich sowohl f\u00fcr den Heim- als auch f\u00fcr den B\u00fcrobereich. Stil und Originalit\u00e4t f\u00fcr Ihren Raum.","breadcrumb":{"@id":"https:\/\/www.woodandwise.com\/de\/shop\/tisch-walnussholz-200-cm\/#breadcrumb"},"inLanguage":"de","potentialAction":[{"@type":"ReadAction","target":["https:\/\/www.woodandwise.com\/de\/shop\/tisch-walnussholz-200-cm\/"]}]},{"@type":"ImageObject","inLanguage":"de","@id":"https:\/\/www.woodandwise.com\/de\/shop\/tisch-walnussholz-200-cm\/#primaryimage","url":"https:\/\/www.woodandwise.com\/wp-content\/uploads\/2023\/01\/W-021-L-2000.jpeg","contentUrl":"https:\/\/www.woodandwise.com\/wp-content\/uploads\/2023\/01\/W-021-L-2000.jpeg","width":1412,"height":1056},{"@type":"BreadcrumbList","@id":"https:\/\/www.woodandwise.com\/de\/shop\/tisch-walnussholz-200-cm\/#breadcrumb","itemListElement":[{"@type":"ListItem","position":1,"name":"Homepage","item":"https:\/\/www.woodandwise.com\/de\/"},{"@type":"ListItem","position":2,"name":"Tisch aus walnussholz, 200 cm"}]},{"@type":"WebSite","@id":"https:\/\/www.woodandwise.com\/#website","url":"https:\/\/www.woodandwise.com\/","name":"Wood &amp; Wise","description":"Tavoli in legno di design","publisher":{"@id":"https:\/\/www.woodandwise.com\/#organization"},"potentialAction":[{"@type":"SearchAction","target":{"@type":"EntryPoint","urlTemplate":"https:\/\/www.woodandwise.com\/?s={search_term_string}"},"query-input":{"@type":"PropertyValueSpecification","valueRequired":true,"valueName":"search_term_string"}}],"inLanguage":"de"},{"@type":"Organization","@id":"https:\/\/www.woodandwise.com\/#organization","name":"Wood & Wise","url":"https:\/\/www.woodandwise.com\/","logo":{"@type":"ImageObject","inLanguage":"de","@id":"https:\/\/www.woodandwise.com\/#\/schema\/logo\/image\/","url":"https:\/\/www.woodandwise.com\/wp-content\/uploads\/2022\/11\/logo.png","contentUrl":"https:\/\/www.woodandwise.com\/wp-content\/uploads\/2022\/11\/logo.png","width":364,"height":40,"caption":"Wood & Wise"},"image":{"@id":"https:\/\/www.woodandwise.com\/#\/schema\/logo\/image\/"}}]}},"_links":{"self":[{"href":"https:\/\/www.woodandwise.com\/de\/wp-json\/wp\/v2\/product\/4124","targetHints":{"allow":["GET"]}}],"collection":[{"href":"https:\/\/www.woodandwise.com\/de\/wp-json\/wp\/v2\/product"}],"about":[{"href":"https:\/\/www.woodandwise.com\/de\/wp-json\/wp\/v2\/types\/product"}],"wp:featuredmedia":[{"embeddable":true,"href":"https:\/\/www.woodandwise.com\/de\/wp-json\/wp\/v2\/media\/4603"}],"wp:attachment":[{"href":"https:\/\/www.woodandwise.com\/de\/wp-json\/wp\/v2\/media?parent=4124"}],"wp:term":[{"taxonomy":"product_brand","embeddable":true,"href":"https:\/\/www.woodandwise.com\/de\/wp-json\/wp\/v2\/product_brand?post=4124"},{"taxonomy":"product_cat","embeddable":true,"href":"https:\/\/www.woodandwise.com\/de\/wp-json\/wp\/v2\/product_cat?post=4124"},{"taxonomy":"product_tag","embeddable":true,"href":"https:\/\/www.woodandwise.com\/de\/wp-json\/wp\/v2\/product_tag?post=4124"}],"curies":[{"name":"wp","href":"https:\/\/api.w.org\/{rel}","templated":true}]}}