{"id":3278,"date":"2022-07-26T10:35:57","date_gmt":"2022-07-26T08:35:57","guid":{"rendered":"https:\/\/www.woodandwise.com\/chi-siamo\/"},"modified":"2022-12-27T15:15:41","modified_gmt":"2022-12-27T14:15:41","slug":"qui-nous-sommes","status":"publish","type":"page","link":"https:\/\/www.woodandwise.com\/fr\/qui-nous-sommes\/","title":{"rendered":"Qui nous sommes"},"content":{"rendered":"\t\t<div data-elementor-type=\"wp-page\" data-elementor-id=\"3278\" class=\"elementor elementor-3278 elementor-1224\">\n\t\t\t\t\t\t<section class=\"elementor-section elementor-top-section elementor-element elementor-element-ffec2fc padding-top-medium elementor-section-full_width elementor-section-height-default elementor-section-height-default\" data-id=\"ffec2fc\" data-element_type=\"section\" data-settings=\"{&quot;background_background&quot;:&quot;classic&quot;}\">\n\t\t\t\t\t\t<div class=\"elementor-container elementor-column-gap-default\">\n\t\t\t\t\t<div class=\"elementor-column elementor-col-100 elementor-top-column elementor-element elementor-element-0035b21\" data-id=\"0035b21\" data-element_type=\"column\">\n\t\t\t<div class=\"elementor-widget-wrap elementor-element-populated\">\n\t\t\t\t\t\t<div class=\"elementor-element elementor-element-d50490b alt-position-2 invert elementor-widget elementor-widget-shortcode\" data-id=\"d50490b\" data-element_type=\"widget\" id=\"breadcrumb\" data-widget_type=\"shortcode.default\">\n\t\t\t\t<div class=\"elementor-widget-container\">\n\t\t\t\t\t\t\t<div class=\"elementor-shortcode\"><span><span><a href=\"https:\/\/www.woodandwise.com\/fr\/\">Homepage<\/a><\/span><\/span><\/div>\n\t\t\t\t\t\t<\/div>\n\t\t\t\t<\/div>\n\t\t\t\t<div class=\"elementor-element elementor-element-ab3c48b intro-heading elementor-widget elementor-widget-text-editor\" data-id=\"ab3c48b\" data-element_type=\"widget\" data-widget_type=\"text-editor.default\">\n\t\t\t\t<div class=\"elementor-widget-container\">\n\t\t\t\t\t\t\t\t\t<h1>QUI SOMMES NOUS<\/h1>\t\t\t\t\t\t\t\t<\/div>\n\t\t\t\t<\/div>\n\t\t\t\t\t<\/div>\n\t\t<\/div>\n\t\t\t\t\t<\/div>\n\t\t<\/section>\n\t\t\t\t<section class=\"elementor-section elementor-top-section elementor-element elementor-element-db707df elementor-section-boxed elementor-section-height-default elementor-section-height-default\" data-id=\"db707df\" data-element_type=\"section\" data-settings=\"{&quot;background_background&quot;:&quot;classic&quot;}\">\n\t\t\t\t\t\t<div class=\"elementor-container elementor-column-gap-default\">\n\t\t\t\t\t<div class=\"elementor-column elementor-col-100 elementor-top-column elementor-element elementor-element-1893723\" data-id=\"1893723\" data-element_type=\"column\">\n\t\t\t<div class=\"elementor-widget-wrap elementor-element-populated\">\n\t\t\t\t\t\t<div class=\"elementor-element elementor-element-561c9f0 elementor-widget elementor-widget-image\" data-id=\"561c9f0\" data-element_type=\"widget\" data-widget_type=\"image.default\">\n\t\t\t\t<div class=\"elementor-widget-container\">\n\t\t\t\t\t\t\t\t\t\t\t\t\t\t\t<img fetchpriority=\"high\" decoding=\"async\" width=\"1633\" height=\"930\" src=\"https:\/\/www.woodandwise.com\/wp-content\/uploads\/2022\/08\/A_Banner-3.jpg\" class=\"attachment-full size-full wp-image-1595\" alt=\"\" srcset=\"https:\/\/www.woodandwise.com\/wp-content\/uploads\/2022\/08\/A_Banner-3.jpg 1633w, https:\/\/www.woodandwise.com\/wp-content\/uploads\/2022\/08\/A_Banner-3-300x171.jpg 300w, https:\/\/www.woodandwise.com\/wp-content\/uploads\/2022\/08\/A_Banner-3-1024x583.jpg 1024w, https:\/\/www.woodandwise.com\/wp-content\/uploads\/2022\/08\/A_Banner-3-768x437.jpg 768w, https:\/\/www.woodandwise.com\/wp-content\/uploads\/2022\/08\/A_Banner-3-1536x875.jpg 1536w, https:\/\/www.woodandwise.com\/wp-content\/uploads\/2022\/08\/A_Banner-3-64x36.jpg 64w\" sizes=\"(max-width: 1633px) 100vw, 1633px\" \/>\t\t\t\t\t\t\t\t\t\t\t\t\t\t\t<\/div>\n\t\t\t\t<\/div>\n\t\t\t\t\t<\/div>\n\t\t<\/div>\n\t\t\t\t\t<\/div>\n\t\t<\/section>\n\t\t\t\t<section class=\"elementor-section elementor-top-section elementor-element elementor-element-a751520 padding-top padding-bottom elementor-section-boxed elementor-section-height-default elementor-section-height-default\" data-id=\"a751520\" data-element_type=\"section\" data-settings=\"{&quot;background_background&quot;:&quot;classic&quot;}\">\n\t\t\t\t\t\t<div class=\"elementor-container elementor-column-gap-default\">\n\t\t\t\t\t<div class=\"elementor-column elementor-col-100 elementor-top-column elementor-element elementor-element-45eced0\" data-id=\"45eced0\" data-element_type=\"column\">\n\t\t\t<div class=\"elementor-widget-wrap elementor-element-populated\">\n\t\t\t\t\t\t<div class=\"elementor-element elementor-element-a81d9cb elementor-widget elementor-widget-text-editor\" data-id=\"a81d9cb\" data-element_type=\"widget\" data-widget_type=\"text-editor.default\">\n\t\t\t\t<div class=\"elementor-widget-container\">\n\t\t\t\t\t\t\t\t\t<p class=\"invert text-extra-large\">LE GROUPE FLORIAN EST UN LEADER INTERNATIONAL SUR LE MARCH\u00c9 DU BOIS<\/p>\t\t\t\t\t\t\t\t<\/div>\n\t\t\t\t<\/div>\n\t\t\t\t\t<\/div>\n\t\t<\/div>\n\t\t\t\t\t<\/div>\n\t\t<\/section>\n\t\t\t\t<section class=\"elementor-section elementor-top-section elementor-element elementor-element-46a7613b elementor-section-full_width elementor-section-content-middle elementor-section-height-default elementor-section-height-default\" data-id=\"46a7613b\" data-element_type=\"section\" data-settings=\"{&quot;background_background&quot;:&quot;classic&quot;}\">\n\t\t\t\t\t\t<div class=\"elementor-container elementor-column-gap-no\">\n\t\t\t\t\t<div class=\"elementor-column elementor-col-50 elementor-top-column elementor-element elementor-element-c2655ba force-full-column\" data-id=\"c2655ba\" data-element_type=\"column\" data-settings=\"{&quot;background_background&quot;:&quot;classic&quot;}\">\n\t\t\t<div class=\"elementor-widget-wrap elementor-element-populated\">\n\t\t\t\t\t\t<div class=\"elementor-element elementor-element-2860b493 elementor-widget elementor-widget-spacer\" data-id=\"2860b493\" data-element_type=\"widget\" data-widget_type=\"spacer.default\">\n\t\t\t\t<div class=\"elementor-widget-container\">\n\t\t\t\t\t\t\t<div class=\"elementor-spacer\">\n\t\t\t<div class=\"elementor-spacer-inner\"><\/div>\n\t\t<\/div>\n\t\t\t\t\t\t<\/div>\n\t\t\t\t<\/div>\n\t\t\t\t\t<\/div>\n\t\t<\/div>\n\t\t\t\t<div class=\"elementor-column elementor-col-50 elementor-top-column elementor-element elementor-element-3fe737c1 full-height padding-top padding-bottom\" data-id=\"3fe737c1\" data-element_type=\"column\">\n\t\t\t<div class=\"elementor-widget-wrap elementor-element-populated\">\n\t\t\t\t\t\t<div class=\"elementor-element elementor-element-3030c04f side-small-container elementor-widget elementor-widget-text-editor\" data-id=\"3030c04f\" data-element_type=\"widget\" data-widget_type=\"text-editor.default\">\n\t\t\t\t<div class=\"elementor-widget-container\">\n\t\t\t\t\t\t\t\t\t<p>QUI NOUS SOMMES<\/p><p>LE GROUPE FLORIAN<\/p><p>Florian Group est le partenaire mondial des entreprises du march\u00e9 du bois. Gr\u00e2ce au contr\u00f4le de chaque \u00e9tape d&rsquo;une cha\u00eene d&rsquo;approvisionnement int\u00e9gr\u00e9e et certifi\u00e9e, nous pouvons offrir \u00e0 nos clients une gamme compl\u00e8te de produits, respectant l&rsquo;environnement et les normes de qualit\u00e9 les plus \u00e9lev\u00e9es. Les tables en bois Wood&amp;Wise sont la derni\u00e8re \u00e9volution de notre syst\u00e8me de techniques de production, de relations de valeur et de passion.<\/p><p>\u00a0<\/p>\t\t\t\t\t\t\t\t<\/div>\n\t\t\t\t<\/div>\n\t\t\t\t\t<\/div>\n\t\t<\/div>\n\t\t\t\t\t<\/div>\n\t\t<\/section>\n\t\t\t\t<section class=\"elementor-section elementor-top-section elementor-element elementor-element-17d536e2 padding-top padding-bottom elementor-section-boxed elementor-section-height-default elementor-section-height-default\" data-id=\"17d536e2\" data-element_type=\"section\" data-settings=\"{&quot;background_background&quot;:&quot;classic&quot;}\">\n\t\t\t\t\t\t<div class=\"elementor-container elementor-column-gap-default\">\n\t\t\t\t\t<div class=\"elementor-column elementor-col-100 elementor-top-column elementor-element elementor-element-1280fa80\" data-id=\"1280fa80\" data-element_type=\"column\">\n\t\t\t<div class=\"elementor-widget-wrap elementor-element-populated\">\n\t\t\t\t\t\t<div class=\"elementor-element elementor-element-63bcb8b5 elementor-widget elementor-widget-text-editor\" data-id=\"63bcb8b5\" data-element_type=\"widget\" data-widget_type=\"text-editor.default\">\n\t\t\t\t<div class=\"elementor-widget-container\">\n\t\t\t\t\t\t\t\t\t<p class=\"invert text-extra-large\">\u201cLA PASSION DU BOIS, L&rsquo;EXPERTISE ET LA CAPACIT\u00c9 \u00c0 SE RENOUVELER, EN S&rsquo;INSPIRANT DE LA NATURE: TELLES SONT LES VALEURS FONDAMENTALES DE NOTRE GROUPE.\u201d<\/p><p class=\"invert text-large margin-top-medium no-margin-bottom\">ELVIO FLORIAN<\/p>\t\t\t\t\t\t\t\t<\/div>\n\t\t\t\t<\/div>\n\t\t\t\t\t<\/div>\n\t\t<\/div>\n\t\t\t\t\t<\/div>\n\t\t<\/section>\n\t\t\t\t<section class=\"elementor-section elementor-top-section elementor-element elementor-element-6ff7efc1 elementor-section-full_width elementor-section-content-middle elementor-section-height-default elementor-section-height-default\" data-id=\"6ff7efc1\" data-element_type=\"section\" data-settings=\"{&quot;background_background&quot;:&quot;classic&quot;}\">\n\t\t\t\t\t\t<div class=\"elementor-container elementor-column-gap-no\">\n\t\t\t\t\t<div class=\"elementor-column elementor-col-50 elementor-top-column elementor-element elementor-element-2f260fa9 padding-top padding-bottom full-height\" data-id=\"2f260fa9\" data-element_type=\"column\">\n\t\t\t<div class=\"elementor-widget-wrap elementor-element-populated\">\n\t\t\t\t\t\t<div class=\"elementor-element elementor-element-6c20b4cb side-small-container elementor-widget elementor-widget-text-editor\" data-id=\"6c20b4cb\" data-element_type=\"widget\" data-widget_type=\"text-editor.default\">\n\t\t\t\t<div class=\"elementor-widget-container\">\n\t\t\t\t\t\t\t\t\t<p class=\"invert\"><strong>LE GROUPE<\/strong><\/p><h2>IL FAUT FLORIAN POUR FAIRE DU BOIS<\/h2><p class=\"invert no-margin-bottom\">Nous travaillons dans le <strong>secteur du bois<\/strong> depuis plus de 60 ans: c&rsquo;est pourquoi nous connaissons chaque \u00e9tape de la transformation, de<strong> la coupe du bois<\/strong> en for\u00eat \u00e0 l&rsquo;exp\u00e9dition. Chaque \u00e9tape est g\u00e9r\u00e9e de mani\u00e8re durable, afin de minimiser l&rsquo;utilisation des ressources environnementales: parce que la nature est un bien pr\u00e9cieux, et nous nous sommes toujours engag\u00e9s \u00e0 la respecter, \u00e9galement pour les g\u00e9n\u00e9rations futures.<\/p>\t\t\t\t\t\t\t\t<\/div>\n\t\t\t\t<\/div>\n\t\t\t\t\t<\/div>\n\t\t<\/div>\n\t\t\t\t<div class=\"elementor-column elementor-col-50 elementor-top-column elementor-element elementor-element-45fa9604 force-full-column\" data-id=\"45fa9604\" data-element_type=\"column\" data-settings=\"{&quot;background_background&quot;:&quot;classic&quot;}\">\n\t\t\t<div class=\"elementor-widget-wrap elementor-element-populated\">\n\t\t\t\t\t\t<div class=\"elementor-element elementor-element-344e128 elementor-widget elementor-widget-spacer\" data-id=\"344e128\" data-element_type=\"widget\" data-widget_type=\"spacer.default\">\n\t\t\t\t<div class=\"elementor-widget-container\">\n\t\t\t\t\t\t\t<div class=\"elementor-spacer\">\n\t\t\t<div class=\"elementor-spacer-inner\"><\/div>\n\t\t<\/div>\n\t\t\t\t\t\t<\/div>\n\t\t\t\t<\/div>\n\t\t\t\t\t<\/div>\n\t\t<\/div>\n\t\t\t\t\t<\/div>\n\t\t<\/section>\n\t\t\t\t<section class=\"elementor-section elementor-top-section elementor-element elementor-element-e23dac7 padding-top padding-bottom elementor-section-boxed elementor-section-height-default elementor-section-height-default\" data-id=\"e23dac7\" data-element_type=\"section\" data-settings=\"{&quot;background_background&quot;:&quot;classic&quot;}\">\n\t\t\t\t\t\t<div class=\"elementor-container elementor-column-gap-default\">\n\t\t\t\t\t<div class=\"elementor-column elementor-col-100 elementor-top-column elementor-element elementor-element-7663672\" data-id=\"7663672\" data-element_type=\"column\">\n\t\t\t<div class=\"elementor-widget-wrap elementor-element-populated\">\n\t\t\t\t\t\t<div class=\"elementor-element elementor-element-28c3417 elementor-align-center invert elementor-widget elementor-widget-button\" data-id=\"28c3417\" data-element_type=\"widget\" data-widget_type=\"button.default\">\n\t\t\t\t<div class=\"elementor-widget-container\">\n\t\t\t\t\t\t\t\t\t<div class=\"elementor-button-wrapper\">\n\t\t\t\t\t<a class=\"elementor-button elementor-button-link elementor-size-sm\" href=\"\/filosofia\/\">\n\t\t\t\t\t\t<span class=\"elementor-button-content-wrapper\">\n\t\t\t\t\t\t\t\t\t<span class=\"elementor-button-text\">EN SAVOIR PLUS SUR FLORIAN<\/span>\n\t\t\t\t\t<\/span>\n\t\t\t\t\t<\/a>\n\t\t\t\t<\/div>\n\t\t\t\t\t\t\t\t<\/div>\n\t\t\t\t<\/div>\n\t\t\t\t\t<\/div>\n\t\t<\/div>\n\t\t\t\t\t<\/div>\n\t\t<\/section>\n\t\t\t\t<\/div>\n\t\t","protected":false},"excerpt":{"rendered":"<p>QUI SOMMES NOUS LE GROUPE FLORIAN EST UN LEADER INTERNATIONAL SUR LE MARCH\u00c9 DU BOIS QUI NOUS SOMMES LE GROUPE FLORIAN Florian Group est le partenaire mondial des entreprises du march\u00e9 du bois. Gr\u00e2ce au contr\u00f4le de chaque \u00e9tape d&rsquo;une cha\u00eene d&rsquo;approvisionnement int\u00e9gr\u00e9e et certifi\u00e9e, nous pouvons offrir \u00e0 nos clients une gamme compl\u00e8te de [&hellip;]<\/p>\n","protected":false},"author":1,"featured_media":0,"parent":0,"menu_order":0,"comment_status":"closed","ping_status":"closed","template":"","meta":{"footnotes":""},"class_list":["post-3278","page","type-page","status-publish","hentry"],"yoast_head":"<!-- This site is optimized with the Yoast SEO plugin v24.6 - https:\/\/yoast.com\/wordpress\/plugins\/seo\/ -->\n<title>Qui nous sommes: tables en bois design durable | Wood &amp; Wise<\/title>\n<meta name=\"description\" content=\"D\u00e9couvrez qui nous sommes: des tables modernes en noyer, ch\u00eane et fr\u00eane raffin\u00e9es, uniques et design\" \/>\n<meta name=\"robots\" content=\"index, follow, max-snippet:-1, max-image-preview:large, max-video-preview:-1\" \/>\n<link rel=\"canonical\" href=\"https:\/\/www.woodandwise.com\/fr\/qui-nous-sommes\/\" \/>\n<meta property=\"og:locale\" content=\"fr_FR\" \/>\n<meta property=\"og:type\" content=\"article\" \/>\n<meta property=\"og:title\" content=\"Qui nous sommes: tables en bois design durable | Wood &amp; Wise\" \/>\n<meta property=\"og:description\" content=\"D\u00e9couvrez qui nous sommes: des tables modernes en noyer, ch\u00eane et fr\u00eane raffin\u00e9es, uniques et design\" \/>\n<meta property=\"og:url\" content=\"https:\/\/www.woodandwise.com\/fr\/qui-nous-sommes\/\" \/>\n<meta property=\"og:site_name\" content=\"Wood &amp; Wise\" \/>\n<meta property=\"article:modified_time\" content=\"2022-12-27T14:15:41+00:00\" \/>\n<meta property=\"og:image\" content=\"https:\/\/www.woodandwise.com\/wp-content\/uploads\/2022\/08\/A_Banner-3.jpg\" \/>\n<meta name=\"twitter:card\" content=\"summary_large_image\" \/>\n<meta name=\"twitter:label1\" content=\"Dur\u00e9e de lecture estim\u00e9e\" \/>\n\t<meta name=\"twitter:data1\" content=\"2 minutes\" \/>\n<script type=\"application\/ld+json\" class=\"yoast-schema-graph\">{\"@context\":\"https:\/\/schema.org\",\"@graph\":[{\"@type\":\"WebPage\",\"@id\":\"https:\/\/www.woodandwise.com\/fr\/qui-nous-sommes\/\",\"url\":\"https:\/\/www.woodandwise.com\/fr\/qui-nous-sommes\/\",\"name\":\"Qui nous sommes: tables en bois design durable | Wood &amp; Wise\",\"isPartOf\":{\"@id\":\"https:\/\/www.woodandwise.com\/#website\"},\"primaryImageOfPage\":{\"@id\":\"https:\/\/www.woodandwise.com\/fr\/qui-nous-sommes\/#primaryimage\"},\"image\":{\"@id\":\"https:\/\/www.woodandwise.com\/fr\/qui-nous-sommes\/#primaryimage\"},\"thumbnailUrl\":\"https:\/\/www.woodandwise.com\/wp-content\/uploads\/2022\/08\/A_Banner-3.jpg\",\"datePublished\":\"2022-07-26T08:35:57+00:00\",\"dateModified\":\"2022-12-27T14:15:41+00:00\",\"description\":\"D\u00e9couvrez qui nous sommes: des tables modernes en noyer, ch\u00eane et fr\u00eane raffin\u00e9es, uniques et design\",\"breadcrumb\":{\"@id\":\"https:\/\/www.woodandwise.com\/fr\/qui-nous-sommes\/#breadcrumb\"},\"inLanguage\":\"fr-FR\",\"potentialAction\":[{\"@type\":\"ReadAction\",\"target\":[\"https:\/\/www.woodandwise.com\/fr\/qui-nous-sommes\/\"]}]},{\"@type\":\"ImageObject\",\"inLanguage\":\"fr-FR\",\"@id\":\"https:\/\/www.woodandwise.com\/fr\/qui-nous-sommes\/#primaryimage\",\"url\":\"https:\/\/www.woodandwise.com\/wp-content\/uploads\/2022\/08\/A_Banner-3.jpg\",\"contentUrl\":\"https:\/\/www.woodandwise.com\/wp-content\/uploads\/2022\/08\/A_Banner-3.jpg\"},{\"@type\":\"BreadcrumbList\",\"@id\":\"https:\/\/www.woodandwise.com\/fr\/qui-nous-sommes\/#breadcrumb\",\"itemListElement\":[{\"@type\":\"ListItem\",\"position\":1,\"name\":\"Homepage\",\"item\":\"https:\/\/www.woodandwise.com\/fr\/\"},{\"@type\":\"ListItem\",\"position\":2,\"name\":\"Qui nous sommes\"}]},{\"@type\":\"WebSite\",\"@id\":\"https:\/\/www.woodandwise.com\/#website\",\"url\":\"https:\/\/www.woodandwise.com\/\",\"name\":\"Wood &amp; Wise\",\"description\":\"Tavoli in legno di design\",\"publisher\":{\"@id\":\"https:\/\/www.woodandwise.com\/#organization\"},\"potentialAction\":[{\"@type\":\"SearchAction\",\"target\":{\"@type\":\"EntryPoint\",\"urlTemplate\":\"https:\/\/www.woodandwise.com\/?s={search_term_string}\"},\"query-input\":{\"@type\":\"PropertyValueSpecification\",\"valueRequired\":true,\"valueName\":\"search_term_string\"}}],\"inLanguage\":\"fr-FR\"},{\"@type\":\"Organization\",\"@id\":\"https:\/\/www.woodandwise.com\/#organization\",\"name\":\"Wood & Wise\",\"url\":\"https:\/\/www.woodandwise.com\/\",\"logo\":{\"@type\":\"ImageObject\",\"inLanguage\":\"fr-FR\",\"@id\":\"https:\/\/www.woodandwise.com\/#\/schema\/logo\/image\/\",\"url\":\"https:\/\/www.woodandwise.com\/wp-content\/uploads\/2022\/11\/logo.png\",\"contentUrl\":\"https:\/\/www.woodandwise.com\/wp-content\/uploads\/2022\/11\/logo.png\",\"width\":364,\"height\":40,\"caption\":\"Wood & Wise\"},\"image\":{\"@id\":\"https:\/\/www.woodandwise.com\/#\/schema\/logo\/image\/\"}}]}<\/script>\n<!-- \/ Yoast SEO plugin. -->","yoast_head_json":{"title":"Qui nous sommes: tables en bois design durable | Wood &amp; Wise","description":"D\u00e9couvrez qui nous sommes: des tables modernes en noyer, ch\u00eane et fr\u00eane raffin\u00e9es, uniques et design","robots":{"index":"index","follow":"follow","max-snippet":"max-snippet:-1","max-image-preview":"max-image-preview:large","max-video-preview":"max-video-preview:-1"},"canonical":"https:\/\/www.woodandwise.com\/fr\/qui-nous-sommes\/","og_locale":"fr_FR","og_type":"article","og_title":"Qui nous sommes: tables en bois design durable | Wood &amp; Wise","og_description":"D\u00e9couvrez qui nous sommes: des tables modernes en noyer, ch\u00eane et fr\u00eane raffin\u00e9es, uniques et design","og_url":"https:\/\/www.woodandwise.com\/fr\/qui-nous-sommes\/","og_site_name":"Wood &amp; Wise","article_modified_time":"2022-12-27T14:15:41+00:00","og_image":[{"url":"https:\/\/www.woodandwise.com\/wp-content\/uploads\/2022\/08\/A_Banner-3.jpg","type":"","width":"","height":""}],"twitter_card":"summary_large_image","twitter_misc":{"Dur\u00e9e de lecture estim\u00e9e":"2 minutes"},"schema":{"@context":"https:\/\/schema.org","@graph":[{"@type":"WebPage","@id":"https:\/\/www.woodandwise.com\/fr\/qui-nous-sommes\/","url":"https:\/\/www.woodandwise.com\/fr\/qui-nous-sommes\/","name":"Qui nous sommes: tables en bois design durable | Wood &amp; Wise","isPartOf":{"@id":"https:\/\/www.woodandwise.com\/#website"},"primaryImageOfPage":{"@id":"https:\/\/www.woodandwise.com\/fr\/qui-nous-sommes\/#primaryimage"},"image":{"@id":"https:\/\/www.woodandwise.com\/fr\/qui-nous-sommes\/#primaryimage"},"thumbnailUrl":"https:\/\/www.woodandwise.com\/wp-content\/uploads\/2022\/08\/A_Banner-3.jpg","datePublished":"2022-07-26T08:35:57+00:00","dateModified":"2022-12-27T14:15:41+00:00","description":"D\u00e9couvrez qui nous sommes: des tables modernes en noyer, ch\u00eane et fr\u00eane raffin\u00e9es, uniques et design","breadcrumb":{"@id":"https:\/\/www.woodandwise.com\/fr\/qui-nous-sommes\/#breadcrumb"},"inLanguage":"fr-FR","potentialAction":[{"@type":"ReadAction","target":["https:\/\/www.woodandwise.com\/fr\/qui-nous-sommes\/"]}]},{"@type":"ImageObject","inLanguage":"fr-FR","@id":"https:\/\/www.woodandwise.com\/fr\/qui-nous-sommes\/#primaryimage","url":"https:\/\/www.woodandwise.com\/wp-content\/uploads\/2022\/08\/A_Banner-3.jpg","contentUrl":"https:\/\/www.woodandwise.com\/wp-content\/uploads\/2022\/08\/A_Banner-3.jpg"},{"@type":"BreadcrumbList","@id":"https:\/\/www.woodandwise.com\/fr\/qui-nous-sommes\/#breadcrumb","itemListElement":[{"@type":"ListItem","position":1,"name":"Homepage","item":"https:\/\/www.woodandwise.com\/fr\/"},{"@type":"ListItem","position":2,"name":"Qui nous sommes"}]},{"@type":"WebSite","@id":"https:\/\/www.woodandwise.com\/#website","url":"https:\/\/www.woodandwise.com\/","name":"Wood &amp; Wise","description":"Tavoli in legno di design","publisher":{"@id":"https:\/\/www.woodandwise.com\/#organization"},"potentialAction":[{"@type":"SearchAction","target":{"@type":"EntryPoint","urlTemplate":"https:\/\/www.woodandwise.com\/?s={search_term_string}"},"query-input":{"@type":"PropertyValueSpecification","valueRequired":true,"valueName":"search_term_string"}}],"inLanguage":"fr-FR"},{"@type":"Organization","@id":"https:\/\/www.woodandwise.com\/#organization","name":"Wood & Wise","url":"https:\/\/www.woodandwise.com\/","logo":{"@type":"ImageObject","inLanguage":"fr-FR","@id":"https:\/\/www.woodandwise.com\/#\/schema\/logo\/image\/","url":"https:\/\/www.woodandwise.com\/wp-content\/uploads\/2022\/11\/logo.png","contentUrl":"https:\/\/www.woodandwise.com\/wp-content\/uploads\/2022\/11\/logo.png","width":364,"height":40,"caption":"Wood & Wise"},"image":{"@id":"https:\/\/www.woodandwise.com\/#\/schema\/logo\/image\/"}}]}},"_links":{"self":[{"href":"https:\/\/www.woodandwise.com\/fr\/wp-json\/wp\/v2\/pages\/3278","targetHints":{"allow":["GET"]}}],"collection":[{"href":"https:\/\/www.woodandwise.com\/fr\/wp-json\/wp\/v2\/pages"}],"about":[{"href":"https:\/\/www.woodandwise.com\/fr\/wp-json\/wp\/v2\/types\/page"}],"author":[{"embeddable":true,"href":"https:\/\/www.woodandwise.com\/fr\/wp-json\/wp\/v2\/users\/1"}],"replies":[{"embeddable":true,"href":"https:\/\/www.woodandwise.com\/fr\/wp-json\/wp\/v2\/comments?post=3278"}],"version-history":[{"count":13,"href":"https:\/\/www.woodandwise.com\/fr\/wp-json\/wp\/v2\/pages\/3278\/revisions"}],"predecessor-version":[{"id":3415,"href":"https:\/\/www.woodandwise.com\/fr\/wp-json\/wp\/v2\/pages\/3278\/revisions\/3415"}],"wp:attachment":[{"href":"https:\/\/www.woodandwise.com\/fr\/wp-json\/wp\/v2\/media?parent=3278"}],"curies":[{"name":"wp","href":"https:\/\/api.w.org\/{rel}","templated":true}]}}