{"id":3313,"date":"2022-11-17T11:10:47","date_gmt":"2022-11-17T10:10:47","guid":{"rendered":"https:\/\/www.woodandwise.com\/shop\/"},"modified":"2023-01-13T11:49:07","modified_gmt":"2023-01-13T10:49:07","slug":"shop","status":"publish","type":"page","link":"https:\/\/www.woodandwise.com\/fr\/shop\/","title":{"rendered":"Shop"},"content":{"rendered":"\t\t<div data-elementor-type=\"wp-page\" data-elementor-id=\"3313\" class=\"elementor elementor-3313 elementor-2774\">\n\t\t\t\t\t\t<section class=\"elementor-section elementor-top-section elementor-element elementor-element-7cb2070b elementor-section-full_width padding-bottom elementor-section-height-default elementor-section-height-default\" data-id=\"7cb2070b\" data-element_type=\"section\" id=\"heading\" data-settings=\"{&quot;background_background&quot;:&quot;classic&quot;}\">\n\t\t\t\t\t\t<div class=\"elementor-container elementor-column-gap-default\">\n\t\t\t\t\t<div class=\"elementor-column elementor-col-100 elementor-top-column elementor-element elementor-element-c21b935\" data-id=\"c21b935\" data-element_type=\"column\">\n\t\t\t<div class=\"elementor-widget-wrap elementor-element-populated\">\n\t\t\t\t\t\t<div class=\"elementor-element elementor-element-40933d41 elementor-widget elementor-widget-text-editor\" data-id=\"40933d41\" data-element_type=\"widget\" data-widget_type=\"text-editor.default\">\n\t\t\t\t<div class=\"elementor-widget-container\">\n\t\t\t\t\t\t\t\t\t<h1 style=\"text-align: center;\">SHOP<\/h1>\t\t\t\t\t\t\t\t<\/div>\n\t\t\t\t<\/div>\n\t\t\t\t<div class=\"elementor-element elementor-element-263e31d3 alt-position elementor-widget elementor-widget-shortcode\" data-id=\"263e31d3\" data-element_type=\"widget\" id=\"breadcrumb\" data-widget_type=\"shortcode.default\">\n\t\t\t\t<div class=\"elementor-widget-container\">\n\t\t\t\t\t\t\t<div class=\"elementor-shortcode\"><span><span><a href=\"https:\/\/www.woodandwise.com\/fr\/\">Homepage<\/a><\/span><\/span><\/div>\n\t\t\t\t\t\t<\/div>\n\t\t\t\t<\/div>\n\t\t\t\t\t<\/div>\n\t\t<\/div>\n\t\t\t\t\t<\/div>\n\t\t<\/section>\n\t\t\t\t<section class=\"elementor-section elementor-top-section elementor-element elementor-element-5a7b1c35 padding-top padding-bottom elementor-section-boxed elementor-section-height-default elementor-section-height-default\" data-id=\"5a7b1c35\" data-element_type=\"section\">\n\t\t\t\t\t\t<div class=\"elementor-container elementor-column-gap-default\">\n\t\t\t\t\t<div class=\"elementor-column elementor-col-33 elementor-top-column elementor-element elementor-element-3af479d3 no-margin-bottom\" data-id=\"3af479d3\" data-element_type=\"column\">\n\t\t\t<div class=\"elementor-widget-wrap\">\n\t\t\t\t\t\t\t<\/div>\n\t\t<\/div>\n\t\t\t\t<div class=\"elementor-column elementor-col-33 elementor-top-column elementor-element elementor-element-11c1c840\" data-id=\"11c1c840\" data-element_type=\"column\">\n\t\t\t<div class=\"elementor-widget-wrap elementor-element-populated\">\n\t\t\t\t\t\t<div class=\"elementor-element elementor-element-21839406 elementor-widget elementor-widget-text-editor\" data-id=\"21839406\" data-element_type=\"widget\" data-widget_type=\"text-editor.default\">\n\t\t\t\t<div class=\"elementor-widget-container\">\n\t\t\t\t\t\t\t\t\t<p><strong>SHOP<\/strong><\/p><h2>CHOISISSEZ VOTRE TABLE, VIVEZ VOTRE STYLE<\/h2><p class=\"text-large no-margin-bottom\">Acheter une <strong>table Wood &amp; Wise<\/strong>, c\u2019est choisir la chaleur du bois et le style d\u2019un meuble contemporain et original.<br \/>Nos <strong>tables en noyer, ch\u00eane ou fr\u00eane<\/strong> sont cr\u00e9\u00e9es pour donner de la personnalit\u00e9 et du caract\u00e8re \u00e0 vos environnements: \u00e0 la maison, au bureau et dans les lieux o\u00f9 vous vivez et vivez tous les jours.<br \/>Chaque table est fabriqu\u00e9e dans le respect de l\u2019environnement et est une <strong>pi\u00e8ce unique<\/strong>, sans compromis: \u00e0 l\u2019image de votre style.<\/p><p>\u00a0<\/p>\t\t\t\t\t\t\t\t<\/div>\n\t\t\t\t<\/div>\n\t\t\t\t\t<\/div>\n\t\t<\/div>\n\t\t\t\t<div class=\"elementor-column elementor-col-33 elementor-top-column elementor-element elementor-element-1d785269 no-margin-bottom\" data-id=\"1d785269\" data-element_type=\"column\">\n\t\t\t<div class=\"elementor-widget-wrap\">\n\t\t\t\t\t\t\t<\/div>\n\t\t<\/div>\n\t\t\t\t\t<\/div>\n\t\t<\/section>\n\t\t\t\t<section class=\"elementor-section elementor-top-section elementor-element elementor-element-569c0ce7 elementor-section-boxed elementor-section-height-default elementor-section-height-default\" data-id=\"569c0ce7\" data-element_type=\"section\">\n\t\t\t\t\t\t<div class=\"elementor-container elementor-column-gap-default\">\n\t\t\t\t\t<div class=\"elementor-column elementor-col-100 elementor-top-column elementor-element elementor-element-b85be44\" data-id=\"b85be44\" data-element_type=\"column\">\n\t\t\t<div class=\"elementor-widget-wrap elementor-element-populated\">\n\t\t\t\t\t\t<div class=\"elementor-element elementor-element-6335307a elementor-widget elementor-widget-shortcode\" data-id=\"6335307a\" data-element_type=\"widget\" data-widget_type=\"shortcode.default\">\n\t\t\t\t<div class=\"elementor-widget-container\">\n\t\t\t\t\t\t\t<div class=\"elementor-shortcode\"><\/div>\n\t\t\t\t\t\t<\/div>\n\t\t\t\t<\/div>\n\t\t\t\t\t<\/div>\n\t\t<\/div>\n\t\t\t\t\t<\/div>\n\t\t<\/section>\n\t\t\t\t<\/div>\n\t\t","protected":false},"excerpt":{"rendered":"<p>SHOP SHOP CHOISISSEZ VOTRE TABLE, VIVEZ VOTRE STYLE Acheter une table Wood &amp; Wise, c\u2019est choisir la chaleur du bois et le style d\u2019un meuble contemporain et original.Nos tables en noyer, ch\u00eane ou fr\u00eane sont cr\u00e9\u00e9es pour donner de la personnalit\u00e9 et du caract\u00e8re \u00e0 vos environnements: \u00e0 la maison, au bureau et dans les [&hellip;]<\/p>\n","protected":false},"author":1,"featured_media":0,"parent":0,"menu_order":0,"comment_status":"closed","ping_status":"closed","template":"","meta":{"footnotes":""},"class_list":["post-3313","page","type-page","status-publish","hentry"],"yoast_head":"<!-- This site is optimized with the Yoast SEO plugin v24.6 - https:\/\/yoast.com\/wordpress\/plugins\/seo\/ -->\n<title>Tables design en bois: boutique | Wood &amp; Wise<\/title>\n<meta name=\"description\" content=\"Parcourez notre e-shop et achetez des tables en noyer, ch\u00eane ou fr\u00eane. Unique et moderne pour tous vos environnements.\" \/>\n<meta name=\"robots\" content=\"index, follow, max-snippet:-1, max-image-preview:large, max-video-preview:-1\" \/>\n<link rel=\"canonical\" href=\"https:\/\/www.woodandwise.com\/fr\/shop\/\" \/>\n<meta property=\"og:locale\" content=\"fr_FR\" \/>\n<meta property=\"og:type\" content=\"article\" \/>\n<meta property=\"og:title\" content=\"Tables design en bois: boutique | Wood &amp; Wise\" \/>\n<meta property=\"og:description\" content=\"Parcourez notre e-shop et achetez des tables en noyer, ch\u00eane ou fr\u00eane. Unique et moderne pour tous vos environnements.\" \/>\n<meta property=\"og:url\" content=\"https:\/\/www.woodandwise.com\/fr\/shop\/\" \/>\n<meta property=\"og:site_name\" content=\"Wood &amp; Wise\" \/>\n<meta property=\"article:modified_time\" content=\"2023-01-13T10:49:07+00:00\" \/>\n<meta name=\"twitter:card\" content=\"summary_large_image\" \/>\n<meta name=\"twitter:label1\" content=\"Dur\u00e9e de lecture estim\u00e9e\" \/>\n\t<meta name=\"twitter:data1\" content=\"1 minute\" \/>\n<script type=\"application\/ld+json\" class=\"yoast-schema-graph\">{\"@context\":\"https:\/\/schema.org\",\"@graph\":[{\"@type\":\"WebPage\",\"@id\":\"https:\/\/www.woodandwise.com\/fr\/shop\/\",\"url\":\"https:\/\/www.woodandwise.com\/fr\/shop\/\",\"name\":\"Tables design en bois: boutique | Wood &amp; Wise\",\"isPartOf\":{\"@id\":\"https:\/\/www.woodandwise.com\/#website\"},\"datePublished\":\"2022-11-17T10:10:47+00:00\",\"dateModified\":\"2023-01-13T10:49:07+00:00\",\"description\":\"Parcourez notre e-shop et achetez des tables en noyer, ch\u00eane ou fr\u00eane. Unique et moderne pour tous vos environnements.\",\"breadcrumb\":{\"@id\":\"https:\/\/www.woodandwise.com\/fr\/shop\/#breadcrumb\"},\"inLanguage\":\"fr-FR\",\"potentialAction\":[{\"@type\":\"ReadAction\",\"target\":[\"https:\/\/www.woodandwise.com\/fr\/shop\/\"]}]},{\"@type\":\"BreadcrumbList\",\"@id\":\"https:\/\/www.woodandwise.com\/fr\/shop\/#breadcrumb\",\"itemListElement\":[{\"@type\":\"ListItem\",\"position\":1,\"name\":\"Homepage\",\"item\":\"https:\/\/www.woodandwise.com\/fr\/\"},{\"@type\":\"ListItem\",\"position\":2,\"name\":\"Shop\"}]},{\"@type\":\"WebSite\",\"@id\":\"https:\/\/www.woodandwise.com\/#website\",\"url\":\"https:\/\/www.woodandwise.com\/\",\"name\":\"Wood &amp; Wise\",\"description\":\"Tavoli in legno di design\",\"publisher\":{\"@id\":\"https:\/\/www.woodandwise.com\/#organization\"},\"potentialAction\":[{\"@type\":\"SearchAction\",\"target\":{\"@type\":\"EntryPoint\",\"urlTemplate\":\"https:\/\/www.woodandwise.com\/?s={search_term_string}\"},\"query-input\":{\"@type\":\"PropertyValueSpecification\",\"valueRequired\":true,\"valueName\":\"search_term_string\"}}],\"inLanguage\":\"fr-FR\"},{\"@type\":\"Organization\",\"@id\":\"https:\/\/www.woodandwise.com\/#organization\",\"name\":\"Wood & Wise\",\"url\":\"https:\/\/www.woodandwise.com\/\",\"logo\":{\"@type\":\"ImageObject\",\"inLanguage\":\"fr-FR\",\"@id\":\"https:\/\/www.woodandwise.com\/#\/schema\/logo\/image\/\",\"url\":\"https:\/\/www.woodandwise.com\/wp-content\/uploads\/2022\/11\/logo.png\",\"contentUrl\":\"https:\/\/www.woodandwise.com\/wp-content\/uploads\/2022\/11\/logo.png\",\"width\":364,\"height\":40,\"caption\":\"Wood & Wise\"},\"image\":{\"@id\":\"https:\/\/www.woodandwise.com\/#\/schema\/logo\/image\/\"}}]}<\/script>\n<!-- \/ Yoast SEO plugin. -->","yoast_head_json":{"title":"Tables design en bois: boutique | Wood &amp; Wise","description":"Parcourez notre e-shop et achetez des tables en noyer, ch\u00eane ou fr\u00eane. Unique et moderne pour tous vos environnements.","robots":{"index":"index","follow":"follow","max-snippet":"max-snippet:-1","max-image-preview":"max-image-preview:large","max-video-preview":"max-video-preview:-1"},"canonical":"https:\/\/www.woodandwise.com\/fr\/shop\/","og_locale":"fr_FR","og_type":"article","og_title":"Tables design en bois: boutique | Wood &amp; Wise","og_description":"Parcourez notre e-shop et achetez des tables en noyer, ch\u00eane ou fr\u00eane. Unique et moderne pour tous vos environnements.","og_url":"https:\/\/www.woodandwise.com\/fr\/shop\/","og_site_name":"Wood &amp; Wise","article_modified_time":"2023-01-13T10:49:07+00:00","twitter_card":"summary_large_image","twitter_misc":{"Dur\u00e9e de lecture estim\u00e9e":"1 minute"},"schema":{"@context":"https:\/\/schema.org","@graph":[{"@type":"WebPage","@id":"https:\/\/www.woodandwise.com\/fr\/shop\/","url":"https:\/\/www.woodandwise.com\/fr\/shop\/","name":"Tables design en bois: boutique | Wood &amp; Wise","isPartOf":{"@id":"https:\/\/www.woodandwise.com\/#website"},"datePublished":"2022-11-17T10:10:47+00:00","dateModified":"2023-01-13T10:49:07+00:00","description":"Parcourez notre e-shop et achetez des tables en noyer, ch\u00eane ou fr\u00eane. Unique et moderne pour tous vos environnements.","breadcrumb":{"@id":"https:\/\/www.woodandwise.com\/fr\/shop\/#breadcrumb"},"inLanguage":"fr-FR","potentialAction":[{"@type":"ReadAction","target":["https:\/\/www.woodandwise.com\/fr\/shop\/"]}]},{"@type":"BreadcrumbList","@id":"https:\/\/www.woodandwise.com\/fr\/shop\/#breadcrumb","itemListElement":[{"@type":"ListItem","position":1,"name":"Homepage","item":"https:\/\/www.woodandwise.com\/fr\/"},{"@type":"ListItem","position":2,"name":"Shop"}]},{"@type":"WebSite","@id":"https:\/\/www.woodandwise.com\/#website","url":"https:\/\/www.woodandwise.com\/","name":"Wood &amp; Wise","description":"Tavoli in legno di design","publisher":{"@id":"https:\/\/www.woodandwise.com\/#organization"},"potentialAction":[{"@type":"SearchAction","target":{"@type":"EntryPoint","urlTemplate":"https:\/\/www.woodandwise.com\/?s={search_term_string}"},"query-input":{"@type":"PropertyValueSpecification","valueRequired":true,"valueName":"search_term_string"}}],"inLanguage":"fr-FR"},{"@type":"Organization","@id":"https:\/\/www.woodandwise.com\/#organization","name":"Wood & Wise","url":"https:\/\/www.woodandwise.com\/","logo":{"@type":"ImageObject","inLanguage":"fr-FR","@id":"https:\/\/www.woodandwise.com\/#\/schema\/logo\/image\/","url":"https:\/\/www.woodandwise.com\/wp-content\/uploads\/2022\/11\/logo.png","contentUrl":"https:\/\/www.woodandwise.com\/wp-content\/uploads\/2022\/11\/logo.png","width":364,"height":40,"caption":"Wood & Wise"},"image":{"@id":"https:\/\/www.woodandwise.com\/#\/schema\/logo\/image\/"}}]}},"_links":{"self":[{"href":"https:\/\/www.woodandwise.com\/fr\/wp-json\/wp\/v2\/pages\/3313","targetHints":{"allow":["GET"]}}],"collection":[{"href":"https:\/\/www.woodandwise.com\/fr\/wp-json\/wp\/v2\/pages"}],"about":[{"href":"https:\/\/www.woodandwise.com\/fr\/wp-json\/wp\/v2\/types\/page"}],"author":[{"embeddable":true,"href":"https:\/\/www.woodandwise.com\/fr\/wp-json\/wp\/v2\/users\/1"}],"replies":[{"embeddable":true,"href":"https:\/\/www.woodandwise.com\/fr\/wp-json\/wp\/v2\/comments?post=3313"}],"version-history":[{"count":7,"href":"https:\/\/www.woodandwise.com\/fr\/wp-json\/wp\/v2\/pages\/3313\/revisions"}],"predecessor-version":[{"id":3606,"href":"https:\/\/www.woodandwise.com\/fr\/wp-json\/wp\/v2\/pages\/3313\/revisions\/3606"}],"wp:attachment":[{"href":"https:\/\/www.woodandwise.com\/fr\/wp-json\/wp\/v2\/media?parent=3313"}],"curies":[{"name":"wp","href":"https:\/\/api.w.org\/{rel}","templated":true}]}}