{"id":4239,"date":"2022-07-26T16:13:29","date_gmt":"2022-07-26T14:13:29","guid":{"rendered":"https:\/\/www.woodandwise.com\/?page_id=4239"},"modified":"2023-02-02T16:19:32","modified_gmt":"2023-02-02T15:19:32","slug":"politique-de-retour","status":"publish","type":"page","link":"https:\/\/www.woodandwise.com\/fr\/politique-de-retour\/","title":{"rendered":"Politique de retour"},"content":{"rendered":"\t\t<div data-elementor-type=\"wp-page\" data-elementor-id=\"4239\" class=\"elementor elementor-4239 elementor-1391\">\n\t\t\t\t\t\t<section class=\"elementor-section elementor-top-section elementor-element elementor-element-ffec2fc padding-top-medium padding-bottom-medium elementor-section-full_width elementor-section-height-default elementor-section-height-default\" data-id=\"ffec2fc\" data-element_type=\"section\">\n\t\t\t\t\t\t<div class=\"elementor-container elementor-column-gap-default\">\n\t\t\t\t\t<div class=\"elementor-column elementor-col-100 elementor-top-column elementor-element elementor-element-0035b21\" data-id=\"0035b21\" data-element_type=\"column\">\n\t\t\t<div class=\"elementor-widget-wrap elementor-element-populated\">\n\t\t\t\t\t\t<div class=\"elementor-element elementor-element-d50490b alt-position-2 elementor-widget elementor-widget-shortcode\" data-id=\"d50490b\" data-element_type=\"widget\" id=\"breadcrumb\" data-widget_type=\"shortcode.default\">\n\t\t\t\t<div class=\"elementor-widget-container\">\n\t\t\t\t\t\t\t<div class=\"elementor-shortcode\"><span><span><a href=\"https:\/\/www.woodandwise.com\/fr\/\">Homepage<\/a><\/span><\/span><\/div>\n\t\t\t\t\t\t<\/div>\n\t\t\t\t<\/div>\n\t\t\t\t<div class=\"elementor-element elementor-element-534cd0d elementor-widget elementor-widget-text-editor\" data-id=\"534cd0d\" data-element_type=\"widget\" data-widget_type=\"text-editor.default\">\n\t\t\t\t<div class=\"elementor-widget-container\">\n\t\t\t\t\t\t\t\t\t<h1>POLITIQUE DE RETOUR<\/h1><p class=\"text-large no-margin-bottom\">Lire les conditions<\/p>\t\t\t\t\t\t\t\t<\/div>\n\t\t\t\t<\/div>\n\t\t\t\t\t<\/div>\n\t\t<\/div>\n\t\t\t\t\t<\/div>\n\t\t<\/section>\n\t\t\t\t<section class=\"elementor-section elementor-top-section elementor-element elementor-element-57af993 padding-bottom elementor-section-boxed elementor-section-height-default elementor-section-height-default\" data-id=\"57af993\" data-element_type=\"section\">\n\t\t\t\t\t\t<div class=\"elementor-container elementor-column-gap-default\">\n\t\t\t\t\t<div class=\"elementor-column elementor-col-100 elementor-top-column elementor-element elementor-element-c201aaa\" data-id=\"c201aaa\" data-element_type=\"column\">\n\t\t\t<div class=\"elementor-widget-wrap elementor-element-populated\">\n\t\t\t\t\t\t<div class=\"elementor-element elementor-element-64cd8de elementor-widget elementor-widget-text-editor\" data-id=\"64cd8de\" data-element_type=\"widget\" data-widget_type=\"text-editor.default\">\n\t\t\t\t<div class=\"elementor-widget-container\">\n\t\t\t\t\t\t\t\t\t<p><strong>Di \u010cazma d.o.o.<\/strong>, dont le si\u00e8ge social est situ\u00e9 \u00e0 \u010cazma (ville de \u010cazma), Alojza Vulinca 28, enregistr\u00e9e aupr\u00e8s du tribunal de commerce de Bjelovar sous le num\u00e9ro d&rsquo;enregistrement (MBS) : 010045623, OIB : 48193612203, EUID HRSR.010045623 en tant que vendeur (ci-apr\u00e8s : \u00a0\u00bb Vendeur \u00bb) donne la d\u00e9claration suivante<\/p><p><strong>NOTIFICATION DE R\u00c9SILIATION UNILAT\u00c9RALE DU CONTRAT<\/strong><\/p><p><br \/><strong>I. CHAMP D&rsquo;APPLICATION<\/strong><br \/>Ces instructions s&rsquo;adressent exclusivement aux consommateurs tels que d\u00e9finis par les dispositions de la loi relative \u00e0 la protection des consommateurs, c&rsquo;est-\u00e0-dire \u00e0 toute personne physique qui conclut un acte juridique ou op\u00e8re sur le march\u00e9 en dehors de son activit\u00e9 commerciale, artisanale, artisanale ou professionnelle.<\/p><p><br \/><strong>II. LE DROIT \u00c0 LA R\u00c9SILIATION UNILAT\u00c9RALE DU CONTRAT ET LE MOD\u00c8LE DE FORMULAIRE DE R\u00c9SILIATION UNILAT\u00c9RALE<\/strong><br \/>En tant que consommateur, vous avez le droit de r\u00e9silier unilat\u00e9ralement le contrat conclu avec nous en tant que vendeur, via la boutique en ligne, sous 14 jours sans indiquer le motif de votre r\u00e9siliation.<br \/>Afin de pouvoir exercer le droit de r\u00e9silier unilat\u00e9ralement le contrat, vous devez nous notifier votre d\u00e9cision de r\u00e9silier unilat\u00e9ralement le contrat avant la date limite en envoyant un formulaire \u00e0 notre adresse e-mail. <strong>Une copie du formulaire de r\u00e9siliation unilat\u00e9rale du contrat se trouve <span style=\"text-decoration: underline;\"><a href=\"https:\/\/www.woodandwise.com\/wp-content\/uploads\/2023\/01\/Wood-and-Wise-Unilateral-termination-of-contract-form.pdf\" target=\"_blank\" rel=\"noopener\">ici<\/a><\/span> et vous pouvez le remplir \u00e9lectroniquement et l&rsquo;envoyer \u00e0 l&rsquo;adresse e-mail <span style=\"text-decoration: underline;\"><a href=\"mailto:customercare@woodandwise.com\">customercare@woodandwise.com<\/a><\/span> <\/strong><br \/><strong>Nous vous enverrons la confirmation d\u00e8s r\u00e9ception de l&rsquo;avis de r\u00e9siliation unilat\u00e9rale du contrat par e-mail sans d\u00e9lai.<\/strong><\/p><p><br \/><strong>III. PERTE DU DROIT A LA RESILIATION UNILATERALE DU CONTRAT<\/strong><br \/>Le Client n&rsquo;a pas le droit de r\u00e9silier unilat\u00e9ralement le Contrat et de retourner le Produit:<br \/>\u2022 s&rsquo;il ne notifie pas par \u00e9crit sa d\u00e9cision de r\u00e9silier le Contrat ;<br \/>\u2022 si celui-ci ne notifie pas par \u00e9crit sa d\u00e9cision de r\u00e9silier le Contrat dans un d\u00e9lai de 14 jours \u00e0 compter de la date de r\u00e9ception du Produit ;<br \/>\u2022 s&rsquo;il ne retourne pas le Produit dans un d\u00e9lai de 14 jours \u00e0 compter du jour o\u00f9 il a inform\u00e9 le Vendeur de sa d\u00e9cision de r\u00e9silier le Contrat ;<br \/>\u2022 un Produit fabriqu\u00e9 selon les instructions exactes du Client et adapt\u00e9 \u00e0 ses besoins personnels ;<br \/>\u2022 le Client a sp\u00e9cifiquement demand\u00e9 une visite du vendeur pour effectuer des r\u00e9parations urgentes ou des travaux de maintenance,<br \/>\u2022 un Produit qui, en raison de sa nature, ne se pr\u00eate pas au retour ;<br \/>\u2022 un Produit qui, par sa nature, est inextricablement li\u00e9 \u00e0 d&rsquo;autres objets.<\/p><p><strong>IV. CALCUL DU DELAI DE RESILIATION UNILATERALE DU CONTRAT<\/strong><br \/>Le d\u00e9lai de r\u00e9siliation unilat\u00e9rale est de 14 jours \u00e0 compter du :<br \/>\u00ab\u00a0le jour o\u00f9 le produit en question est remis \u00e0 vous ou \u00e0 un tiers d\u00e9sign\u00e9 par vous, qui n&rsquo;est pas le transporteur\u00a0\u00bb,<br \/>&#8211; en cas de conclusion du contrat d&rsquo;achat vente<\/p><p><strong>V. REMBOURSEMENT DU MONTANT PAY\u00c9<\/strong><br \/>Si vous r\u00e9siliez unilat\u00e9ralement le contrat de vente, nous vous rembourserons l&rsquo;argent que nous avons re\u00e7u de vous, y compris les frais de livraison, sans d\u00e9lai et au plus tard dans les 14 jours \u00e0 compter du jour o\u00f9 nous avons re\u00e7u votre d\u00e9cision de r\u00e9siliation unilat\u00e9rale du contrat, sauf si vous avez choisi un autre type de livraison, qui n&rsquo;est pas la livraison standard la moins ch\u00e8re que nous avons propos\u00e9e.<br \/>Cependant, nous retardons le remboursement jusqu&rsquo;\u00e0 ce que le produit nous soit retourn\u00e9 ou apr\u00e8s que vous nous ayez fourni la preuve que vous nous avez renvoy\u00e9 le produit.<br \/>Le remboursement sera effectu\u00e9 de la m\u00eame mani\u00e8re que vous avez effectu\u00e9 le paiement. Dans le cas o\u00f9 vous acceptez une autre mani\u00e8re de restituer le montant pay\u00e9, vous ne supportez aucun frais li\u00e9 au retour.<\/p><p><br \/><strong>VI. RETOUR DU PRODUIT<\/strong><br \/>Renvoyez le produit \u00e0 notre adresse de si\u00e8ge Di \u010cazma d.o.o., Alojza Vulinca 28, \u010cazma sans d\u00e9lai, et au plus tard dans les 14 jours \u00e0 compter du jour o\u00f9 vous avez soumis votre d\u00e9cision de r\u00e9siliation unilat\u00e9rale du contrat.<br \/>Il sera consid\u00e9r\u00e9 que vous avez rempli votre obligation dans les d\u00e9lais si vous nous envoyez le produit avant l&rsquo;expiration du d\u00e9lai susmentionn\u00e9. <br \/>En cas de r\u00e9siliation unilat\u00e9rale du Contrat, le Client doit envoyer le Produit avec toutes les pi\u00e8ces associ\u00e9es ainsi qu&rsquo;une copie de la facture et\/ou tout autre document pertinent et la garantie (le cas \u00e9ch\u00e9ant) par courrier \u00e0 l&rsquo;adresse <span style=\"text-decoration: underline;\"><a href=\"mailto:customercare@woodandwise.com\">customercare@woodandwise.com<\/a><\/span> avec la mention \u00ab\u00a0r\u00e9siliation unilat\u00e9rale\u00a0\u00bb.<\/p><p><strong>VII. FRAIS DE LIVRAISON DU PRODUIT<\/strong><br \/>Vous devez supporter les frais directs de retour du produit, d&rsquo;un montant de 500,00 EUR\/3 767,25 HRK<\/p><p><br \/><strong>VIII. RESPONSABILIT\u00c9 DE L&rsquo;ACHETEUR POUR LA R\u00c9DUCTION DE LA VALEUR DU PRODUIT<\/strong><br \/>Vous \u00eates responsable de toute r\u00e9duction de la valeur du produit r\u00e9sultant de sa manipulation, \u00e0 l&rsquo;exception de celle qui \u00e9tait n\u00e9cessaire pour d\u00e9terminer la nature, les caract\u00e9ristiques et la fonctionnalit\u00e9 du produit.<\/p>\t\t\t\t\t\t\t\t<\/div>\n\t\t\t\t<\/div>\n\t\t\t\t\t<\/div>\n\t\t<\/div>\n\t\t\t\t\t<\/div>\n\t\t<\/section>\n\t\t\t\t<\/div>\n\t\t","protected":false},"excerpt":{"rendered":"<p>POLITIQUE DE RETOUR Lire les conditions Di \u010cazma d.o.o., dont le si\u00e8ge social est situ\u00e9 \u00e0 \u010cazma (ville de \u010cazma), Alojza Vulinca 28, enregistr\u00e9e aupr\u00e8s du tribunal de commerce de Bjelovar sous le num\u00e9ro d&rsquo;enregistrement (MBS) : 010045623, OIB : 48193612203, EUID HRSR.010045623 en tant que vendeur (ci-apr\u00e8s : \u00a0\u00bb Vendeur \u00bb) donne la d\u00e9claration [&hellip;]<\/p>\n","protected":false},"author":3,"featured_media":0,"parent":0,"menu_order":0,"comment_status":"closed","ping_status":"closed","template":"","meta":{"footnotes":""},"class_list":["post-4239","page","type-page","status-publish","hentry"],"yoast_head":"<!-- This site is optimized with the Yoast SEO plugin v24.6 - https:\/\/yoast.com\/wordpress\/plugins\/seo\/ -->\n<title>Politique de retour | Wood &amp; Wise<\/title>\n<meta name=\"description\" content=\"La politique de retour pour effectuer votre retour\" \/>\n<meta name=\"robots\" content=\"index, follow, max-snippet:-1, max-image-preview:large, max-video-preview:-1\" \/>\n<link rel=\"canonical\" href=\"https:\/\/www.woodandwise.com\/fr\/politique-de-retour\/\" \/>\n<meta property=\"og:locale\" content=\"fr_FR\" \/>\n<meta property=\"og:type\" content=\"article\" \/>\n<meta property=\"og:title\" content=\"Politique de retour | Wood &amp; Wise\" \/>\n<meta property=\"og:description\" content=\"La politique de retour pour effectuer votre retour\" \/>\n<meta property=\"og:url\" content=\"https:\/\/www.woodandwise.com\/fr\/politique-de-retour\/\" \/>\n<meta property=\"og:site_name\" content=\"Wood &amp; Wise\" \/>\n<meta property=\"article:modified_time\" content=\"2023-02-02T15:19:32+00:00\" \/>\n<meta name=\"twitter:card\" content=\"summary_large_image\" \/>\n<meta name=\"twitter:label1\" content=\"Dur\u00e9e de lecture estim\u00e9e\" \/>\n\t<meta name=\"twitter:data1\" content=\"4 minutes\" \/>\n<script type=\"application\/ld+json\" class=\"yoast-schema-graph\">{\"@context\":\"https:\/\/schema.org\",\"@graph\":[{\"@type\":\"WebPage\",\"@id\":\"https:\/\/www.woodandwise.com\/fr\/politique-de-retour\/\",\"url\":\"https:\/\/www.woodandwise.com\/fr\/politique-de-retour\/\",\"name\":\"Politique de retour | Wood &amp; Wise\",\"isPartOf\":{\"@id\":\"https:\/\/www.woodandwise.com\/#website\"},\"datePublished\":\"2022-07-26T14:13:29+00:00\",\"dateModified\":\"2023-02-02T15:19:32+00:00\",\"description\":\"La politique de retour pour effectuer votre retour\",\"breadcrumb\":{\"@id\":\"https:\/\/www.woodandwise.com\/fr\/politique-de-retour\/#breadcrumb\"},\"inLanguage\":\"fr-FR\",\"potentialAction\":[{\"@type\":\"ReadAction\",\"target\":[\"https:\/\/www.woodandwise.com\/fr\/politique-de-retour\/\"]}]},{\"@type\":\"BreadcrumbList\",\"@id\":\"https:\/\/www.woodandwise.com\/fr\/politique-de-retour\/#breadcrumb\",\"itemListElement\":[{\"@type\":\"ListItem\",\"position\":1,\"name\":\"Homepage\",\"item\":\"https:\/\/www.woodandwise.com\/fr\/\"},{\"@type\":\"ListItem\",\"position\":2,\"name\":\"Politique de retour\"}]},{\"@type\":\"WebSite\",\"@id\":\"https:\/\/www.woodandwise.com\/#website\",\"url\":\"https:\/\/www.woodandwise.com\/\",\"name\":\"Wood &amp; Wise\",\"description\":\"Tavoli in legno di design\",\"publisher\":{\"@id\":\"https:\/\/www.woodandwise.com\/#organization\"},\"potentialAction\":[{\"@type\":\"SearchAction\",\"target\":{\"@type\":\"EntryPoint\",\"urlTemplate\":\"https:\/\/www.woodandwise.com\/?s={search_term_string}\"},\"query-input\":{\"@type\":\"PropertyValueSpecification\",\"valueRequired\":true,\"valueName\":\"search_term_string\"}}],\"inLanguage\":\"fr-FR\"},{\"@type\":\"Organization\",\"@id\":\"https:\/\/www.woodandwise.com\/#organization\",\"name\":\"Wood & Wise\",\"url\":\"https:\/\/www.woodandwise.com\/\",\"logo\":{\"@type\":\"ImageObject\",\"inLanguage\":\"fr-FR\",\"@id\":\"https:\/\/www.woodandwise.com\/#\/schema\/logo\/image\/\",\"url\":\"https:\/\/www.woodandwise.com\/wp-content\/uploads\/2022\/11\/logo.png\",\"contentUrl\":\"https:\/\/www.woodandwise.com\/wp-content\/uploads\/2022\/11\/logo.png\",\"width\":364,\"height\":40,\"caption\":\"Wood & Wise\"},\"image\":{\"@id\":\"https:\/\/www.woodandwise.com\/#\/schema\/logo\/image\/\"}}]}<\/script>\n<!-- \/ Yoast SEO plugin. -->","yoast_head_json":{"title":"Politique de retour | Wood &amp; Wise","description":"La politique de retour pour effectuer votre retour","robots":{"index":"index","follow":"follow","max-snippet":"max-snippet:-1","max-image-preview":"max-image-preview:large","max-video-preview":"max-video-preview:-1"},"canonical":"https:\/\/www.woodandwise.com\/fr\/politique-de-retour\/","og_locale":"fr_FR","og_type":"article","og_title":"Politique de retour | Wood &amp; Wise","og_description":"La politique de retour pour effectuer votre retour","og_url":"https:\/\/www.woodandwise.com\/fr\/politique-de-retour\/","og_site_name":"Wood &amp; Wise","article_modified_time":"2023-02-02T15:19:32+00:00","twitter_card":"summary_large_image","twitter_misc":{"Dur\u00e9e de lecture estim\u00e9e":"4 minutes"},"schema":{"@context":"https:\/\/schema.org","@graph":[{"@type":"WebPage","@id":"https:\/\/www.woodandwise.com\/fr\/politique-de-retour\/","url":"https:\/\/www.woodandwise.com\/fr\/politique-de-retour\/","name":"Politique de retour | Wood &amp; Wise","isPartOf":{"@id":"https:\/\/www.woodandwise.com\/#website"},"datePublished":"2022-07-26T14:13:29+00:00","dateModified":"2023-02-02T15:19:32+00:00","description":"La politique de retour pour effectuer votre retour","breadcrumb":{"@id":"https:\/\/www.woodandwise.com\/fr\/politique-de-retour\/#breadcrumb"},"inLanguage":"fr-FR","potentialAction":[{"@type":"ReadAction","target":["https:\/\/www.woodandwise.com\/fr\/politique-de-retour\/"]}]},{"@type":"BreadcrumbList","@id":"https:\/\/www.woodandwise.com\/fr\/politique-de-retour\/#breadcrumb","itemListElement":[{"@type":"ListItem","position":1,"name":"Homepage","item":"https:\/\/www.woodandwise.com\/fr\/"},{"@type":"ListItem","position":2,"name":"Politique de retour"}]},{"@type":"WebSite","@id":"https:\/\/www.woodandwise.com\/#website","url":"https:\/\/www.woodandwise.com\/","name":"Wood &amp; Wise","description":"Tavoli in legno di design","publisher":{"@id":"https:\/\/www.woodandwise.com\/#organization"},"potentialAction":[{"@type":"SearchAction","target":{"@type":"EntryPoint","urlTemplate":"https:\/\/www.woodandwise.com\/?s={search_term_string}"},"query-input":{"@type":"PropertyValueSpecification","valueRequired":true,"valueName":"search_term_string"}}],"inLanguage":"fr-FR"},{"@type":"Organization","@id":"https:\/\/www.woodandwise.com\/#organization","name":"Wood & Wise","url":"https:\/\/www.woodandwise.com\/","logo":{"@type":"ImageObject","inLanguage":"fr-FR","@id":"https:\/\/www.woodandwise.com\/#\/schema\/logo\/image\/","url":"https:\/\/www.woodandwise.com\/wp-content\/uploads\/2022\/11\/logo.png","contentUrl":"https:\/\/www.woodandwise.com\/wp-content\/uploads\/2022\/11\/logo.png","width":364,"height":40,"caption":"Wood & Wise"},"image":{"@id":"https:\/\/www.woodandwise.com\/#\/schema\/logo\/image\/"}}]}},"_links":{"self":[{"href":"https:\/\/www.woodandwise.com\/fr\/wp-json\/wp\/v2\/pages\/4239","targetHints":{"allow":["GET"]}}],"collection":[{"href":"https:\/\/www.woodandwise.com\/fr\/wp-json\/wp\/v2\/pages"}],"about":[{"href":"https:\/\/www.woodandwise.com\/fr\/wp-json\/wp\/v2\/types\/page"}],"author":[{"embeddable":true,"href":"https:\/\/www.woodandwise.com\/fr\/wp-json\/wp\/v2\/users\/3"}],"replies":[{"embeddable":true,"href":"https:\/\/www.woodandwise.com\/fr\/wp-json\/wp\/v2\/comments?post=4239"}],"version-history":[{"count":16,"href":"https:\/\/www.woodandwise.com\/fr\/wp-json\/wp\/v2\/pages\/4239\/revisions"}],"predecessor-version":[{"id":4263,"href":"https:\/\/www.woodandwise.com\/fr\/wp-json\/wp\/v2\/pages\/4239\/revisions\/4263"}],"wp:attachment":[{"href":"https:\/\/www.woodandwise.com\/fr\/wp-json\/wp\/v2\/media?parent=4239"}],"curies":[{"name":"wp","href":"https:\/\/api.w.org\/{rel}","templated":true}]}}