{"id":3490,"date":"2022-11-17T08:55:03","date_gmt":"2022-11-17T07:55:03","guid":{"rendered":"https:\/\/www.woodandwise.com\/shop\/tavolo-legno-noce-220\/"},"modified":"2023-02-10T17:30:37","modified_gmt":"2023-02-10T16:30:37","slug":"table-bois-noyer-220","status":"publish","type":"product","link":"https:\/\/www.woodandwise.com\/fr\/shop\/table-bois-noyer-220\/","title":{"rendered":"Table en noyer, 220 cm"},"content":{"rendered":"<p>Notre <strong>table en noyer massif<\/strong>, de 220 cm de long, est con\u00e7ue pour donner de la chaleur \u00e0 n&rsquo;importe quel environnement. Durable car fabriqu\u00e9 avec du bois de r\u00e9cup\u00e9ration, elle vous permet de combiner le plateau avec la <strong>base en m\u00e9tal<\/strong> qui convient le mieux \u00e0 votre style, dans les quatre mod\u00e8les disponibles dans le catalogue.<\/p>\n","protected":false},"excerpt":{"rendered":"<p>Table en noyer durable en bois massif, pour donner une touche de style chaleureux et original aux espaces de votre maison ou aux environnements o\u00f9 vous vivez et travaillez tous les jours.<\/p>\n","protected":false},"featured_media":4575,"template":"","meta":[],"product_brand":[],"product_cat":[159],"product_tag":[],"class_list":{"0":"post-3490","1":"product","2":"type-product","3":"status-publish","4":"has-post-thumbnail","6":"product_cat-tables","8":"first","9":"instock","10":"taxable","11":"shipping-taxable","12":"purchasable","13":"product-type-variable"},"yoast_head":"<!-- This site is optimized with the Yoast SEO plugin v24.6 - https:\/\/yoast.com\/wordpress\/plugins\/seo\/ -->\n<title>Table en noyer massif 220 cm | Wood &amp; Wise<\/title>\n<meta name=\"description\" content=\"D\u00e9couvrez la table durable en bois de noyer massif qui donne chaleur et originalit\u00e9 \u00e0 vos espaces. D&#039;une longueur de 220 cm, c&#039;est une pi\u00e8ce unique r\u00e9alis\u00e9e par Wood &amp; Wise.\" \/>\n<meta name=\"robots\" content=\"index, follow, max-snippet:-1, max-image-preview:large, max-video-preview:-1\" \/>\n<link rel=\"canonical\" href=\"https:\/\/www.woodandwise.com\/fr\/shop\/table-bois-noyer-220\/\" \/>\n<meta property=\"og:locale\" content=\"fr_FR\" \/>\n<meta property=\"og:type\" content=\"article\" \/>\n<meta property=\"og:title\" content=\"Table en noyer massif 220 cm | Wood &amp; Wise\" \/>\n<meta property=\"og:description\" content=\"D\u00e9couvrez la table durable en bois de noyer massif qui donne chaleur et originalit\u00e9 \u00e0 vos espaces. D&#039;une longueur de 220 cm, c&#039;est une pi\u00e8ce unique r\u00e9alis\u00e9e par Wood &amp; Wise.\" \/>\n<meta property=\"og:url\" content=\"https:\/\/www.woodandwise.com\/fr\/shop\/table-bois-noyer-220\/\" \/>\n<meta property=\"og:site_name\" content=\"Wood &amp; Wise\" \/>\n<meta property=\"article:modified_time\" content=\"2023-02-10T16:30:37+00:00\" \/>\n<meta property=\"og:image\" content=\"https:\/\/www.woodandwise.com\/wp-content\/uploads\/2022\/11\/W-010-L-2200.jpg\" \/>\n\t<meta property=\"og:image:width\" content=\"1412\" \/>\n\t<meta property=\"og:image:height\" content=\"1056\" \/>\n\t<meta property=\"og:image:type\" content=\"image\/jpeg\" \/>\n<meta name=\"twitter:card\" content=\"summary_large_image\" \/>\n<meta name=\"twitter:label1\" content=\"Dur\u00e9e de lecture estim\u00e9e\" \/>\n\t<meta name=\"twitter:data1\" content=\"1 minute\" \/>\n<script type=\"application\/ld+json\" class=\"yoast-schema-graph\">{\"@context\":\"https:\/\/schema.org\",\"@graph\":[{\"@type\":\"WebPage\",\"@id\":\"https:\/\/www.woodandwise.com\/fr\/shop\/table-bois-noyer-220\/\",\"url\":\"https:\/\/www.woodandwise.com\/fr\/shop\/table-bois-noyer-220\/\",\"name\":\"Table en noyer massif 220 cm | Wood &amp; Wise\",\"isPartOf\":{\"@id\":\"https:\/\/www.woodandwise.com\/#website\"},\"primaryImageOfPage\":{\"@id\":\"https:\/\/www.woodandwise.com\/fr\/shop\/table-bois-noyer-220\/#primaryimage\"},\"image\":{\"@id\":\"https:\/\/www.woodandwise.com\/fr\/shop\/table-bois-noyer-220\/#primaryimage\"},\"thumbnailUrl\":\"https:\/\/www.woodandwise.com\/wp-content\/uploads\/2022\/11\/W-010-L-2200.jpg\",\"datePublished\":\"2022-11-17T07:55:03+00:00\",\"dateModified\":\"2023-02-10T16:30:37+00:00\",\"description\":\"D\u00e9couvrez la table durable en bois de noyer massif qui donne chaleur et originalit\u00e9 \u00e0 vos espaces. D'une longueur de 220 cm, c'est une pi\u00e8ce unique r\u00e9alis\u00e9e par Wood & Wise.\",\"breadcrumb\":{\"@id\":\"https:\/\/www.woodandwise.com\/fr\/shop\/table-bois-noyer-220\/#breadcrumb\"},\"inLanguage\":\"fr-FR\",\"potentialAction\":[{\"@type\":\"ReadAction\",\"target\":[\"https:\/\/www.woodandwise.com\/fr\/shop\/table-bois-noyer-220\/\"]}]},{\"@type\":\"ImageObject\",\"inLanguage\":\"fr-FR\",\"@id\":\"https:\/\/www.woodandwise.com\/fr\/shop\/table-bois-noyer-220\/#primaryimage\",\"url\":\"https:\/\/www.woodandwise.com\/wp-content\/uploads\/2022\/11\/W-010-L-2200.jpg\",\"contentUrl\":\"https:\/\/www.woodandwise.com\/wp-content\/uploads\/2022\/11\/W-010-L-2200.jpg\",\"width\":1412,\"height\":1056},{\"@type\":\"BreadcrumbList\",\"@id\":\"https:\/\/www.woodandwise.com\/fr\/shop\/table-bois-noyer-220\/#breadcrumb\",\"itemListElement\":[{\"@type\":\"ListItem\",\"position\":1,\"name\":\"Homepage\",\"item\":\"https:\/\/www.woodandwise.com\/fr\/\"},{\"@type\":\"ListItem\",\"position\":2,\"name\":\"Table en noyer, 220 cm\"}]},{\"@type\":\"WebSite\",\"@id\":\"https:\/\/www.woodandwise.com\/#website\",\"url\":\"https:\/\/www.woodandwise.com\/\",\"name\":\"Wood &amp; Wise\",\"description\":\"Tavoli in legno di design\",\"publisher\":{\"@id\":\"https:\/\/www.woodandwise.com\/#organization\"},\"potentialAction\":[{\"@type\":\"SearchAction\",\"target\":{\"@type\":\"EntryPoint\",\"urlTemplate\":\"https:\/\/www.woodandwise.com\/?s={search_term_string}\"},\"query-input\":{\"@type\":\"PropertyValueSpecification\",\"valueRequired\":true,\"valueName\":\"search_term_string\"}}],\"inLanguage\":\"fr-FR\"},{\"@type\":\"Organization\",\"@id\":\"https:\/\/www.woodandwise.com\/#organization\",\"name\":\"Wood & Wise\",\"url\":\"https:\/\/www.woodandwise.com\/\",\"logo\":{\"@type\":\"ImageObject\",\"inLanguage\":\"fr-FR\",\"@id\":\"https:\/\/www.woodandwise.com\/#\/schema\/logo\/image\/\",\"url\":\"https:\/\/www.woodandwise.com\/wp-content\/uploads\/2022\/11\/logo.png\",\"contentUrl\":\"https:\/\/www.woodandwise.com\/wp-content\/uploads\/2022\/11\/logo.png\",\"width\":364,\"height\":40,\"caption\":\"Wood & Wise\"},\"image\":{\"@id\":\"https:\/\/www.woodandwise.com\/#\/schema\/logo\/image\/\"}}]}<\/script>\n<!-- \/ Yoast SEO plugin. -->","yoast_head_json":{"title":"Table en noyer massif 220 cm | Wood &amp; Wise","description":"D\u00e9couvrez la table durable en bois de noyer massif qui donne chaleur et originalit\u00e9 \u00e0 vos espaces. D'une longueur de 220 cm, c'est une pi\u00e8ce unique r\u00e9alis\u00e9e par Wood & Wise.","robots":{"index":"index","follow":"follow","max-snippet":"max-snippet:-1","max-image-preview":"max-image-preview:large","max-video-preview":"max-video-preview:-1"},"canonical":"https:\/\/www.woodandwise.com\/fr\/shop\/table-bois-noyer-220\/","og_locale":"fr_FR","og_type":"article","og_title":"Table en noyer massif 220 cm | Wood &amp; Wise","og_description":"D\u00e9couvrez la table durable en bois de noyer massif qui donne chaleur et originalit\u00e9 \u00e0 vos espaces. D'une longueur de 220 cm, c'est une pi\u00e8ce unique r\u00e9alis\u00e9e par Wood & Wise.","og_url":"https:\/\/www.woodandwise.com\/fr\/shop\/table-bois-noyer-220\/","og_site_name":"Wood &amp; Wise","article_modified_time":"2023-02-10T16:30:37+00:00","og_image":[{"width":1412,"height":1056,"url":"https:\/\/www.woodandwise.com\/wp-content\/uploads\/2022\/11\/W-010-L-2200.jpg","type":"image\/jpeg"}],"twitter_card":"summary_large_image","twitter_misc":{"Dur\u00e9e de lecture estim\u00e9e":"1 minute"},"schema":{"@context":"https:\/\/schema.org","@graph":[{"@type":"WebPage","@id":"https:\/\/www.woodandwise.com\/fr\/shop\/table-bois-noyer-220\/","url":"https:\/\/www.woodandwise.com\/fr\/shop\/table-bois-noyer-220\/","name":"Table en noyer massif 220 cm | Wood &amp; Wise","isPartOf":{"@id":"https:\/\/www.woodandwise.com\/#website"},"primaryImageOfPage":{"@id":"https:\/\/www.woodandwise.com\/fr\/shop\/table-bois-noyer-220\/#primaryimage"},"image":{"@id":"https:\/\/www.woodandwise.com\/fr\/shop\/table-bois-noyer-220\/#primaryimage"},"thumbnailUrl":"https:\/\/www.woodandwise.com\/wp-content\/uploads\/2022\/11\/W-010-L-2200.jpg","datePublished":"2022-11-17T07:55:03+00:00","dateModified":"2023-02-10T16:30:37+00:00","description":"D\u00e9couvrez la table durable en bois de noyer massif qui donne chaleur et originalit\u00e9 \u00e0 vos espaces. D'une longueur de 220 cm, c'est une pi\u00e8ce unique r\u00e9alis\u00e9e par Wood & Wise.","breadcrumb":{"@id":"https:\/\/www.woodandwise.com\/fr\/shop\/table-bois-noyer-220\/#breadcrumb"},"inLanguage":"fr-FR","potentialAction":[{"@type":"ReadAction","target":["https:\/\/www.woodandwise.com\/fr\/shop\/table-bois-noyer-220\/"]}]},{"@type":"ImageObject","inLanguage":"fr-FR","@id":"https:\/\/www.woodandwise.com\/fr\/shop\/table-bois-noyer-220\/#primaryimage","url":"https:\/\/www.woodandwise.com\/wp-content\/uploads\/2022\/11\/W-010-L-2200.jpg","contentUrl":"https:\/\/www.woodandwise.com\/wp-content\/uploads\/2022\/11\/W-010-L-2200.jpg","width":1412,"height":1056},{"@type":"BreadcrumbList","@id":"https:\/\/www.woodandwise.com\/fr\/shop\/table-bois-noyer-220\/#breadcrumb","itemListElement":[{"@type":"ListItem","position":1,"name":"Homepage","item":"https:\/\/www.woodandwise.com\/fr\/"},{"@type":"ListItem","position":2,"name":"Table en noyer, 220 cm"}]},{"@type":"WebSite","@id":"https:\/\/www.woodandwise.com\/#website","url":"https:\/\/www.woodandwise.com\/","name":"Wood &amp; Wise","description":"Tavoli in legno di design","publisher":{"@id":"https:\/\/www.woodandwise.com\/#organization"},"potentialAction":[{"@type":"SearchAction","target":{"@type":"EntryPoint","urlTemplate":"https:\/\/www.woodandwise.com\/?s={search_term_string}"},"query-input":{"@type":"PropertyValueSpecification","valueRequired":true,"valueName":"search_term_string"}}],"inLanguage":"fr-FR"},{"@type":"Organization","@id":"https:\/\/www.woodandwise.com\/#organization","name":"Wood & Wise","url":"https:\/\/www.woodandwise.com\/","logo":{"@type":"ImageObject","inLanguage":"fr-FR","@id":"https:\/\/www.woodandwise.com\/#\/schema\/logo\/image\/","url":"https:\/\/www.woodandwise.com\/wp-content\/uploads\/2022\/11\/logo.png","contentUrl":"https:\/\/www.woodandwise.com\/wp-content\/uploads\/2022\/11\/logo.png","width":364,"height":40,"caption":"Wood & Wise"},"image":{"@id":"https:\/\/www.woodandwise.com\/#\/schema\/logo\/image\/"}}]}},"_links":{"self":[{"href":"https:\/\/www.woodandwise.com\/fr\/wp-json\/wp\/v2\/product\/3490","targetHints":{"allow":["GET"]}}],"collection":[{"href":"https:\/\/www.woodandwise.com\/fr\/wp-json\/wp\/v2\/product"}],"about":[{"href":"https:\/\/www.woodandwise.com\/fr\/wp-json\/wp\/v2\/types\/product"}],"wp:featuredmedia":[{"embeddable":true,"href":"https:\/\/www.woodandwise.com\/fr\/wp-json\/wp\/v2\/media\/4575"}],"wp:attachment":[{"href":"https:\/\/www.woodandwise.com\/fr\/wp-json\/wp\/v2\/media?parent=3490"}],"wp:term":[{"taxonomy":"product_brand","embeddable":true,"href":"https:\/\/www.woodandwise.com\/fr\/wp-json\/wp\/v2\/product_brand?post=3490"},{"taxonomy":"product_cat","embeddable":true,"href":"https:\/\/www.woodandwise.com\/fr\/wp-json\/wp\/v2\/product_cat?post=3490"},{"taxonomy":"product_tag","embeddable":true,"href":"https:\/\/www.woodandwise.com\/fr\/wp-json\/wp\/v2\/product_tag?post=3490"}],"curies":[{"name":"wp","href":"https:\/\/api.w.org\/{rel}","templated":true}]}}