{"id":3525,"date":"2022-11-16T09:39:51","date_gmt":"2022-11-16T08:39:51","guid":{"rendered":"https:\/\/www.woodandwise.com\/shop\/tavolo-legno-rovere-180\/"},"modified":"2023-03-23T17:37:00","modified_gmt":"2023-03-23T16:37:00","slug":"table-en-chene-180-cm","status":"publish","type":"product","link":"https:\/\/www.woodandwise.com\/fr\/shop\/table-en-chene-180-cm\/","title":{"rendered":"Table en ch\u00eane, 180 cm"},"content":{"rendered":"<p>La <strong>table en ch\u00eane massif Wood &amp; Wise<\/strong>, d&rsquo;une longueur de 180 cm, est con\u00e7ue pour \u00eatre l&rsquo;\u00e9l\u00e9ment d&rsquo;ameublement distinctif des cuisines, des bureaux, des espaces de style industriel et des lofts modernes. Vous pouvez combiner la base que vous pr\u00e9f\u00e9rez avec le plateau en ch\u00eane, gr\u00e2ce aux pieds en m\u00e9tal disponibles en quatre mod\u00e8les diff\u00e9rents.<\/p>\n<p>&nbsp;<\/p>\n","protected":false},"excerpt":{"rendered":"<p>Table en ch\u00eane en bois massif, adapt\u00e9e \u00e0 la cuisine de la maison mais aussi aux bureaux, aux espaces de style industriel, aux lofts.<\/p>\n","protected":false},"featured_media":4563,"template":"","meta":[],"product_brand":[],"product_cat":[159],"product_tag":[],"class_list":{"0":"post-3525","1":"product","2":"type-product","3":"status-publish","4":"has-post-thumbnail","6":"product_cat-tables","8":"first","9":"instock","10":"taxable","11":"shipping-taxable","12":"purchasable","13":"product-type-variable"},"yoast_head":"<!-- This site is optimized with the Yoast SEO plugin v24.6 - https:\/\/yoast.com\/wordpress\/plugins\/seo\/ -->\n<title>Table en ch\u00eane massif 180 | Wood &amp; Wise<\/title>\n<meta name=\"description\" content=\"Optez pour la table en bois de ch\u00eane massif Wood &amp; Wise. D&#039;une longueur de 180 cm, il est parfait pour les cuisines, les bureaux, les lofts. Une touche unique pour vos espaces les plus modernes.erni.\" \/>\n<meta name=\"robots\" content=\"index, follow, max-snippet:-1, max-image-preview:large, max-video-preview:-1\" \/>\n<link rel=\"canonical\" href=\"https:\/\/www.woodandwise.com\/fr\/shop\/table-en-chene-180-cm\/\" \/>\n<meta property=\"og:locale\" content=\"fr_FR\" \/>\n<meta property=\"og:type\" content=\"article\" \/>\n<meta property=\"og:title\" content=\"Table en ch\u00eane massif 180 | Wood &amp; Wise\" \/>\n<meta property=\"og:description\" content=\"Optez pour la table en bois de ch\u00eane massif Wood &amp; Wise. D&#039;une longueur de 180 cm, il est parfait pour les cuisines, les bureaux, les lofts. Une touche unique pour vos espaces les plus modernes.erni.\" \/>\n<meta property=\"og:url\" content=\"https:\/\/www.woodandwise.com\/fr\/shop\/table-en-chene-180-cm\/\" \/>\n<meta property=\"og:site_name\" content=\"Wood &amp; Wise\" \/>\n<meta property=\"article:modified_time\" content=\"2023-03-23T16:37:00+00:00\" \/>\n<meta property=\"og:image\" content=\"https:\/\/www.woodandwise.com\/wp-content\/uploads\/2022\/11\/O-008-L-1800.jpg\" \/>\n\t<meta property=\"og:image:width\" content=\"1412\" \/>\n\t<meta property=\"og:image:height\" content=\"1056\" \/>\n\t<meta property=\"og:image:type\" content=\"image\/jpeg\" \/>\n<meta name=\"twitter:card\" content=\"summary_large_image\" \/>\n<meta name=\"twitter:label1\" content=\"Dur\u00e9e de lecture estim\u00e9e\" \/>\n\t<meta name=\"twitter:data1\" content=\"1 minute\" \/>\n<script type=\"application\/ld+json\" class=\"yoast-schema-graph\">{\"@context\":\"https:\/\/schema.org\",\"@graph\":[{\"@type\":\"WebPage\",\"@id\":\"https:\/\/www.woodandwise.com\/fr\/shop\/table-en-chene-180-cm\/\",\"url\":\"https:\/\/www.woodandwise.com\/fr\/shop\/table-en-chene-180-cm\/\",\"name\":\"Table en ch\u00eane massif 180 | Wood &amp; Wise\",\"isPartOf\":{\"@id\":\"https:\/\/www.woodandwise.com\/#website\"},\"primaryImageOfPage\":{\"@id\":\"https:\/\/www.woodandwise.com\/fr\/shop\/table-en-chene-180-cm\/#primaryimage\"},\"image\":{\"@id\":\"https:\/\/www.woodandwise.com\/fr\/shop\/table-en-chene-180-cm\/#primaryimage\"},\"thumbnailUrl\":\"https:\/\/www.woodandwise.com\/wp-content\/uploads\/2022\/11\/O-008-L-1800.jpg\",\"datePublished\":\"2022-11-16T08:39:51+00:00\",\"dateModified\":\"2023-03-23T16:37:00+00:00\",\"description\":\"Optez pour la table en bois de ch\u00eane massif Wood & Wise. D'une longueur de 180 cm, il est parfait pour les cuisines, les bureaux, les lofts. Une touche unique pour vos espaces les plus modernes.erni.\",\"breadcrumb\":{\"@id\":\"https:\/\/www.woodandwise.com\/fr\/shop\/table-en-chene-180-cm\/#breadcrumb\"},\"inLanguage\":\"fr-FR\",\"potentialAction\":[{\"@type\":\"ReadAction\",\"target\":[\"https:\/\/www.woodandwise.com\/fr\/shop\/table-en-chene-180-cm\/\"]}]},{\"@type\":\"ImageObject\",\"inLanguage\":\"fr-FR\",\"@id\":\"https:\/\/www.woodandwise.com\/fr\/shop\/table-en-chene-180-cm\/#primaryimage\",\"url\":\"https:\/\/www.woodandwise.com\/wp-content\/uploads\/2022\/11\/O-008-L-1800.jpg\",\"contentUrl\":\"https:\/\/www.woodandwise.com\/wp-content\/uploads\/2022\/11\/O-008-L-1800.jpg\",\"width\":1412,\"height\":1056},{\"@type\":\"BreadcrumbList\",\"@id\":\"https:\/\/www.woodandwise.com\/fr\/shop\/table-en-chene-180-cm\/#breadcrumb\",\"itemListElement\":[{\"@type\":\"ListItem\",\"position\":1,\"name\":\"Homepage\",\"item\":\"https:\/\/www.woodandwise.com\/fr\/\"},{\"@type\":\"ListItem\",\"position\":2,\"name\":\"Table en ch\u00eane, 180 cm\"}]},{\"@type\":\"WebSite\",\"@id\":\"https:\/\/www.woodandwise.com\/#website\",\"url\":\"https:\/\/www.woodandwise.com\/\",\"name\":\"Wood &amp; Wise\",\"description\":\"Tavoli in legno di design\",\"publisher\":{\"@id\":\"https:\/\/www.woodandwise.com\/#organization\"},\"potentialAction\":[{\"@type\":\"SearchAction\",\"target\":{\"@type\":\"EntryPoint\",\"urlTemplate\":\"https:\/\/www.woodandwise.com\/?s={search_term_string}\"},\"query-input\":{\"@type\":\"PropertyValueSpecification\",\"valueRequired\":true,\"valueName\":\"search_term_string\"}}],\"inLanguage\":\"fr-FR\"},{\"@type\":\"Organization\",\"@id\":\"https:\/\/www.woodandwise.com\/#organization\",\"name\":\"Wood & Wise\",\"url\":\"https:\/\/www.woodandwise.com\/\",\"logo\":{\"@type\":\"ImageObject\",\"inLanguage\":\"fr-FR\",\"@id\":\"https:\/\/www.woodandwise.com\/#\/schema\/logo\/image\/\",\"url\":\"https:\/\/www.woodandwise.com\/wp-content\/uploads\/2022\/11\/logo.png\",\"contentUrl\":\"https:\/\/www.woodandwise.com\/wp-content\/uploads\/2022\/11\/logo.png\",\"width\":364,\"height\":40,\"caption\":\"Wood & Wise\"},\"image\":{\"@id\":\"https:\/\/www.woodandwise.com\/#\/schema\/logo\/image\/\"}}]}<\/script>\n<!-- \/ Yoast SEO plugin. -->","yoast_head_json":{"title":"Table en ch\u00eane massif 180 | Wood &amp; Wise","description":"Optez pour la table en bois de ch\u00eane massif Wood & Wise. D'une longueur de 180 cm, il est parfait pour les cuisines, les bureaux, les lofts. Une touche unique pour vos espaces les plus modernes.erni.","robots":{"index":"index","follow":"follow","max-snippet":"max-snippet:-1","max-image-preview":"max-image-preview:large","max-video-preview":"max-video-preview:-1"},"canonical":"https:\/\/www.woodandwise.com\/fr\/shop\/table-en-chene-180-cm\/","og_locale":"fr_FR","og_type":"article","og_title":"Table en ch\u00eane massif 180 | Wood &amp; Wise","og_description":"Optez pour la table en bois de ch\u00eane massif Wood & Wise. D'une longueur de 180 cm, il est parfait pour les cuisines, les bureaux, les lofts. Une touche unique pour vos espaces les plus modernes.erni.","og_url":"https:\/\/www.woodandwise.com\/fr\/shop\/table-en-chene-180-cm\/","og_site_name":"Wood &amp; Wise","article_modified_time":"2023-03-23T16:37:00+00:00","og_image":[{"width":1412,"height":1056,"url":"https:\/\/www.woodandwise.com\/wp-content\/uploads\/2022\/11\/O-008-L-1800.jpg","type":"image\/jpeg"}],"twitter_card":"summary_large_image","twitter_misc":{"Dur\u00e9e de lecture estim\u00e9e":"1 minute"},"schema":{"@context":"https:\/\/schema.org","@graph":[{"@type":"WebPage","@id":"https:\/\/www.woodandwise.com\/fr\/shop\/table-en-chene-180-cm\/","url":"https:\/\/www.woodandwise.com\/fr\/shop\/table-en-chene-180-cm\/","name":"Table en ch\u00eane massif 180 | Wood &amp; Wise","isPartOf":{"@id":"https:\/\/www.woodandwise.com\/#website"},"primaryImageOfPage":{"@id":"https:\/\/www.woodandwise.com\/fr\/shop\/table-en-chene-180-cm\/#primaryimage"},"image":{"@id":"https:\/\/www.woodandwise.com\/fr\/shop\/table-en-chene-180-cm\/#primaryimage"},"thumbnailUrl":"https:\/\/www.woodandwise.com\/wp-content\/uploads\/2022\/11\/O-008-L-1800.jpg","datePublished":"2022-11-16T08:39:51+00:00","dateModified":"2023-03-23T16:37:00+00:00","description":"Optez pour la table en bois de ch\u00eane massif Wood & Wise. D'une longueur de 180 cm, il est parfait pour les cuisines, les bureaux, les lofts. Une touche unique pour vos espaces les plus modernes.erni.","breadcrumb":{"@id":"https:\/\/www.woodandwise.com\/fr\/shop\/table-en-chene-180-cm\/#breadcrumb"},"inLanguage":"fr-FR","potentialAction":[{"@type":"ReadAction","target":["https:\/\/www.woodandwise.com\/fr\/shop\/table-en-chene-180-cm\/"]}]},{"@type":"ImageObject","inLanguage":"fr-FR","@id":"https:\/\/www.woodandwise.com\/fr\/shop\/table-en-chene-180-cm\/#primaryimage","url":"https:\/\/www.woodandwise.com\/wp-content\/uploads\/2022\/11\/O-008-L-1800.jpg","contentUrl":"https:\/\/www.woodandwise.com\/wp-content\/uploads\/2022\/11\/O-008-L-1800.jpg","width":1412,"height":1056},{"@type":"BreadcrumbList","@id":"https:\/\/www.woodandwise.com\/fr\/shop\/table-en-chene-180-cm\/#breadcrumb","itemListElement":[{"@type":"ListItem","position":1,"name":"Homepage","item":"https:\/\/www.woodandwise.com\/fr\/"},{"@type":"ListItem","position":2,"name":"Table en ch\u00eane, 180 cm"}]},{"@type":"WebSite","@id":"https:\/\/www.woodandwise.com\/#website","url":"https:\/\/www.woodandwise.com\/","name":"Wood &amp; Wise","description":"Tavoli in legno di design","publisher":{"@id":"https:\/\/www.woodandwise.com\/#organization"},"potentialAction":[{"@type":"SearchAction","target":{"@type":"EntryPoint","urlTemplate":"https:\/\/www.woodandwise.com\/?s={search_term_string}"},"query-input":{"@type":"PropertyValueSpecification","valueRequired":true,"valueName":"search_term_string"}}],"inLanguage":"fr-FR"},{"@type":"Organization","@id":"https:\/\/www.woodandwise.com\/#organization","name":"Wood & Wise","url":"https:\/\/www.woodandwise.com\/","logo":{"@type":"ImageObject","inLanguage":"fr-FR","@id":"https:\/\/www.woodandwise.com\/#\/schema\/logo\/image\/","url":"https:\/\/www.woodandwise.com\/wp-content\/uploads\/2022\/11\/logo.png","contentUrl":"https:\/\/www.woodandwise.com\/wp-content\/uploads\/2022\/11\/logo.png","width":364,"height":40,"caption":"Wood & Wise"},"image":{"@id":"https:\/\/www.woodandwise.com\/#\/schema\/logo\/image\/"}}]}},"_links":{"self":[{"href":"https:\/\/www.woodandwise.com\/fr\/wp-json\/wp\/v2\/product\/3525","targetHints":{"allow":["GET"]}}],"collection":[{"href":"https:\/\/www.woodandwise.com\/fr\/wp-json\/wp\/v2\/product"}],"about":[{"href":"https:\/\/www.woodandwise.com\/fr\/wp-json\/wp\/v2\/types\/product"}],"wp:featuredmedia":[{"embeddable":true,"href":"https:\/\/www.woodandwise.com\/fr\/wp-json\/wp\/v2\/media\/4563"}],"wp:attachment":[{"href":"https:\/\/www.woodandwise.com\/fr\/wp-json\/wp\/v2\/media?parent=3525"}],"wp:term":[{"taxonomy":"product_brand","embeddable":true,"href":"https:\/\/www.woodandwise.com\/fr\/wp-json\/wp\/v2\/product_brand?post=3525"},{"taxonomy":"product_cat","embeddable":true,"href":"https:\/\/www.woodandwise.com\/fr\/wp-json\/wp\/v2\/product_cat?post=3525"},{"taxonomy":"product_tag","embeddable":true,"href":"https:\/\/www.woodandwise.com\/fr\/wp-json\/wp\/v2\/product_tag?post=3525"}],"curies":[{"name":"wp","href":"https:\/\/api.w.org\/{rel}","templated":true}]}}