{"id":3530,"date":"2022-07-25T08:59:18","date_gmt":"2022-07-25T06:59:18","guid":{"rendered":"https:\/\/www.woodandwise.com\/shop\/tavolo-legno-rovere-220\/"},"modified":"2023-07-20T12:48:42","modified_gmt":"2023-07-20T10:48:42","slug":"table-en-chene-220-cm","status":"publish","type":"product","link":"https:\/\/www.woodandwise.com\/fr\/shop\/table-en-chene-220-cm\/","title":{"rendered":"Table en ch\u00eane, 220 cm"},"content":{"rendered":"<p>Notre <strong>table en ch\u00eane<\/strong> durable, de 220 cm de long, est con\u00e7ue pour donner style et \u00e9l\u00e9gance aux environnements les plus divers, de la cuisine domestique aux bureaux les plus modernes. Respecte l&rsquo;environnement car elle est fabriqu\u00e9e avec des d\u00e9chets de bois issus de proc\u00e8ssus ant\u00e9rieurs. Elle est accompagn\u00e9e de <strong>pieds m\u00e9talliques<\/strong> modernes que vous pouvez retrouver dans les quatre mod\u00e8les disponibles.<\/p>\n<p>&nbsp;<\/p>\n<p>&nbsp;<\/p>\n","protected":false},"excerpt":{"rendered":"<p>Table en ch\u00eane durable, elle donne classe et \u00e9l\u00e9gance \u00e0 n&rsquo;importe quel espace. Con\u00e7u pour votre cuisine mais aussi pour les environnements de style industriel et les lofts modernes.<\/p>\n","protected":false},"featured_media":4526,"template":"","meta":[],"product_brand":[],"product_cat":[159],"product_tag":[],"class_list":{"0":"post-3530","1":"product","2":"type-product","3":"status-publish","4":"has-post-thumbnail","6":"product_cat-tables","8":"first","9":"instock","10":"taxable","11":"shipping-taxable","12":"purchasable","13":"product-type-variable"},"yoast_head":"<!-- This site is optimized with the Yoast SEO plugin v24.6 - https:\/\/yoast.com\/wordpress\/plugins\/seo\/ -->\n<title>Table en ch\u00eane massif 220 cm| Wood &amp; Wise<\/title>\n<meta name=\"description\" content=\"D\u00e9couvrez la table durable en ch\u00eane massif qui donne chaleur et originalit\u00e9 \u00e0 vos espaces. D&#039;une longueur de 220 cm, c&#039;est une pi\u00e8ce unique r\u00e9alis\u00e9e par Wood &amp; Wise.\" \/>\n<meta name=\"robots\" content=\"index, follow, max-snippet:-1, max-image-preview:large, max-video-preview:-1\" \/>\n<link rel=\"canonical\" href=\"https:\/\/www.woodandwise.com\/fr\/shop\/table-en-chene-220-cm\/\" \/>\n<meta property=\"og:locale\" content=\"fr_FR\" \/>\n<meta property=\"og:type\" content=\"article\" \/>\n<meta property=\"og:title\" content=\"Table en ch\u00eane massif 220 cm| Wood &amp; Wise\" \/>\n<meta property=\"og:description\" content=\"D\u00e9couvrez la table durable en ch\u00eane massif qui donne chaleur et originalit\u00e9 \u00e0 vos espaces. D&#039;une longueur de 220 cm, c&#039;est une pi\u00e8ce unique r\u00e9alis\u00e9e par Wood &amp; Wise.\" \/>\n<meta property=\"og:url\" content=\"https:\/\/www.woodandwise.com\/fr\/shop\/table-en-chene-220-cm\/\" \/>\n<meta property=\"og:site_name\" content=\"Wood &amp; Wise\" \/>\n<meta property=\"article:modified_time\" content=\"2023-07-20T10:48:42+00:00\" \/>\n<meta property=\"og:image\" content=\"https:\/\/www.woodandwise.com\/wp-content\/uploads\/2022\/07\/O-001-L-2200.jpg\" \/>\n\t<meta property=\"og:image:width\" content=\"1412\" \/>\n\t<meta property=\"og:image:height\" content=\"1056\" \/>\n\t<meta property=\"og:image:type\" content=\"image\/jpeg\" \/>\n<meta name=\"twitter:card\" content=\"summary_large_image\" \/>\n<meta name=\"twitter:label1\" content=\"Dur\u00e9e de lecture estim\u00e9e\" \/>\n\t<meta name=\"twitter:data1\" content=\"1 minute\" \/>\n<script type=\"application\/ld+json\" class=\"yoast-schema-graph\">{\"@context\":\"https:\/\/schema.org\",\"@graph\":[{\"@type\":\"WebPage\",\"@id\":\"https:\/\/www.woodandwise.com\/fr\/shop\/table-en-chene-220-cm\/\",\"url\":\"https:\/\/www.woodandwise.com\/fr\/shop\/table-en-chene-220-cm\/\",\"name\":\"Table en ch\u00eane massif 220 cm| Wood &amp; Wise\",\"isPartOf\":{\"@id\":\"https:\/\/www.woodandwise.com\/#website\"},\"primaryImageOfPage\":{\"@id\":\"https:\/\/www.woodandwise.com\/fr\/shop\/table-en-chene-220-cm\/#primaryimage\"},\"image\":{\"@id\":\"https:\/\/www.woodandwise.com\/fr\/shop\/table-en-chene-220-cm\/#primaryimage\"},\"thumbnailUrl\":\"https:\/\/www.woodandwise.com\/wp-content\/uploads\/2022\/07\/O-001-L-2200.jpg\",\"datePublished\":\"2022-07-25T06:59:18+00:00\",\"dateModified\":\"2023-07-20T10:48:42+00:00\",\"description\":\"D\u00e9couvrez la table durable en ch\u00eane massif qui donne chaleur et originalit\u00e9 \u00e0 vos espaces. D'une longueur de 220 cm, c'est une pi\u00e8ce unique r\u00e9alis\u00e9e par Wood & Wise.\",\"breadcrumb\":{\"@id\":\"https:\/\/www.woodandwise.com\/fr\/shop\/table-en-chene-220-cm\/#breadcrumb\"},\"inLanguage\":\"fr-FR\",\"potentialAction\":[{\"@type\":\"ReadAction\",\"target\":[\"https:\/\/www.woodandwise.com\/fr\/shop\/table-en-chene-220-cm\/\"]}]},{\"@type\":\"ImageObject\",\"inLanguage\":\"fr-FR\",\"@id\":\"https:\/\/www.woodandwise.com\/fr\/shop\/table-en-chene-220-cm\/#primaryimage\",\"url\":\"https:\/\/www.woodandwise.com\/wp-content\/uploads\/2022\/07\/O-001-L-2200.jpg\",\"contentUrl\":\"https:\/\/www.woodandwise.com\/wp-content\/uploads\/2022\/07\/O-001-L-2200.jpg\",\"width\":1412,\"height\":1056},{\"@type\":\"BreadcrumbList\",\"@id\":\"https:\/\/www.woodandwise.com\/fr\/shop\/table-en-chene-220-cm\/#breadcrumb\",\"itemListElement\":[{\"@type\":\"ListItem\",\"position\":1,\"name\":\"Homepage\",\"item\":\"https:\/\/www.woodandwise.com\/fr\/\"},{\"@type\":\"ListItem\",\"position\":2,\"name\":\"Table en ch\u00eane, 220 cm\"}]},{\"@type\":\"WebSite\",\"@id\":\"https:\/\/www.woodandwise.com\/#website\",\"url\":\"https:\/\/www.woodandwise.com\/\",\"name\":\"Wood &amp; Wise\",\"description\":\"Tavoli in legno di design\",\"publisher\":{\"@id\":\"https:\/\/www.woodandwise.com\/#organization\"},\"potentialAction\":[{\"@type\":\"SearchAction\",\"target\":{\"@type\":\"EntryPoint\",\"urlTemplate\":\"https:\/\/www.woodandwise.com\/?s={search_term_string}\"},\"query-input\":{\"@type\":\"PropertyValueSpecification\",\"valueRequired\":true,\"valueName\":\"search_term_string\"}}],\"inLanguage\":\"fr-FR\"},{\"@type\":\"Organization\",\"@id\":\"https:\/\/www.woodandwise.com\/#organization\",\"name\":\"Wood & Wise\",\"url\":\"https:\/\/www.woodandwise.com\/\",\"logo\":{\"@type\":\"ImageObject\",\"inLanguage\":\"fr-FR\",\"@id\":\"https:\/\/www.woodandwise.com\/#\/schema\/logo\/image\/\",\"url\":\"https:\/\/www.woodandwise.com\/wp-content\/uploads\/2022\/11\/logo.png\",\"contentUrl\":\"https:\/\/www.woodandwise.com\/wp-content\/uploads\/2022\/11\/logo.png\",\"width\":364,\"height\":40,\"caption\":\"Wood & Wise\"},\"image\":{\"@id\":\"https:\/\/www.woodandwise.com\/#\/schema\/logo\/image\/\"}}]}<\/script>\n<!-- \/ Yoast SEO plugin. -->","yoast_head_json":{"title":"Table en ch\u00eane massif 220 cm| Wood &amp; Wise","description":"D\u00e9couvrez la table durable en ch\u00eane massif qui donne chaleur et originalit\u00e9 \u00e0 vos espaces. D'une longueur de 220 cm, c'est une pi\u00e8ce unique r\u00e9alis\u00e9e par Wood & Wise.","robots":{"index":"index","follow":"follow","max-snippet":"max-snippet:-1","max-image-preview":"max-image-preview:large","max-video-preview":"max-video-preview:-1"},"canonical":"https:\/\/www.woodandwise.com\/fr\/shop\/table-en-chene-220-cm\/","og_locale":"fr_FR","og_type":"article","og_title":"Table en ch\u00eane massif 220 cm| Wood &amp; Wise","og_description":"D\u00e9couvrez la table durable en ch\u00eane massif qui donne chaleur et originalit\u00e9 \u00e0 vos espaces. D'une longueur de 220 cm, c'est une pi\u00e8ce unique r\u00e9alis\u00e9e par Wood & Wise.","og_url":"https:\/\/www.woodandwise.com\/fr\/shop\/table-en-chene-220-cm\/","og_site_name":"Wood &amp; Wise","article_modified_time":"2023-07-20T10:48:42+00:00","og_image":[{"width":1412,"height":1056,"url":"https:\/\/www.woodandwise.com\/wp-content\/uploads\/2022\/07\/O-001-L-2200.jpg","type":"image\/jpeg"}],"twitter_card":"summary_large_image","twitter_misc":{"Dur\u00e9e de lecture estim\u00e9e":"1 minute"},"schema":{"@context":"https:\/\/schema.org","@graph":[{"@type":"WebPage","@id":"https:\/\/www.woodandwise.com\/fr\/shop\/table-en-chene-220-cm\/","url":"https:\/\/www.woodandwise.com\/fr\/shop\/table-en-chene-220-cm\/","name":"Table en ch\u00eane massif 220 cm| Wood &amp; Wise","isPartOf":{"@id":"https:\/\/www.woodandwise.com\/#website"},"primaryImageOfPage":{"@id":"https:\/\/www.woodandwise.com\/fr\/shop\/table-en-chene-220-cm\/#primaryimage"},"image":{"@id":"https:\/\/www.woodandwise.com\/fr\/shop\/table-en-chene-220-cm\/#primaryimage"},"thumbnailUrl":"https:\/\/www.woodandwise.com\/wp-content\/uploads\/2022\/07\/O-001-L-2200.jpg","datePublished":"2022-07-25T06:59:18+00:00","dateModified":"2023-07-20T10:48:42+00:00","description":"D\u00e9couvrez la table durable en ch\u00eane massif qui donne chaleur et originalit\u00e9 \u00e0 vos espaces. D'une longueur de 220 cm, c'est une pi\u00e8ce unique r\u00e9alis\u00e9e par Wood & Wise.","breadcrumb":{"@id":"https:\/\/www.woodandwise.com\/fr\/shop\/table-en-chene-220-cm\/#breadcrumb"},"inLanguage":"fr-FR","potentialAction":[{"@type":"ReadAction","target":["https:\/\/www.woodandwise.com\/fr\/shop\/table-en-chene-220-cm\/"]}]},{"@type":"ImageObject","inLanguage":"fr-FR","@id":"https:\/\/www.woodandwise.com\/fr\/shop\/table-en-chene-220-cm\/#primaryimage","url":"https:\/\/www.woodandwise.com\/wp-content\/uploads\/2022\/07\/O-001-L-2200.jpg","contentUrl":"https:\/\/www.woodandwise.com\/wp-content\/uploads\/2022\/07\/O-001-L-2200.jpg","width":1412,"height":1056},{"@type":"BreadcrumbList","@id":"https:\/\/www.woodandwise.com\/fr\/shop\/table-en-chene-220-cm\/#breadcrumb","itemListElement":[{"@type":"ListItem","position":1,"name":"Homepage","item":"https:\/\/www.woodandwise.com\/fr\/"},{"@type":"ListItem","position":2,"name":"Table en ch\u00eane, 220 cm"}]},{"@type":"WebSite","@id":"https:\/\/www.woodandwise.com\/#website","url":"https:\/\/www.woodandwise.com\/","name":"Wood &amp; Wise","description":"Tavoli in legno di design","publisher":{"@id":"https:\/\/www.woodandwise.com\/#organization"},"potentialAction":[{"@type":"SearchAction","target":{"@type":"EntryPoint","urlTemplate":"https:\/\/www.woodandwise.com\/?s={search_term_string}"},"query-input":{"@type":"PropertyValueSpecification","valueRequired":true,"valueName":"search_term_string"}}],"inLanguage":"fr-FR"},{"@type":"Organization","@id":"https:\/\/www.woodandwise.com\/#organization","name":"Wood & Wise","url":"https:\/\/www.woodandwise.com\/","logo":{"@type":"ImageObject","inLanguage":"fr-FR","@id":"https:\/\/www.woodandwise.com\/#\/schema\/logo\/image\/","url":"https:\/\/www.woodandwise.com\/wp-content\/uploads\/2022\/11\/logo.png","contentUrl":"https:\/\/www.woodandwise.com\/wp-content\/uploads\/2022\/11\/logo.png","width":364,"height":40,"caption":"Wood & Wise"},"image":{"@id":"https:\/\/www.woodandwise.com\/#\/schema\/logo\/image\/"}}]}},"_links":{"self":[{"href":"https:\/\/www.woodandwise.com\/fr\/wp-json\/wp\/v2\/product\/3530","targetHints":{"allow":["GET"]}}],"collection":[{"href":"https:\/\/www.woodandwise.com\/fr\/wp-json\/wp\/v2\/product"}],"about":[{"href":"https:\/\/www.woodandwise.com\/fr\/wp-json\/wp\/v2\/types\/product"}],"wp:featuredmedia":[{"embeddable":true,"href":"https:\/\/www.woodandwise.com\/fr\/wp-json\/wp\/v2\/media\/4526"}],"wp:attachment":[{"href":"https:\/\/www.woodandwise.com\/fr\/wp-json\/wp\/v2\/media?parent=3530"}],"wp:term":[{"taxonomy":"product_brand","embeddable":true,"href":"https:\/\/www.woodandwise.com\/fr\/wp-json\/wp\/v2\/product_brand?post=3530"},{"taxonomy":"product_cat","embeddable":true,"href":"https:\/\/www.woodandwise.com\/fr\/wp-json\/wp\/v2\/product_cat?post=3530"},{"taxonomy":"product_tag","embeddable":true,"href":"https:\/\/www.woodandwise.com\/fr\/wp-json\/wp\/v2\/product_tag?post=3530"}],"curies":[{"name":"wp","href":"https:\/\/api.w.org\/{rel}","templated":true}]}}