{"id":3723,"date":"2023-01-27T13:56:28","date_gmt":"2023-01-27T12:56:28","guid":{"rendered":"https:\/\/www.woodandwise.com\/?post_type=product&#038;p=3723"},"modified":"2023-07-20T14:13:09","modified_gmt":"2023-07-20T12:13:09","slug":"table-en-chene-280-cm","status":"publish","type":"product","link":"https:\/\/www.woodandwise.com\/fr\/shop\/table-en-chene-280-cm\/","title":{"rendered":"Table en ch\u00eane, 280 cm"},"content":{"rendered":"<p>Notre table en <strong>bois de ch\u00eane<\/strong>, <strong>raffin\u00e9e<\/strong> et au <strong>design contemporain<\/strong>, donne \u00e0 vos pi\u00e8ces lumi\u00e8re, \u00e9l\u00e9gance et caract\u00e8re. D&rsquo;une longueur de 280 cm, elle convient aux ambiances modernes mais aux couleurs vives, ou aux ambiances moins lumineuses aux couleurs sombres, dont le noir. Choisissez votre style en le combinant avec l&rsquo;un des quatre mod\u00e8les de <strong>pieds en m\u00e9tal<\/strong> disponibles.<\/p>\n<p>&nbsp;<\/p>\n<p>&nbsp;<\/p>\n","protected":false},"excerpt":{"rendered":"<p>Table moderne en bois de ch\u00eane: un meuble unique et original parfait pour votre cuisine, vos bureaux, vos espaces de style industriel.<\/p>\n","protected":false},"featured_media":4530,"template":"","meta":[],"product_brand":[],"product_cat":[159],"product_tag":[],"class_list":{"0":"post-3723","1":"product","2":"type-product","3":"status-publish","4":"has-post-thumbnail","6":"product_cat-tables","8":"first","9":"instock","10":"taxable","11":"shipping-taxable","12":"purchasable","13":"product-type-variable"},"yoast_head":"<!-- This site is optimized with the Yoast SEO plugin v24.6 - https:\/\/yoast.com\/wordpress\/plugins\/seo\/ -->\n<title>Table en ch\u00eane massif 280 cm| Wood &amp; Wise<\/title>\n<meta name=\"description\" content=\"Choisissez chez Wood &amp; Wise une table en ch\u00eane massif de 280 cm de long. Lumi\u00e8re et personnalit\u00e9 \u00e0 vos espaces, en respectant l&#039;environnement.\" \/>\n<meta name=\"robots\" content=\"index, follow, max-snippet:-1, max-image-preview:large, max-video-preview:-1\" \/>\n<link rel=\"canonical\" href=\"https:\/\/www.woodandwise.com\/fr\/shop\/table-en-chene-280-cm\/\" \/>\n<meta property=\"og:locale\" content=\"fr_FR\" \/>\n<meta property=\"og:type\" content=\"article\" \/>\n<meta property=\"og:title\" content=\"Table en ch\u00eane massif 280 cm| Wood &amp; Wise\" \/>\n<meta property=\"og:description\" content=\"Choisissez chez Wood &amp; Wise une table en ch\u00eane massif de 280 cm de long. Lumi\u00e8re et personnalit\u00e9 \u00e0 vos espaces, en respectant l&#039;environnement.\" \/>\n<meta property=\"og:url\" content=\"https:\/\/www.woodandwise.com\/fr\/shop\/table-en-chene-280-cm\/\" \/>\n<meta property=\"og:site_name\" content=\"Wood &amp; Wise\" \/>\n<meta property=\"article:modified_time\" content=\"2023-07-20T12:13:09+00:00\" \/>\n<meta property=\"og:image\" content=\"https:\/\/www.woodandwise.com\/wp-content\/uploads\/2023\/01\/O-012-L-2800.jpg\" \/>\n\t<meta property=\"og:image:width\" content=\"1412\" \/>\n\t<meta property=\"og:image:height\" content=\"1056\" \/>\n\t<meta property=\"og:image:type\" content=\"image\/jpeg\" \/>\n<meta name=\"twitter:card\" content=\"summary_large_image\" \/>\n<meta name=\"twitter:label1\" content=\"Dur\u00e9e de lecture estim\u00e9e\" \/>\n\t<meta name=\"twitter:data1\" content=\"1 minute\" \/>\n<script type=\"application\/ld+json\" class=\"yoast-schema-graph\">{\"@context\":\"https:\/\/schema.org\",\"@graph\":[{\"@type\":\"WebPage\",\"@id\":\"https:\/\/www.woodandwise.com\/fr\/shop\/table-en-chene-280-cm\/\",\"url\":\"https:\/\/www.woodandwise.com\/fr\/shop\/table-en-chene-280-cm\/\",\"name\":\"Table en ch\u00eane massif 280 cm| Wood &amp; Wise\",\"isPartOf\":{\"@id\":\"https:\/\/www.woodandwise.com\/#website\"},\"primaryImageOfPage\":{\"@id\":\"https:\/\/www.woodandwise.com\/fr\/shop\/table-en-chene-280-cm\/#primaryimage\"},\"image\":{\"@id\":\"https:\/\/www.woodandwise.com\/fr\/shop\/table-en-chene-280-cm\/#primaryimage\"},\"thumbnailUrl\":\"https:\/\/www.woodandwise.com\/wp-content\/uploads\/2023\/01\/O-012-L-2800.jpg\",\"datePublished\":\"2023-01-27T12:56:28+00:00\",\"dateModified\":\"2023-07-20T12:13:09+00:00\",\"description\":\"Choisissez chez Wood & Wise une table en ch\u00eane massif de 280 cm de long. Lumi\u00e8re et personnalit\u00e9 \u00e0 vos espaces, en respectant l'environnement.\",\"breadcrumb\":{\"@id\":\"https:\/\/www.woodandwise.com\/fr\/shop\/table-en-chene-280-cm\/#breadcrumb\"},\"inLanguage\":\"fr-FR\",\"potentialAction\":[{\"@type\":\"ReadAction\",\"target\":[\"https:\/\/www.woodandwise.com\/fr\/shop\/table-en-chene-280-cm\/\"]}]},{\"@type\":\"ImageObject\",\"inLanguage\":\"fr-FR\",\"@id\":\"https:\/\/www.woodandwise.com\/fr\/shop\/table-en-chene-280-cm\/#primaryimage\",\"url\":\"https:\/\/www.woodandwise.com\/wp-content\/uploads\/2023\/01\/O-012-L-2800.jpg\",\"contentUrl\":\"https:\/\/www.woodandwise.com\/wp-content\/uploads\/2023\/01\/O-012-L-2800.jpg\",\"width\":1412,\"height\":1056},{\"@type\":\"BreadcrumbList\",\"@id\":\"https:\/\/www.woodandwise.com\/fr\/shop\/table-en-chene-280-cm\/#breadcrumb\",\"itemListElement\":[{\"@type\":\"ListItem\",\"position\":1,\"name\":\"Homepage\",\"item\":\"https:\/\/www.woodandwise.com\/fr\/\"},{\"@type\":\"ListItem\",\"position\":2,\"name\":\"Table en ch\u00eane, 280 cm\"}]},{\"@type\":\"WebSite\",\"@id\":\"https:\/\/www.woodandwise.com\/#website\",\"url\":\"https:\/\/www.woodandwise.com\/\",\"name\":\"Wood &amp; Wise\",\"description\":\"Tavoli in legno di design\",\"publisher\":{\"@id\":\"https:\/\/www.woodandwise.com\/#organization\"},\"potentialAction\":[{\"@type\":\"SearchAction\",\"target\":{\"@type\":\"EntryPoint\",\"urlTemplate\":\"https:\/\/www.woodandwise.com\/?s={search_term_string}\"},\"query-input\":{\"@type\":\"PropertyValueSpecification\",\"valueRequired\":true,\"valueName\":\"search_term_string\"}}],\"inLanguage\":\"fr-FR\"},{\"@type\":\"Organization\",\"@id\":\"https:\/\/www.woodandwise.com\/#organization\",\"name\":\"Wood & Wise\",\"url\":\"https:\/\/www.woodandwise.com\/\",\"logo\":{\"@type\":\"ImageObject\",\"inLanguage\":\"fr-FR\",\"@id\":\"https:\/\/www.woodandwise.com\/#\/schema\/logo\/image\/\",\"url\":\"https:\/\/www.woodandwise.com\/wp-content\/uploads\/2022\/11\/logo.png\",\"contentUrl\":\"https:\/\/www.woodandwise.com\/wp-content\/uploads\/2022\/11\/logo.png\",\"width\":364,\"height\":40,\"caption\":\"Wood & Wise\"},\"image\":{\"@id\":\"https:\/\/www.woodandwise.com\/#\/schema\/logo\/image\/\"}}]}<\/script>\n<!-- \/ Yoast SEO plugin. -->","yoast_head_json":{"title":"Table en ch\u00eane massif 280 cm| Wood &amp; Wise","description":"Choisissez chez Wood & Wise une table en ch\u00eane massif de 280 cm de long. Lumi\u00e8re et personnalit\u00e9 \u00e0 vos espaces, en respectant l'environnement.","robots":{"index":"index","follow":"follow","max-snippet":"max-snippet:-1","max-image-preview":"max-image-preview:large","max-video-preview":"max-video-preview:-1"},"canonical":"https:\/\/www.woodandwise.com\/fr\/shop\/table-en-chene-280-cm\/","og_locale":"fr_FR","og_type":"article","og_title":"Table en ch\u00eane massif 280 cm| Wood &amp; Wise","og_description":"Choisissez chez Wood & Wise une table en ch\u00eane massif de 280 cm de long. Lumi\u00e8re et personnalit\u00e9 \u00e0 vos espaces, en respectant l'environnement.","og_url":"https:\/\/www.woodandwise.com\/fr\/shop\/table-en-chene-280-cm\/","og_site_name":"Wood &amp; Wise","article_modified_time":"2023-07-20T12:13:09+00:00","og_image":[{"width":1412,"height":1056,"url":"https:\/\/www.woodandwise.com\/wp-content\/uploads\/2023\/01\/O-012-L-2800.jpg","type":"image\/jpeg"}],"twitter_card":"summary_large_image","twitter_misc":{"Dur\u00e9e de lecture estim\u00e9e":"1 minute"},"schema":{"@context":"https:\/\/schema.org","@graph":[{"@type":"WebPage","@id":"https:\/\/www.woodandwise.com\/fr\/shop\/table-en-chene-280-cm\/","url":"https:\/\/www.woodandwise.com\/fr\/shop\/table-en-chene-280-cm\/","name":"Table en ch\u00eane massif 280 cm| Wood &amp; Wise","isPartOf":{"@id":"https:\/\/www.woodandwise.com\/#website"},"primaryImageOfPage":{"@id":"https:\/\/www.woodandwise.com\/fr\/shop\/table-en-chene-280-cm\/#primaryimage"},"image":{"@id":"https:\/\/www.woodandwise.com\/fr\/shop\/table-en-chene-280-cm\/#primaryimage"},"thumbnailUrl":"https:\/\/www.woodandwise.com\/wp-content\/uploads\/2023\/01\/O-012-L-2800.jpg","datePublished":"2023-01-27T12:56:28+00:00","dateModified":"2023-07-20T12:13:09+00:00","description":"Choisissez chez Wood & Wise une table en ch\u00eane massif de 280 cm de long. Lumi\u00e8re et personnalit\u00e9 \u00e0 vos espaces, en respectant l'environnement.","breadcrumb":{"@id":"https:\/\/www.woodandwise.com\/fr\/shop\/table-en-chene-280-cm\/#breadcrumb"},"inLanguage":"fr-FR","potentialAction":[{"@type":"ReadAction","target":["https:\/\/www.woodandwise.com\/fr\/shop\/table-en-chene-280-cm\/"]}]},{"@type":"ImageObject","inLanguage":"fr-FR","@id":"https:\/\/www.woodandwise.com\/fr\/shop\/table-en-chene-280-cm\/#primaryimage","url":"https:\/\/www.woodandwise.com\/wp-content\/uploads\/2023\/01\/O-012-L-2800.jpg","contentUrl":"https:\/\/www.woodandwise.com\/wp-content\/uploads\/2023\/01\/O-012-L-2800.jpg","width":1412,"height":1056},{"@type":"BreadcrumbList","@id":"https:\/\/www.woodandwise.com\/fr\/shop\/table-en-chene-280-cm\/#breadcrumb","itemListElement":[{"@type":"ListItem","position":1,"name":"Homepage","item":"https:\/\/www.woodandwise.com\/fr\/"},{"@type":"ListItem","position":2,"name":"Table en ch\u00eane, 280 cm"}]},{"@type":"WebSite","@id":"https:\/\/www.woodandwise.com\/#website","url":"https:\/\/www.woodandwise.com\/","name":"Wood &amp; Wise","description":"Tavoli in legno di design","publisher":{"@id":"https:\/\/www.woodandwise.com\/#organization"},"potentialAction":[{"@type":"SearchAction","target":{"@type":"EntryPoint","urlTemplate":"https:\/\/www.woodandwise.com\/?s={search_term_string}"},"query-input":{"@type":"PropertyValueSpecification","valueRequired":true,"valueName":"search_term_string"}}],"inLanguage":"fr-FR"},{"@type":"Organization","@id":"https:\/\/www.woodandwise.com\/#organization","name":"Wood & Wise","url":"https:\/\/www.woodandwise.com\/","logo":{"@type":"ImageObject","inLanguage":"fr-FR","@id":"https:\/\/www.woodandwise.com\/#\/schema\/logo\/image\/","url":"https:\/\/www.woodandwise.com\/wp-content\/uploads\/2022\/11\/logo.png","contentUrl":"https:\/\/www.woodandwise.com\/wp-content\/uploads\/2022\/11\/logo.png","width":364,"height":40,"caption":"Wood & Wise"},"image":{"@id":"https:\/\/www.woodandwise.com\/#\/schema\/logo\/image\/"}}]}},"_links":{"self":[{"href":"https:\/\/www.woodandwise.com\/fr\/wp-json\/wp\/v2\/product\/3723","targetHints":{"allow":["GET"]}}],"collection":[{"href":"https:\/\/www.woodandwise.com\/fr\/wp-json\/wp\/v2\/product"}],"about":[{"href":"https:\/\/www.woodandwise.com\/fr\/wp-json\/wp\/v2\/types\/product"}],"wp:featuredmedia":[{"embeddable":true,"href":"https:\/\/www.woodandwise.com\/fr\/wp-json\/wp\/v2\/media\/4530"}],"wp:attachment":[{"href":"https:\/\/www.woodandwise.com\/fr\/wp-json\/wp\/v2\/media?parent=3723"}],"wp:term":[{"taxonomy":"product_brand","embeddable":true,"href":"https:\/\/www.woodandwise.com\/fr\/wp-json\/wp\/v2\/product_brand?post=3723"},{"taxonomy":"product_cat","embeddable":true,"href":"https:\/\/www.woodandwise.com\/fr\/wp-json\/wp\/v2\/product_cat?post=3723"},{"taxonomy":"product_tag","embeddable":true,"href":"https:\/\/www.woodandwise.com\/fr\/wp-json\/wp\/v2\/product_tag?post=3723"}],"curies":[{"name":"wp","href":"https:\/\/api.w.org\/{rel}","templated":true}]}}