{"id":4045,"date":"2023-01-27T16:25:58","date_gmt":"2023-01-27T15:25:58","guid":{"rendered":"https:\/\/www.woodandwise.com\/?post_type=product&#038;p=4045"},"modified":"2023-02-10T16:32:29","modified_gmt":"2023-02-10T15:32:29","slug":"table-bois-noyer-300","status":"publish","type":"product","link":"https:\/\/www.woodandwise.com\/fr\/shop\/table-bois-noyer-300\/","title":{"rendered":"Table en noyer, 300 cm"},"content":{"rendered":"<p>La <strong>table en noyer<\/strong> Wood &amp; Wise est \u00e0 la fois rustique, \u00e9l\u00e9gante et contemporaine. D&rsquo;une longueur de 300 cm, elle est le point de rencontre entre le design moderne et la chaleur du bois: un \u00e9quilibre harmonieux qui conquiert, parfait pour votre maison mais aussi <strong>pour les bureaux et si\u00e8ges de direction<\/strong>, <strong>les salons modernes<\/strong> et <strong>les logements<\/strong> haut de gamme.<\/p>\n","protected":false},"excerpt":{"rendered":"<p>Table rustique en noyer: la chaleur du bois rencontre le design le plus contemporain pour meubler les environnements o\u00f9 vous vivez et travaillez, tous les jours.<\/p>\n","protected":false},"featured_media":4610,"template":"","meta":[],"product_brand":[],"product_cat":[159],"product_tag":[],"class_list":{"0":"post-4045","1":"product","2":"type-product","3":"status-publish","4":"has-post-thumbnail","6":"product_cat-tables","8":"first","9":"instock","10":"taxable","11":"shipping-taxable","12":"purchasable","13":"product-type-variable"},"yoast_head":"<!-- This site is optimized with the Yoast SEO plugin v24.6 - https:\/\/yoast.com\/wordpress\/plugins\/seo\/ -->\n<title>Table en noyer massif 300 cm | Wood &amp; Wise<\/title>\n<meta name=\"description\" content=\"Choisissez la table rustique en noyer Wood &amp; Wise 300 cm pour votre maison ou votre bureau. La chaleur du bois rencontre le design dans une table originale et polyvalente.\" \/>\n<meta name=\"robots\" content=\"index, follow, max-snippet:-1, max-image-preview:large, max-video-preview:-1\" \/>\n<link rel=\"canonical\" href=\"https:\/\/www.woodandwise.com\/fr\/shop\/table-bois-noyer-300\/\" \/>\n<meta property=\"og:locale\" content=\"fr_FR\" \/>\n<meta property=\"og:type\" content=\"article\" \/>\n<meta property=\"og:title\" content=\"Table en noyer massif 300 cm | Wood &amp; Wise\" \/>\n<meta property=\"og:description\" content=\"Choisissez la table rustique en noyer Wood &amp; Wise 300 cm pour votre maison ou votre bureau. La chaleur du bois rencontre le design dans une table originale et polyvalente.\" \/>\n<meta property=\"og:url\" content=\"https:\/\/www.woodandwise.com\/fr\/shop\/table-bois-noyer-300\/\" \/>\n<meta property=\"og:site_name\" content=\"Wood &amp; Wise\" \/>\n<meta property=\"article:modified_time\" content=\"2023-02-10T15:32:29+00:00\" \/>\n<meta property=\"og:image\" content=\"https:\/\/www.woodandwise.com\/wp-content\/uploads\/2023\/01\/W-017-L-3000.jpeg\" \/>\n\t<meta property=\"og:image:width\" content=\"1412\" \/>\n\t<meta property=\"og:image:height\" content=\"1056\" \/>\n\t<meta property=\"og:image:type\" content=\"image\/jpeg\" \/>\n<meta name=\"twitter:card\" content=\"summary_large_image\" \/>\n<meta name=\"twitter:label1\" content=\"Dur\u00e9e de lecture estim\u00e9e\" \/>\n\t<meta name=\"twitter:data1\" content=\"1 minute\" \/>\n<script type=\"application\/ld+json\" class=\"yoast-schema-graph\">{\"@context\":\"https:\/\/schema.org\",\"@graph\":[{\"@type\":\"WebPage\",\"@id\":\"https:\/\/www.woodandwise.com\/fr\/shop\/table-bois-noyer-300\/\",\"url\":\"https:\/\/www.woodandwise.com\/fr\/shop\/table-bois-noyer-300\/\",\"name\":\"Table en noyer massif 300 cm | Wood &amp; Wise\",\"isPartOf\":{\"@id\":\"https:\/\/www.woodandwise.com\/#website\"},\"primaryImageOfPage\":{\"@id\":\"https:\/\/www.woodandwise.com\/fr\/shop\/table-bois-noyer-300\/#primaryimage\"},\"image\":{\"@id\":\"https:\/\/www.woodandwise.com\/fr\/shop\/table-bois-noyer-300\/#primaryimage\"},\"thumbnailUrl\":\"https:\/\/www.woodandwise.com\/wp-content\/uploads\/2023\/01\/W-017-L-3000.jpeg\",\"datePublished\":\"2023-01-27T15:25:58+00:00\",\"dateModified\":\"2023-02-10T15:32:29+00:00\",\"description\":\"Choisissez la table rustique en noyer Wood & Wise 300 cm pour votre maison ou votre bureau. La chaleur du bois rencontre le design dans une table originale et polyvalente.\",\"breadcrumb\":{\"@id\":\"https:\/\/www.woodandwise.com\/fr\/shop\/table-bois-noyer-300\/#breadcrumb\"},\"inLanguage\":\"fr-FR\",\"potentialAction\":[{\"@type\":\"ReadAction\",\"target\":[\"https:\/\/www.woodandwise.com\/fr\/shop\/table-bois-noyer-300\/\"]}]},{\"@type\":\"ImageObject\",\"inLanguage\":\"fr-FR\",\"@id\":\"https:\/\/www.woodandwise.com\/fr\/shop\/table-bois-noyer-300\/#primaryimage\",\"url\":\"https:\/\/www.woodandwise.com\/wp-content\/uploads\/2023\/01\/W-017-L-3000.jpeg\",\"contentUrl\":\"https:\/\/www.woodandwise.com\/wp-content\/uploads\/2023\/01\/W-017-L-3000.jpeg\",\"width\":1412,\"height\":1056},{\"@type\":\"BreadcrumbList\",\"@id\":\"https:\/\/www.woodandwise.com\/fr\/shop\/table-bois-noyer-300\/#breadcrumb\",\"itemListElement\":[{\"@type\":\"ListItem\",\"position\":1,\"name\":\"Homepage\",\"item\":\"https:\/\/www.woodandwise.com\/fr\/\"},{\"@type\":\"ListItem\",\"position\":2,\"name\":\"Table en noyer, 300 cm\"}]},{\"@type\":\"WebSite\",\"@id\":\"https:\/\/www.woodandwise.com\/#website\",\"url\":\"https:\/\/www.woodandwise.com\/\",\"name\":\"Wood &amp; Wise\",\"description\":\"Tavoli in legno di design\",\"publisher\":{\"@id\":\"https:\/\/www.woodandwise.com\/#organization\"},\"potentialAction\":[{\"@type\":\"SearchAction\",\"target\":{\"@type\":\"EntryPoint\",\"urlTemplate\":\"https:\/\/www.woodandwise.com\/?s={search_term_string}\"},\"query-input\":{\"@type\":\"PropertyValueSpecification\",\"valueRequired\":true,\"valueName\":\"search_term_string\"}}],\"inLanguage\":\"fr-FR\"},{\"@type\":\"Organization\",\"@id\":\"https:\/\/www.woodandwise.com\/#organization\",\"name\":\"Wood & Wise\",\"url\":\"https:\/\/www.woodandwise.com\/\",\"logo\":{\"@type\":\"ImageObject\",\"inLanguage\":\"fr-FR\",\"@id\":\"https:\/\/www.woodandwise.com\/#\/schema\/logo\/image\/\",\"url\":\"https:\/\/www.woodandwise.com\/wp-content\/uploads\/2022\/11\/logo.png\",\"contentUrl\":\"https:\/\/www.woodandwise.com\/wp-content\/uploads\/2022\/11\/logo.png\",\"width\":364,\"height\":40,\"caption\":\"Wood & Wise\"},\"image\":{\"@id\":\"https:\/\/www.woodandwise.com\/#\/schema\/logo\/image\/\"}}]}<\/script>\n<!-- \/ Yoast SEO plugin. -->","yoast_head_json":{"title":"Table en noyer massif 300 cm | Wood &amp; Wise","description":"Choisissez la table rustique en noyer Wood & Wise 300 cm pour votre maison ou votre bureau. La chaleur du bois rencontre le design dans une table originale et polyvalente.","robots":{"index":"index","follow":"follow","max-snippet":"max-snippet:-1","max-image-preview":"max-image-preview:large","max-video-preview":"max-video-preview:-1"},"canonical":"https:\/\/www.woodandwise.com\/fr\/shop\/table-bois-noyer-300\/","og_locale":"fr_FR","og_type":"article","og_title":"Table en noyer massif 300 cm | Wood &amp; Wise","og_description":"Choisissez la table rustique en noyer Wood & Wise 300 cm pour votre maison ou votre bureau. La chaleur du bois rencontre le design dans une table originale et polyvalente.","og_url":"https:\/\/www.woodandwise.com\/fr\/shop\/table-bois-noyer-300\/","og_site_name":"Wood &amp; Wise","article_modified_time":"2023-02-10T15:32:29+00:00","og_image":[{"width":1412,"height":1056,"url":"https:\/\/www.woodandwise.com\/wp-content\/uploads\/2023\/01\/W-017-L-3000.jpeg","type":"image\/jpeg"}],"twitter_card":"summary_large_image","twitter_misc":{"Dur\u00e9e de lecture estim\u00e9e":"1 minute"},"schema":{"@context":"https:\/\/schema.org","@graph":[{"@type":"WebPage","@id":"https:\/\/www.woodandwise.com\/fr\/shop\/table-bois-noyer-300\/","url":"https:\/\/www.woodandwise.com\/fr\/shop\/table-bois-noyer-300\/","name":"Table en noyer massif 300 cm | Wood &amp; Wise","isPartOf":{"@id":"https:\/\/www.woodandwise.com\/#website"},"primaryImageOfPage":{"@id":"https:\/\/www.woodandwise.com\/fr\/shop\/table-bois-noyer-300\/#primaryimage"},"image":{"@id":"https:\/\/www.woodandwise.com\/fr\/shop\/table-bois-noyer-300\/#primaryimage"},"thumbnailUrl":"https:\/\/www.woodandwise.com\/wp-content\/uploads\/2023\/01\/W-017-L-3000.jpeg","datePublished":"2023-01-27T15:25:58+00:00","dateModified":"2023-02-10T15:32:29+00:00","description":"Choisissez la table rustique en noyer Wood & Wise 300 cm pour votre maison ou votre bureau. La chaleur du bois rencontre le design dans une table originale et polyvalente.","breadcrumb":{"@id":"https:\/\/www.woodandwise.com\/fr\/shop\/table-bois-noyer-300\/#breadcrumb"},"inLanguage":"fr-FR","potentialAction":[{"@type":"ReadAction","target":["https:\/\/www.woodandwise.com\/fr\/shop\/table-bois-noyer-300\/"]}]},{"@type":"ImageObject","inLanguage":"fr-FR","@id":"https:\/\/www.woodandwise.com\/fr\/shop\/table-bois-noyer-300\/#primaryimage","url":"https:\/\/www.woodandwise.com\/wp-content\/uploads\/2023\/01\/W-017-L-3000.jpeg","contentUrl":"https:\/\/www.woodandwise.com\/wp-content\/uploads\/2023\/01\/W-017-L-3000.jpeg","width":1412,"height":1056},{"@type":"BreadcrumbList","@id":"https:\/\/www.woodandwise.com\/fr\/shop\/table-bois-noyer-300\/#breadcrumb","itemListElement":[{"@type":"ListItem","position":1,"name":"Homepage","item":"https:\/\/www.woodandwise.com\/fr\/"},{"@type":"ListItem","position":2,"name":"Table en noyer, 300 cm"}]},{"@type":"WebSite","@id":"https:\/\/www.woodandwise.com\/#website","url":"https:\/\/www.woodandwise.com\/","name":"Wood &amp; Wise","description":"Tavoli in legno di design","publisher":{"@id":"https:\/\/www.woodandwise.com\/#organization"},"potentialAction":[{"@type":"SearchAction","target":{"@type":"EntryPoint","urlTemplate":"https:\/\/www.woodandwise.com\/?s={search_term_string}"},"query-input":{"@type":"PropertyValueSpecification","valueRequired":true,"valueName":"search_term_string"}}],"inLanguage":"fr-FR"},{"@type":"Organization","@id":"https:\/\/www.woodandwise.com\/#organization","name":"Wood & Wise","url":"https:\/\/www.woodandwise.com\/","logo":{"@type":"ImageObject","inLanguage":"fr-FR","@id":"https:\/\/www.woodandwise.com\/#\/schema\/logo\/image\/","url":"https:\/\/www.woodandwise.com\/wp-content\/uploads\/2022\/11\/logo.png","contentUrl":"https:\/\/www.woodandwise.com\/wp-content\/uploads\/2022\/11\/logo.png","width":364,"height":40,"caption":"Wood & Wise"},"image":{"@id":"https:\/\/www.woodandwise.com\/#\/schema\/logo\/image\/"}}]}},"_links":{"self":[{"href":"https:\/\/www.woodandwise.com\/fr\/wp-json\/wp\/v2\/product\/4045","targetHints":{"allow":["GET"]}}],"collection":[{"href":"https:\/\/www.woodandwise.com\/fr\/wp-json\/wp\/v2\/product"}],"about":[{"href":"https:\/\/www.woodandwise.com\/fr\/wp-json\/wp\/v2\/types\/product"}],"wp:featuredmedia":[{"embeddable":true,"href":"https:\/\/www.woodandwise.com\/fr\/wp-json\/wp\/v2\/media\/4610"}],"wp:attachment":[{"href":"https:\/\/www.woodandwise.com\/fr\/wp-json\/wp\/v2\/media?parent=4045"}],"wp:term":[{"taxonomy":"product_brand","embeddable":true,"href":"https:\/\/www.woodandwise.com\/fr\/wp-json\/wp\/v2\/product_brand?post=4045"},{"taxonomy":"product_cat","embeddable":true,"href":"https:\/\/www.woodandwise.com\/fr\/wp-json\/wp\/v2\/product_cat?post=4045"},{"taxonomy":"product_tag","embeddable":true,"href":"https:\/\/www.woodandwise.com\/fr\/wp-json\/wp\/v2\/product_tag?post=4045"}],"curies":[{"name":"wp","href":"https:\/\/api.w.org\/{rel}","templated":true}]}}