{"id":4435,"date":"2023-01-27T16:22:06","date_gmt":"2023-01-27T15:22:06","guid":{"rendered":"https:\/\/www.woodandwise.com\/shop\/tavolo-in-frassino-220-cm-2\/"},"modified":"2023-02-23T17:27:53","modified_gmt":"2023-02-23T16:27:53","slug":"table-en-frene-220-cm-2","status":"publish","type":"product","link":"https:\/\/www.woodandwise.com\/fr\/shop\/table-en-frene-220-cm-2\/","title":{"rendered":"Table en fr\u00eane, 220 cm"},"content":{"rendered":"<p>Notre table en fr\u00eane de 220 cm de long apporte toute <strong>l&rsquo;\u00e9l\u00e9gance et le charme du bois<\/strong> \u00e0 n&rsquo;importe quel d\u00e9cor. Adaptable et polyvalent, ce meuble est fabriqu\u00e9 avec du bois r\u00e9cup\u00e9r\u00e9 de proc\u00e9d\u00e9s ant\u00e9rieurs. Choisissez la base en m\u00e9tal qui correspond le mieux \u00e0 votre style parmi les quatre versions du catalogue.<\/p>\n<p>&nbsp;<\/p>\n","protected":false},"excerpt":{"rendered":"<p>La table en fr\u00eane en bois durable donne une touche de chaleur \u00e9l\u00e9gante \u00e0 vos pi\u00e8ces, gr\u00e2ce \u00e0 la charmante couleur claire tendant vers le rose du bois.<\/p>\n","protected":false},"featured_media":4584,"template":"","meta":[],"product_brand":[],"product_cat":[159],"product_tag":[],"class_list":{"0":"post-4435","1":"product","2":"type-product","3":"status-publish","4":"has-post-thumbnail","6":"product_cat-tables","8":"first","9":"instock","10":"taxable","11":"shipping-taxable","12":"purchasable","13":"product-type-variable"},"yoast_head":"<!-- This site is optimized with the Yoast SEO plugin v24.6 - https:\/\/yoast.com\/wordpress\/plugins\/seo\/ -->\n<title>Table en fr\u00eane massif, 220 cm | Wood &amp; Wise<\/title>\n<meta name=\"description\" content=\"Choisissez la table en bois de fr\u00eane durable Wood &amp; Wise adapt\u00e9e \u00e0 tout environnement. D&#039;une longueur de 220 cm, c&#039;est une pi\u00e8ce unique : d\u00e9couvrez-la sur notre site !\" \/>\n<meta name=\"robots\" content=\"index, follow, max-snippet:-1, max-image-preview:large, max-video-preview:-1\" \/>\n<link rel=\"canonical\" href=\"https:\/\/www.woodandwise.com\/fr\/shop\/table-en-frene-220-cm-2\/\" \/>\n<meta property=\"og:locale\" content=\"fr_FR\" \/>\n<meta property=\"og:type\" content=\"article\" \/>\n<meta property=\"og:title\" content=\"Table en fr\u00eane massif, 220 cm | Wood &amp; Wise\" \/>\n<meta property=\"og:description\" content=\"Choisissez la table en bois de fr\u00eane durable Wood &amp; Wise adapt\u00e9e \u00e0 tout environnement. D&#039;une longueur de 220 cm, c&#039;est une pi\u00e8ce unique : d\u00e9couvrez-la sur notre site !\" \/>\n<meta property=\"og:url\" content=\"https:\/\/www.woodandwise.com\/fr\/shop\/table-en-frene-220-cm-2\/\" \/>\n<meta property=\"og:site_name\" content=\"Wood &amp; Wise\" \/>\n<meta property=\"article:modified_time\" content=\"2023-02-23T16:27:53+00:00\" \/>\n<meta property=\"og:image\" content=\"https:\/\/www.woodandwise.com\/wp-content\/uploads\/2023\/01\/A-020-L-2200.jpeg\" \/>\n\t<meta property=\"og:image:width\" content=\"1412\" \/>\n\t<meta property=\"og:image:height\" content=\"1056\" \/>\n\t<meta property=\"og:image:type\" content=\"image\/jpeg\" \/>\n<meta name=\"twitter:card\" content=\"summary_large_image\" \/>\n<meta name=\"twitter:label1\" content=\"Dur\u00e9e de lecture estim\u00e9e\" \/>\n\t<meta name=\"twitter:data1\" content=\"1 minute\" \/>\n<script type=\"application\/ld+json\" class=\"yoast-schema-graph\">{\"@context\":\"https:\/\/schema.org\",\"@graph\":[{\"@type\":\"WebPage\",\"@id\":\"https:\/\/www.woodandwise.com\/fr\/shop\/table-en-frene-220-cm-2\/\",\"url\":\"https:\/\/www.woodandwise.com\/fr\/shop\/table-en-frene-220-cm-2\/\",\"name\":\"Table en fr\u00eane massif, 220 cm | Wood &amp; Wise\",\"isPartOf\":{\"@id\":\"https:\/\/www.woodandwise.com\/#website\"},\"primaryImageOfPage\":{\"@id\":\"https:\/\/www.woodandwise.com\/fr\/shop\/table-en-frene-220-cm-2\/#primaryimage\"},\"image\":{\"@id\":\"https:\/\/www.woodandwise.com\/fr\/shop\/table-en-frene-220-cm-2\/#primaryimage\"},\"thumbnailUrl\":\"https:\/\/www.woodandwise.com\/wp-content\/uploads\/2023\/01\/A-020-L-2200.jpeg\",\"datePublished\":\"2023-01-27T15:22:06+00:00\",\"dateModified\":\"2023-02-23T16:27:53+00:00\",\"description\":\"Choisissez la table en bois de fr\u00eane durable Wood & Wise adapt\u00e9e \u00e0 tout environnement. D'une longueur de 220 cm, c'est une pi\u00e8ce unique : d\u00e9couvrez-la sur notre site !\",\"breadcrumb\":{\"@id\":\"https:\/\/www.woodandwise.com\/fr\/shop\/table-en-frene-220-cm-2\/#breadcrumb\"},\"inLanguage\":\"fr-FR\",\"potentialAction\":[{\"@type\":\"ReadAction\",\"target\":[\"https:\/\/www.woodandwise.com\/fr\/shop\/table-en-frene-220-cm-2\/\"]}]},{\"@type\":\"ImageObject\",\"inLanguage\":\"fr-FR\",\"@id\":\"https:\/\/www.woodandwise.com\/fr\/shop\/table-en-frene-220-cm-2\/#primaryimage\",\"url\":\"https:\/\/www.woodandwise.com\/wp-content\/uploads\/2023\/01\/A-020-L-2200.jpeg\",\"contentUrl\":\"https:\/\/www.woodandwise.com\/wp-content\/uploads\/2023\/01\/A-020-L-2200.jpeg\",\"width\":1412,\"height\":1056},{\"@type\":\"BreadcrumbList\",\"@id\":\"https:\/\/www.woodandwise.com\/fr\/shop\/table-en-frene-220-cm-2\/#breadcrumb\",\"itemListElement\":[{\"@type\":\"ListItem\",\"position\":1,\"name\":\"Homepage\",\"item\":\"https:\/\/www.woodandwise.com\/fr\/\"},{\"@type\":\"ListItem\",\"position\":2,\"name\":\"Table en fr\u00eane, 220 cm\"}]},{\"@type\":\"WebSite\",\"@id\":\"https:\/\/www.woodandwise.com\/#website\",\"url\":\"https:\/\/www.woodandwise.com\/\",\"name\":\"Wood &amp; Wise\",\"description\":\"Tavoli in legno di design\",\"publisher\":{\"@id\":\"https:\/\/www.woodandwise.com\/#organization\"},\"potentialAction\":[{\"@type\":\"SearchAction\",\"target\":{\"@type\":\"EntryPoint\",\"urlTemplate\":\"https:\/\/www.woodandwise.com\/?s={search_term_string}\"},\"query-input\":{\"@type\":\"PropertyValueSpecification\",\"valueRequired\":true,\"valueName\":\"search_term_string\"}}],\"inLanguage\":\"fr-FR\"},{\"@type\":\"Organization\",\"@id\":\"https:\/\/www.woodandwise.com\/#organization\",\"name\":\"Wood & Wise\",\"url\":\"https:\/\/www.woodandwise.com\/\",\"logo\":{\"@type\":\"ImageObject\",\"inLanguage\":\"fr-FR\",\"@id\":\"https:\/\/www.woodandwise.com\/#\/schema\/logo\/image\/\",\"url\":\"https:\/\/www.woodandwise.com\/wp-content\/uploads\/2022\/11\/logo.png\",\"contentUrl\":\"https:\/\/www.woodandwise.com\/wp-content\/uploads\/2022\/11\/logo.png\",\"width\":364,\"height\":40,\"caption\":\"Wood & Wise\"},\"image\":{\"@id\":\"https:\/\/www.woodandwise.com\/#\/schema\/logo\/image\/\"}}]}<\/script>\n<!-- \/ Yoast SEO plugin. -->","yoast_head_json":{"title":"Table en fr\u00eane massif, 220 cm | Wood &amp; Wise","description":"Choisissez la table en bois de fr\u00eane durable Wood & Wise adapt\u00e9e \u00e0 tout environnement. D'une longueur de 220 cm, c'est une pi\u00e8ce unique : d\u00e9couvrez-la sur notre site !","robots":{"index":"index","follow":"follow","max-snippet":"max-snippet:-1","max-image-preview":"max-image-preview:large","max-video-preview":"max-video-preview:-1"},"canonical":"https:\/\/www.woodandwise.com\/fr\/shop\/table-en-frene-220-cm-2\/","og_locale":"fr_FR","og_type":"article","og_title":"Table en fr\u00eane massif, 220 cm | Wood &amp; Wise","og_description":"Choisissez la table en bois de fr\u00eane durable Wood & Wise adapt\u00e9e \u00e0 tout environnement. D'une longueur de 220 cm, c'est une pi\u00e8ce unique : d\u00e9couvrez-la sur notre site !","og_url":"https:\/\/www.woodandwise.com\/fr\/shop\/table-en-frene-220-cm-2\/","og_site_name":"Wood &amp; Wise","article_modified_time":"2023-02-23T16:27:53+00:00","og_image":[{"width":1412,"height":1056,"url":"https:\/\/www.woodandwise.com\/wp-content\/uploads\/2023\/01\/A-020-L-2200.jpeg","type":"image\/jpeg"}],"twitter_card":"summary_large_image","twitter_misc":{"Dur\u00e9e de lecture estim\u00e9e":"1 minute"},"schema":{"@context":"https:\/\/schema.org","@graph":[{"@type":"WebPage","@id":"https:\/\/www.woodandwise.com\/fr\/shop\/table-en-frene-220-cm-2\/","url":"https:\/\/www.woodandwise.com\/fr\/shop\/table-en-frene-220-cm-2\/","name":"Table en fr\u00eane massif, 220 cm | Wood &amp; Wise","isPartOf":{"@id":"https:\/\/www.woodandwise.com\/#website"},"primaryImageOfPage":{"@id":"https:\/\/www.woodandwise.com\/fr\/shop\/table-en-frene-220-cm-2\/#primaryimage"},"image":{"@id":"https:\/\/www.woodandwise.com\/fr\/shop\/table-en-frene-220-cm-2\/#primaryimage"},"thumbnailUrl":"https:\/\/www.woodandwise.com\/wp-content\/uploads\/2023\/01\/A-020-L-2200.jpeg","datePublished":"2023-01-27T15:22:06+00:00","dateModified":"2023-02-23T16:27:53+00:00","description":"Choisissez la table en bois de fr\u00eane durable Wood & Wise adapt\u00e9e \u00e0 tout environnement. D'une longueur de 220 cm, c'est une pi\u00e8ce unique : d\u00e9couvrez-la sur notre site !","breadcrumb":{"@id":"https:\/\/www.woodandwise.com\/fr\/shop\/table-en-frene-220-cm-2\/#breadcrumb"},"inLanguage":"fr-FR","potentialAction":[{"@type":"ReadAction","target":["https:\/\/www.woodandwise.com\/fr\/shop\/table-en-frene-220-cm-2\/"]}]},{"@type":"ImageObject","inLanguage":"fr-FR","@id":"https:\/\/www.woodandwise.com\/fr\/shop\/table-en-frene-220-cm-2\/#primaryimage","url":"https:\/\/www.woodandwise.com\/wp-content\/uploads\/2023\/01\/A-020-L-2200.jpeg","contentUrl":"https:\/\/www.woodandwise.com\/wp-content\/uploads\/2023\/01\/A-020-L-2200.jpeg","width":1412,"height":1056},{"@type":"BreadcrumbList","@id":"https:\/\/www.woodandwise.com\/fr\/shop\/table-en-frene-220-cm-2\/#breadcrumb","itemListElement":[{"@type":"ListItem","position":1,"name":"Homepage","item":"https:\/\/www.woodandwise.com\/fr\/"},{"@type":"ListItem","position":2,"name":"Table en fr\u00eane, 220 cm"}]},{"@type":"WebSite","@id":"https:\/\/www.woodandwise.com\/#website","url":"https:\/\/www.woodandwise.com\/","name":"Wood &amp; Wise","description":"Tavoli in legno di design","publisher":{"@id":"https:\/\/www.woodandwise.com\/#organization"},"potentialAction":[{"@type":"SearchAction","target":{"@type":"EntryPoint","urlTemplate":"https:\/\/www.woodandwise.com\/?s={search_term_string}"},"query-input":{"@type":"PropertyValueSpecification","valueRequired":true,"valueName":"search_term_string"}}],"inLanguage":"fr-FR"},{"@type":"Organization","@id":"https:\/\/www.woodandwise.com\/#organization","name":"Wood & Wise","url":"https:\/\/www.woodandwise.com\/","logo":{"@type":"ImageObject","inLanguage":"fr-FR","@id":"https:\/\/www.woodandwise.com\/#\/schema\/logo\/image\/","url":"https:\/\/www.woodandwise.com\/wp-content\/uploads\/2022\/11\/logo.png","contentUrl":"https:\/\/www.woodandwise.com\/wp-content\/uploads\/2022\/11\/logo.png","width":364,"height":40,"caption":"Wood & Wise"},"image":{"@id":"https:\/\/www.woodandwise.com\/#\/schema\/logo\/image\/"}}]}},"_links":{"self":[{"href":"https:\/\/www.woodandwise.com\/fr\/wp-json\/wp\/v2\/product\/4435","targetHints":{"allow":["GET"]}}],"collection":[{"href":"https:\/\/www.woodandwise.com\/fr\/wp-json\/wp\/v2\/product"}],"about":[{"href":"https:\/\/www.woodandwise.com\/fr\/wp-json\/wp\/v2\/types\/product"}],"wp:featuredmedia":[{"embeddable":true,"href":"https:\/\/www.woodandwise.com\/fr\/wp-json\/wp\/v2\/media\/4584"}],"wp:attachment":[{"href":"https:\/\/www.woodandwise.com\/fr\/wp-json\/wp\/v2\/media?parent=4435"}],"wp:term":[{"taxonomy":"product_brand","embeddable":true,"href":"https:\/\/www.woodandwise.com\/fr\/wp-json\/wp\/v2\/product_brand?post=4435"},{"taxonomy":"product_cat","embeddable":true,"href":"https:\/\/www.woodandwise.com\/fr\/wp-json\/wp\/v2\/product_cat?post=4435"},{"taxonomy":"product_tag","embeddable":true,"href":"https:\/\/www.woodandwise.com\/fr\/wp-json\/wp\/v2\/product_tag?post=4435"}],"curies":[{"name":"wp","href":"https:\/\/api.w.org\/{rel}","templated":true}]}}