{"id":4490,"date":"2022-11-16T10:38:14","date_gmt":"2022-11-16T09:38:14","guid":{"rendered":"https:\/\/www.woodandwise.com\/shop\/tavolo-in-frassino-280-cm\/"},"modified":"2023-03-23T16:52:02","modified_gmt":"2023-03-23T15:52:02","slug":"table-bois-frene-280-cm","status":"publish","type":"product","link":"https:\/\/www.woodandwise.com\/fr\/shop\/table-bois-frene-280-cm\/","title":{"rendered":"Table en fr\u00eane, 280 cm"},"content":{"rendered":"<p>La <strong>table en bois de fr\u00eane<\/strong> 280 cm Wood &amp; Wise donne le charme raffin\u00e9 du bois \u00e0 n&rsquo;importe quel environnement.Pour votre cuisine, votre salon, votre salon, mais aussi pour des environnements plus cr\u00e9atifs, tels que des bureaux en open space ou des espaces culturels ouverts au public. Choisissez la versatilit\u00e9 \u00e9l\u00e9gante d&rsquo;une seule table. Associez-la au <strong>pi\u00e8tement en m\u00e9tal de votre choix<\/strong> parmi les quatre mod\u00e8les disponibles.<\/p>\n","protected":false},"excerpt":{"rendered":"<p>Table moderne en bois de fr\u00eane: la chaleur d&rsquo;une essence qui s&rsquo;adapte \u00e0 tous les styles, gr\u00e2ce \u00e0 la couleur neutre aux nuances ros\u00e9es de la planche de fr\u00eane.<\/p>\n","protected":false},"featured_media":4555,"template":"","meta":[],"product_brand":[],"product_cat":[159],"product_tag":[],"class_list":{"0":"post-4490","1":"product","2":"type-product","3":"status-publish","4":"has-post-thumbnail","6":"product_cat-tables","8":"first","9":"instock","10":"taxable","11":"shipping-taxable","12":"purchasable","13":"product-type-variable"},"yoast_head":"<!-- This site is optimized with the Yoast SEO plugin v24.6 - https:\/\/yoast.com\/wordpress\/plugins\/seo\/ -->\n<title>Table en fr\u00eane massif 280 cm | Wood &amp; Wise<\/title>\n<meta name=\"description\" content=\"Achetez chez Wood &amp; Wise table en fr\u00eane en bois massif de 280 cm de long. Polyvalence et \u00e9l\u00e9gance dans un meuble exclusif.\" \/>\n<meta name=\"robots\" content=\"index, follow, max-snippet:-1, max-image-preview:large, max-video-preview:-1\" \/>\n<link rel=\"canonical\" href=\"https:\/\/www.woodandwise.com\/fr\/shop\/table-bois-frene-280-cm\/\" \/>\n<meta property=\"og:locale\" content=\"fr_FR\" \/>\n<meta property=\"og:type\" content=\"article\" \/>\n<meta property=\"og:title\" content=\"Table en fr\u00eane massif 280 cm | Wood &amp; Wise\" \/>\n<meta property=\"og:description\" content=\"Achetez chez Wood &amp; Wise table en fr\u00eane en bois massif de 280 cm de long. Polyvalence et \u00e9l\u00e9gance dans un meuble exclusif.\" \/>\n<meta property=\"og:url\" content=\"https:\/\/www.woodandwise.com\/fr\/shop\/table-bois-frene-280-cm\/\" \/>\n<meta property=\"og:site_name\" content=\"Wood &amp; Wise\" \/>\n<meta property=\"article:modified_time\" content=\"2023-03-23T15:52:02+00:00\" \/>\n<meta property=\"og:image\" content=\"https:\/\/www.woodandwise.com\/wp-content\/uploads\/2022\/11\/A-005-L-2800.jpg\" \/>\n\t<meta property=\"og:image:width\" content=\"1412\" \/>\n\t<meta property=\"og:image:height\" content=\"1056\" \/>\n\t<meta property=\"og:image:type\" content=\"image\/jpeg\" \/>\n<meta name=\"twitter:card\" content=\"summary_large_image\" \/>\n<meta name=\"twitter:label1\" content=\"Dur\u00e9e de lecture estim\u00e9e\" \/>\n\t<meta name=\"twitter:data1\" content=\"1 minute\" \/>\n<script type=\"application\/ld+json\" class=\"yoast-schema-graph\">{\"@context\":\"https:\/\/schema.org\",\"@graph\":[{\"@type\":\"WebPage\",\"@id\":\"https:\/\/www.woodandwise.com\/fr\/shop\/table-bois-frene-280-cm\/\",\"url\":\"https:\/\/www.woodandwise.com\/fr\/shop\/table-bois-frene-280-cm\/\",\"name\":\"Table en fr\u00eane massif 280 cm | Wood &amp; Wise\",\"isPartOf\":{\"@id\":\"https:\/\/www.woodandwise.com\/#website\"},\"primaryImageOfPage\":{\"@id\":\"https:\/\/www.woodandwise.com\/fr\/shop\/table-bois-frene-280-cm\/#primaryimage\"},\"image\":{\"@id\":\"https:\/\/www.woodandwise.com\/fr\/shop\/table-bois-frene-280-cm\/#primaryimage\"},\"thumbnailUrl\":\"https:\/\/www.woodandwise.com\/wp-content\/uploads\/2022\/11\/A-005-L-2800.jpg\",\"datePublished\":\"2022-11-16T09:38:14+00:00\",\"dateModified\":\"2023-03-23T15:52:02+00:00\",\"description\":\"Achetez chez Wood & Wise table en fr\u00eane en bois massif de 280 cm de long. Polyvalence et \u00e9l\u00e9gance dans un meuble exclusif.\",\"breadcrumb\":{\"@id\":\"https:\/\/www.woodandwise.com\/fr\/shop\/table-bois-frene-280-cm\/#breadcrumb\"},\"inLanguage\":\"fr-FR\",\"potentialAction\":[{\"@type\":\"ReadAction\",\"target\":[\"https:\/\/www.woodandwise.com\/fr\/shop\/table-bois-frene-280-cm\/\"]}]},{\"@type\":\"ImageObject\",\"inLanguage\":\"fr-FR\",\"@id\":\"https:\/\/www.woodandwise.com\/fr\/shop\/table-bois-frene-280-cm\/#primaryimage\",\"url\":\"https:\/\/www.woodandwise.com\/wp-content\/uploads\/2022\/11\/A-005-L-2800.jpg\",\"contentUrl\":\"https:\/\/www.woodandwise.com\/wp-content\/uploads\/2022\/11\/A-005-L-2800.jpg\",\"width\":1412,\"height\":1056},{\"@type\":\"BreadcrumbList\",\"@id\":\"https:\/\/www.woodandwise.com\/fr\/shop\/table-bois-frene-280-cm\/#breadcrumb\",\"itemListElement\":[{\"@type\":\"ListItem\",\"position\":1,\"name\":\"Homepage\",\"item\":\"https:\/\/www.woodandwise.com\/fr\/\"},{\"@type\":\"ListItem\",\"position\":2,\"name\":\"Table en fr\u00eane, 280 cm\"}]},{\"@type\":\"WebSite\",\"@id\":\"https:\/\/www.woodandwise.com\/#website\",\"url\":\"https:\/\/www.woodandwise.com\/\",\"name\":\"Wood &amp; Wise\",\"description\":\"Tavoli in legno di design\",\"publisher\":{\"@id\":\"https:\/\/www.woodandwise.com\/#organization\"},\"potentialAction\":[{\"@type\":\"SearchAction\",\"target\":{\"@type\":\"EntryPoint\",\"urlTemplate\":\"https:\/\/www.woodandwise.com\/?s={search_term_string}\"},\"query-input\":{\"@type\":\"PropertyValueSpecification\",\"valueRequired\":true,\"valueName\":\"search_term_string\"}}],\"inLanguage\":\"fr-FR\"},{\"@type\":\"Organization\",\"@id\":\"https:\/\/www.woodandwise.com\/#organization\",\"name\":\"Wood & Wise\",\"url\":\"https:\/\/www.woodandwise.com\/\",\"logo\":{\"@type\":\"ImageObject\",\"inLanguage\":\"fr-FR\",\"@id\":\"https:\/\/www.woodandwise.com\/#\/schema\/logo\/image\/\",\"url\":\"https:\/\/www.woodandwise.com\/wp-content\/uploads\/2022\/11\/logo.png\",\"contentUrl\":\"https:\/\/www.woodandwise.com\/wp-content\/uploads\/2022\/11\/logo.png\",\"width\":364,\"height\":40,\"caption\":\"Wood & Wise\"},\"image\":{\"@id\":\"https:\/\/www.woodandwise.com\/#\/schema\/logo\/image\/\"}}]}<\/script>\n<!-- \/ Yoast SEO plugin. -->","yoast_head_json":{"title":"Table en fr\u00eane massif 280 cm | Wood &amp; Wise","description":"Achetez chez Wood & Wise table en fr\u00eane en bois massif de 280 cm de long. Polyvalence et \u00e9l\u00e9gance dans un meuble exclusif.","robots":{"index":"index","follow":"follow","max-snippet":"max-snippet:-1","max-image-preview":"max-image-preview:large","max-video-preview":"max-video-preview:-1"},"canonical":"https:\/\/www.woodandwise.com\/fr\/shop\/table-bois-frene-280-cm\/","og_locale":"fr_FR","og_type":"article","og_title":"Table en fr\u00eane massif 280 cm | Wood &amp; Wise","og_description":"Achetez chez Wood & Wise table en fr\u00eane en bois massif de 280 cm de long. Polyvalence et \u00e9l\u00e9gance dans un meuble exclusif.","og_url":"https:\/\/www.woodandwise.com\/fr\/shop\/table-bois-frene-280-cm\/","og_site_name":"Wood &amp; Wise","article_modified_time":"2023-03-23T15:52:02+00:00","og_image":[{"width":1412,"height":1056,"url":"https:\/\/www.woodandwise.com\/wp-content\/uploads\/2022\/11\/A-005-L-2800.jpg","type":"image\/jpeg"}],"twitter_card":"summary_large_image","twitter_misc":{"Dur\u00e9e de lecture estim\u00e9e":"1 minute"},"schema":{"@context":"https:\/\/schema.org","@graph":[{"@type":"WebPage","@id":"https:\/\/www.woodandwise.com\/fr\/shop\/table-bois-frene-280-cm\/","url":"https:\/\/www.woodandwise.com\/fr\/shop\/table-bois-frene-280-cm\/","name":"Table en fr\u00eane massif 280 cm | Wood &amp; Wise","isPartOf":{"@id":"https:\/\/www.woodandwise.com\/#website"},"primaryImageOfPage":{"@id":"https:\/\/www.woodandwise.com\/fr\/shop\/table-bois-frene-280-cm\/#primaryimage"},"image":{"@id":"https:\/\/www.woodandwise.com\/fr\/shop\/table-bois-frene-280-cm\/#primaryimage"},"thumbnailUrl":"https:\/\/www.woodandwise.com\/wp-content\/uploads\/2022\/11\/A-005-L-2800.jpg","datePublished":"2022-11-16T09:38:14+00:00","dateModified":"2023-03-23T15:52:02+00:00","description":"Achetez chez Wood & Wise table en fr\u00eane en bois massif de 280 cm de long. Polyvalence et \u00e9l\u00e9gance dans un meuble exclusif.","breadcrumb":{"@id":"https:\/\/www.woodandwise.com\/fr\/shop\/table-bois-frene-280-cm\/#breadcrumb"},"inLanguage":"fr-FR","potentialAction":[{"@type":"ReadAction","target":["https:\/\/www.woodandwise.com\/fr\/shop\/table-bois-frene-280-cm\/"]}]},{"@type":"ImageObject","inLanguage":"fr-FR","@id":"https:\/\/www.woodandwise.com\/fr\/shop\/table-bois-frene-280-cm\/#primaryimage","url":"https:\/\/www.woodandwise.com\/wp-content\/uploads\/2022\/11\/A-005-L-2800.jpg","contentUrl":"https:\/\/www.woodandwise.com\/wp-content\/uploads\/2022\/11\/A-005-L-2800.jpg","width":1412,"height":1056},{"@type":"BreadcrumbList","@id":"https:\/\/www.woodandwise.com\/fr\/shop\/table-bois-frene-280-cm\/#breadcrumb","itemListElement":[{"@type":"ListItem","position":1,"name":"Homepage","item":"https:\/\/www.woodandwise.com\/fr\/"},{"@type":"ListItem","position":2,"name":"Table en fr\u00eane, 280 cm"}]},{"@type":"WebSite","@id":"https:\/\/www.woodandwise.com\/#website","url":"https:\/\/www.woodandwise.com\/","name":"Wood &amp; Wise","description":"Tavoli in legno di design","publisher":{"@id":"https:\/\/www.woodandwise.com\/#organization"},"potentialAction":[{"@type":"SearchAction","target":{"@type":"EntryPoint","urlTemplate":"https:\/\/www.woodandwise.com\/?s={search_term_string}"},"query-input":{"@type":"PropertyValueSpecification","valueRequired":true,"valueName":"search_term_string"}}],"inLanguage":"fr-FR"},{"@type":"Organization","@id":"https:\/\/www.woodandwise.com\/#organization","name":"Wood & Wise","url":"https:\/\/www.woodandwise.com\/","logo":{"@type":"ImageObject","inLanguage":"fr-FR","@id":"https:\/\/www.woodandwise.com\/#\/schema\/logo\/image\/","url":"https:\/\/www.woodandwise.com\/wp-content\/uploads\/2022\/11\/logo.png","contentUrl":"https:\/\/www.woodandwise.com\/wp-content\/uploads\/2022\/11\/logo.png","width":364,"height":40,"caption":"Wood & Wise"},"image":{"@id":"https:\/\/www.woodandwise.com\/#\/schema\/logo\/image\/"}}]}},"_links":{"self":[{"href":"https:\/\/www.woodandwise.com\/fr\/wp-json\/wp\/v2\/product\/4490","targetHints":{"allow":["GET"]}}],"collection":[{"href":"https:\/\/www.woodandwise.com\/fr\/wp-json\/wp\/v2\/product"}],"about":[{"href":"https:\/\/www.woodandwise.com\/fr\/wp-json\/wp\/v2\/types\/product"}],"wp:featuredmedia":[{"embeddable":true,"href":"https:\/\/www.woodandwise.com\/fr\/wp-json\/wp\/v2\/media\/4555"}],"wp:attachment":[{"href":"https:\/\/www.woodandwise.com\/fr\/wp-json\/wp\/v2\/media?parent=4490"}],"wp:term":[{"taxonomy":"product_brand","embeddable":true,"href":"https:\/\/www.woodandwise.com\/fr\/wp-json\/wp\/v2\/product_brand?post=4490"},{"taxonomy":"product_cat","embeddable":true,"href":"https:\/\/www.woodandwise.com\/fr\/wp-json\/wp\/v2\/product_cat?post=4490"},{"taxonomy":"product_tag","embeddable":true,"href":"https:\/\/www.woodandwise.com\/fr\/wp-json\/wp\/v2\/product_tag?post=4490"}],"curies":[{"name":"wp","href":"https:\/\/api.w.org\/{rel}","templated":true}]}}